{"id":15134,"date":"2021-07-30T11:59:33","date_gmt":"2021-07-30T11:59:33","guid":{"rendered":"https:\/\/www.schaaf-gmbh.com\/?page_id=15134"},"modified":"2023-04-11T10:47:32","modified_gmt":"2023-04-11T10:47:32","slug":"hochbau-und-tiefbau","status":"publish","type":"page","link":"https:\/\/www.schaaf-gmbh.com\/de\/branchenloesung\/hochbau-und-tiefbau\/","title":{"rendered":"Branchenl\u00f6sung Hoch- und Tiefbau"},"content":{"rendered":"\t\t<div data-elementor-type=\"wp-page\" data-elementor-id=\"15134\" class=\"elementor elementor-15134\" data-elementor-post-type=\"page\">\n\t\t\t\t\t\t<section class=\"elementor-section elementor-top-section elementor-element elementor-element-d89ba8b elementor-section-boxed elementor-section-height-default elementor-section-height-default\" data-id=\"d89ba8b\" data-element_type=\"section\" data-e-type=\"section\">\r\n\t\t\r\n\t\t\t\t\t\t\t<div class=\"elementor-container elementor-column-gap-default\">\r\n\t\t\t\t\t\t\t\t\t\t\t<div class=\"elementor-column elementor-col-100 elementor-top-column elementor-element elementor-element-8b91d24\" data-id=\"8b91d24\" data-element_type=\"column\" data-e-type=\"column\">\r\n\t\t\t\t\t<div class=\"elementor-widget-wrap elementor-element-populated\">\r\n\t\t\t\t\t\t\t\t<div class=\"elementor-element elementor-element-cda53f3 elementor-widget elementor-widget-heading\" data-id=\"cda53f3\" data-element_type=\"widget\" data-e-type=\"widget\" data-widget_type=\"heading.default\">\n\t\t\t\t<div class=\"elementor-widget-container\">\n\t\t\t\t\t<h1 class=\"elementor-heading-title elementor-size-default\">Verbindungstechnologien f\u00fcr den Hoch- und Tiefbau<\/h1>\t\t\t\t<\/div>\n\t\t\t\t<\/div>\n\t\t\t\t\t<\/div>\r\n\t\t\t\t<\/div>\r\n\t\t\t\t\t<\/div>\r\n\t\t\t\t<\/section>\r\n\t\t\t\t<section class=\"elementor-section elementor-top-section elementor-element elementor-element-cd33957 elementor-section-boxed elementor-section-height-default elementor-section-height-default\" data-id=\"cd33957\" data-element_type=\"section\" data-e-type=\"section\">\r\n\t\t\r\n\t\t\t\t\t\t\t<div class=\"elementor-container elementor-column-gap-default\">\r\n\t\t\t\t\t\t\t\t\t\t\t<div class=\"elementor-column elementor-col-100 elementor-top-column elementor-element elementor-element-f2376ca\" data-id=\"f2376ca\" data-element_type=\"column\" data-e-type=\"column\">\r\n\t\t\t\t\t<div class=\"elementor-widget-wrap elementor-element-populated\">\r\n\t\t\t\t\t\t\t\t\t<\/div>\r\n\t\t\t\t<\/div>\r\n\t\t\t\t\t<\/div>\r\n\t\t\t\t<\/section>\r\n\t\t\t\t<section class=\"elementor-section elementor-top-section elementor-element elementor-element-31be48b elementor-section-full_width elementor-section-stretched elementor-section-height-default elementor-section-height-default\" data-id=\"31be48b\" data-element_type=\"section\" data-e-type=\"section\" data-settings=\"{&quot;stretch_section&quot;:&quot;section-stretched&quot;}\">\r\n\t\t\r\n\t\t\t\t\t\t\t<div class=\"elementor-container elementor-column-gap-default\">\r\n\t\t\t\t\t\t\t\t\t\t\t<div class=\"elementor-column elementor-col-100 elementor-top-column elementor-element elementor-element-403ca0b\" data-id=\"403ca0b\" data-element_type=\"column\" data-e-type=\"column\">\r\n\t\t\t\t\t<div class=\"elementor-widget-wrap elementor-element-populated\">\r\n\t\t\t\t\t\t\t\t<div class=\"elementor-element elementor-element-b56e438 elementor--h-position-center elementor--v-position-middle elementor-arrows-position-inside elementor-pagination-position-inside elementor-widget elementor-widget-slides\" data-id=\"b56e438\" data-element_type=\"widget\" data-e-type=\"widget\" data-settings=\"{&quot;transition&quot;:&quot;fade&quot;,&quot;navigation&quot;:&quot;both&quot;,&quot;autoplay&quot;:&quot;yes&quot;,&quot;pause_on_hover&quot;:&quot;yes&quot;,&quot;pause_on_interaction&quot;:&quot;yes&quot;,&quot;autoplay_speed&quot;:5000,&quot;infinite&quot;:&quot;yes&quot;,&quot;transition_speed&quot;:500}\" data-widget_type=\"slides.default\">\n\t\t\t\t<div class=\"elementor-widget-container\">\n\t\t\t\t\t\t\t\t\t<div class=\"elementor-swiper\">\n\t\t\t\t\t<div class=\"elementor-slides-wrapper elementor-main-swiper swiper\" role=\"region\" aria-roledescription=\"carousel\" aria-label=\"Slider\" dir=\"ltr\" data-animation=\"\">\n\t\t\t\t<div class=\"swiper-wrapper elementor-slides\">\n\t\t\t\t\t\t\t\t\t\t<div class=\"elementor-repeater-item-9f59eb5 swiper-slide\" role=\"group\" aria-roledescription=\"slide\"><div class=\"swiper-slide-bg\"><\/div><div class=\"swiper-slide-inner\" ><div class=\"swiper-slide-contents\"><div class=\"elementor-slide-description\"><section class=\"elementor-section elementor-top-section elementor-element  elementor-section-boxed elementor-section-height-default elementor-section-height-default\"  data-element_type=\"section\"><div class=\"elementor-container elementor-column-gap-default\"><div class=\"elementor-column elementor-col-50 elementor-top-column elementor-element data-element_type=\"column\"><div class=\"elementor-widget-wrap elementor-element-populated\"><div class=\"elementor-widget-container\"><img class=\"alignnone size-full lazyload\" src=\"data:image\/gif;base64,R0lGODlhAQABAAAAACH5BAEKAAEALAAAAAABAAEAAAICTAEAOw==\" alt=\"\" data-src=\"https:\/\/www.schaaf-gmbh.com\/wp-content\/uploads\/branchenloesung\/fundamentverschraubung.png\">\n\n\n\n<\/div><\/div><\/div><div class=\"elementor-column elementor-col-50 elementor-top-column elementor-element  data-element_type=\"column\"><div class=\"elementor-widget-wrap elementor-element-populated\"><div class=\"elementor-element elementor-widget elementor-widget-text-editor\"  data-element_type=\"widget\" data-widget_type=\"text-editor.default\"><div class=\"elementor-widget-container\" style=\"text-align: left;\">\n\n\t\t\t\t\t\t\n\n<h2 style=\"text-align: left;\">Fundamentschrauben<\/h2>\n<p style=\"text-align: left;\">Hydraulische Schraubverbindung oder als kosteng\u00fcnstige Drehmomentvariante.<\/p>\n<a href=\"\/de\/verbindungselemente\/schraubenspannvorrichtung\/\" class=\"produktauswahl\" role=\"button\" aria-pressed=\"true\">SSV<\/a>\n\n<a href=\"\/de\/verbindungselemente\/MSN\/\" class=\"produktauswahl\" role=\"button\" aria-pressed=\"true\">MSN<\/a>\n\n\t\t\t\t\t\t<\/div>\n\t\t\t\t\t<\/div>\n\t\t\t\t<\/div>\n\t\t\t<\/div>\n\t\t<\/div>\n\t\n<\/section>\n\n\n\n\n\n\n<\/div><\/div><\/div><\/div>\t\t\t\t<\/div>\n\t\t\t\t\t\t\t<\/div>\n\t\t\t\t<\/div>\n\t\t\t\t\t\t\t\t<\/div>\n\t\t\t\t<\/div>\n\t\t\t\t\t<\/div>\r\n\t\t\t\t<\/div>\r\n\t\t\t\t\t<\/div>\r\n\t\t\t\t<\/section>\r\n\t\t\t\t<section class=\"elementor-section elementor-top-section elementor-element elementor-element-333a95a elementor-section-full_width elementor-section-height-default elementor-section-height-default\" data-id=\"333a95a\" data-element_type=\"section\" data-e-type=\"section\">\r\n\t\t\r\n\t\t\t\t\t\t\t<div class=\"elementor-container elementor-column-gap-default\">\r\n\t\t\t\t\t\t\t\t\t\t\t<div class=\"elementor-column elementor-col-100 elementor-top-column elementor-element elementor-element-f6153ad\" data-id=\"f6153ad\" data-element_type=\"column\" data-e-type=\"column\">\r\n\t\t\t\t\t<div class=\"elementor-widget-wrap elementor-element-populated\">\r\n\t\t\t\t\t\t\t\t<div class=\"elementor-element elementor-element-9939114 elementor-widget elementor-widget-text-editor\" data-id=\"9939114\" data-element_type=\"widget\" data-e-type=\"widget\" data-widget_type=\"text-editor.default\">\n\t\t\t\t<div class=\"elementor-widget-container\">\n\t\t\t\t\t\t\t\t\t<p>SCHAAF bietet speziell abgestimmte Produkte mit bis zu 4.000 bar Hydraulikhochdrucktechnologie f\u00fcr diverse Anwendungsbereiche im Hoch- und Tiefbau an. Die Systeml\u00f6sungen sind nach allen Standard-Klassifikationsgesellschaftsanforderungen sowie h\u00f6chster Betriebssicherheit und Betriebswirtschaftlichkeit ausgelegt.<\/p><p>Das Zubeh\u00f6r, wie Hochdruckpumpen und Hydraulikschl\u00e4uche sowie die Anschlusskupplungen und Montagedokumentationsl\u00f6sungen, ist auf die Funktionen genau abgestimmt und somit eine 100 %-Systeml\u00f6sung. Bitte sprechen Sie uns an.<\/p>\t\t\t\t\t\t\t\t<\/div>\n\t\t\t\t<\/div>\n\t\t\t\t\t<\/div>\r\n\t\t\t\t<\/div>\r\n\t\t\t\t\t<\/div>\r\n\t\t\t\t<\/section>\r\n\t\t\t\t<section class=\"elementor-section elementor-top-section elementor-element elementor-element-776523b elementor-section-boxed elementor-section-height-default elementor-section-height-default\" data-id=\"776523b\" data-element_type=\"section\" data-e-type=\"section\">\r\n\t\t\r\n\t\t\t\t\t\t\t<div class=\"elementor-container elementor-column-gap-default\">\r\n\t\t\t\t\t\t\t\t\t\t\t<div class=\"elementor-column elementor-col-100 elementor-top-column elementor-element elementor-element-318e9c5\" data-id=\"318e9c5\" data-element_type=\"column\" data-e-type=\"column\">\r\n\t\t\t\t\t<div class=\"elementor-widget-wrap elementor-element-populated\">\r\n\t\t\t\t\t\t\t\t<div class=\"elementor-element elementor-element-abc523d elementor-widget elementor-widget-template\" data-id=\"abc523d\" data-element_type=\"widget\" data-e-type=\"widget\" data-widget_type=\"template.default\">\n\t\t\t\t<div class=\"elementor-widget-container\">\n\t\t\t\t\t\t\t<div class=\"elementor-template\">\n\t\t\t\t\t<div data-elementor-type=\"section\" data-elementor-id=\"16790\" class=\"elementor elementor-16790\" data-elementor-post-type=\"elementor_library\">\n\t\t\t\t\t<section class=\"elementor-section elementor-top-section elementor-element elementor-element-736ae37a elementor-section-boxed elementor-section-height-default elementor-section-height-default\" data-id=\"736ae37a\" data-element_type=\"section\" data-e-type=\"section\">\r\n\t\t\r\n\t\t\t\t\t\t\t<div class=\"elementor-container elementor-column-gap-default\">\r\n\t\t\t\t\t\t\t\t\t\t\t<div class=\"elementor-column elementor-col-33 elementor-top-column elementor-element elementor-element-4afd4609 elementor-invisible\" data-id=\"4afd4609\" data-element_type=\"column\" data-e-type=\"column\" data-settings=\"{&quot;background_background&quot;:&quot;classic&quot;,&quot;animation&quot;:&quot;fadeIn&quot;}\">\r\n\t\t\t\t\t<div class=\"elementor-widget-wrap elementor-element-populated\">\r\n\t\t\t\t\t\t\t\t<div class=\"elementor-element elementor-element-458b15e7 elementor-widget elementor-widget-image\" data-id=\"458b15e7\" data-element_type=\"widget\" data-e-type=\"widget\" data-widget_type=\"image.default\">\n\t\t\t\t<div class=\"elementor-widget-container\">\n\t\t\t\t\t\t\t\t\t\t\t\t\t\t\t\t<a href=\"\/de\/unternehmen\/news\/\">\n\t\t\t\t\t\t\t<img decoding=\"async\" src=\"data:image\/gif;base64,R0lGODlhAQABAAAAACH5BAEKAAEALAAAAAABAAEAAAICTAEAOw==\" title=\"aktuelles_schreinerei\" alt=\"Collage Schreinerei\" class=\"elementor-animation-float lazyload\" loading=\"lazy\" data-src=\"https:\/\/www.schaaf-gmbh.com\/wp-content\/uploads\/aktuelles\/aktuelles_schreinerei.jpg\">\t\t\t\t\t\t\t\t<\/a>\n\t\t\t\t\t\t\t\t\t\t\t\t\t\t\t<\/div>\n\t\t\t\t<\/div>\n\t\t\t\t<div class=\"elementor-element elementor-element-75237d02 elementor-widget elementor-widget-heading\" data-id=\"75237d02\" data-element_type=\"widget\" data-e-type=\"widget\" data-widget_type=\"heading.default\">\n\t\t\t\t<div class=\"elementor-widget-container\">\n\t\t\t\t\t<h3 class=\"elementor-heading-title elementor-size-default\"><a href=\"\/de\/unternehmen\/news\/\">News<\/a><\/h3>\t\t\t\t<\/div>\n\t\t\t\t<\/div>\n\t\t\t\t\t<\/div>\r\n\t\t\t\t<\/div>\r\n\t\t\t\t<div class=\"elementor-column elementor-col-33 elementor-top-column elementor-element elementor-element-47c7088d elementor-invisible\" data-id=\"47c7088d\" data-element_type=\"column\" data-e-type=\"column\" data-settings=\"{&quot;background_background&quot;:&quot;classic&quot;,&quot;animation&quot;:&quot;fadeIn&quot;}\">\r\n\t\t\t\t\t<div class=\"elementor-widget-wrap elementor-element-populated\">\r\n\t\t\t\t\t\t\t\t<div class=\"elementor-element elementor-element-1da9bba3 elementor-widget elementor-widget-image\" data-id=\"1da9bba3\" data-element_type=\"widget\" data-e-type=\"widget\" data-widget_type=\"image.default\">\n\t\t\t\t<div class=\"elementor-widget-container\">\n\t\t\t\t\t\t\t\t\t\t\t\t\t\t\t\t<a href=\"\/de\/kontakt\/deutschland\/\">\n\t\t\t\t\t\t\t<img decoding=\"async\" src=\"data:image\/gif;base64,R0lGODlhAQABAAAAACH5BAEKAAEALAAAAAABAAEAAAICTAEAOw==\" title=\"schaaf_ansprechpartner_mitarbeiter\" alt=\"Schaaf Mitarbeiter formen das Schaaf Firmenlogo\" class=\"elementor-animation-float lazyload\" loading=\"lazy\" data-src=\"https:\/\/www.schaaf-gmbh.com\/wp-content\/uploads\/grundaufbau\/schaaf_ansprechpartner_mitarbeiter.jpg\">\t\t\t\t\t\t\t\t<\/a>\n\t\t\t\t\t\t\t\t\t\t\t\t\t\t\t<\/div>\n\t\t\t\t<\/div>\n\t\t\t\t<div class=\"elementor-element elementor-element-3fbeb8cc elementor-widget elementor-widget-heading\" data-id=\"3fbeb8cc\" data-element_type=\"widget\" data-e-type=\"widget\" data-widget_type=\"heading.default\">\n\t\t\t\t<div class=\"elementor-widget-container\">\n\t\t\t\t\t<h3 class=\"elementor-heading-title elementor-size-default\"><a href=\"\/de\/kontakt\/deutschland\/\">Ansprechpartner<\/a><\/h3>\t\t\t\t<\/div>\n\t\t\t\t<\/div>\n\t\t\t\t\t<\/div>\r\n\t\t\t\t<\/div>\r\n\t\t\t\t<div class=\"elementor-column elementor-col-33 elementor-top-column elementor-element elementor-element-461bbe87 elementor-invisible\" data-id=\"461bbe87\" data-element_type=\"column\" data-e-type=\"column\" data-settings=\"{&quot;background_background&quot;:&quot;classic&quot;,&quot;animation&quot;:&quot;fadeIn&quot;}\">\r\n\t\t\t\t\t<div class=\"elementor-widget-wrap elementor-element-populated\">\r\n\t\t\t\t\t\t\t\t<div class=\"elementor-element elementor-element-48e68955 elementor-widget elementor-widget-image\" data-id=\"48e68955\" data-element_type=\"widget\" data-e-type=\"widget\" data-widget_type=\"image.default\">\n\t\t\t\t<div class=\"elementor-widget-container\">\n\t\t\t\t\t\t\t\t\t\t\t\t\t\t\t\t<a href=\"\/de\/unternehmen\/\">\n\t\t\t\t\t\t\t<img decoding=\"async\" src=\"data:image\/gif;base64,R0lGODlhAQABAAAAACH5BAEKAAEALAAAAAABAAEAAAICTAEAOw==\" title=\"unternehmen_gebaeude\" alt=\"Schaaf Erkelenz Firmengeb\u00e4ude\" class=\"elementor-animation-float lazyload\" loading=\"lazy\" data-src=\"https:\/\/www.schaaf-gmbh.com\/wp-content\/uploads\/schaaf_deutschland_werk1.jpg\">\t\t\t\t\t\t\t\t<\/a>\n\t\t\t\t\t\t\t\t\t\t\t\t\t\t\t<\/div>\n\t\t\t\t<\/div>\n\t\t\t\t<div class=\"elementor-element elementor-element-cbcd266 elementor-widget elementor-widget-heading\" data-id=\"cbcd266\" data-element_type=\"widget\" data-e-type=\"widget\" data-widget_type=\"heading.default\">\n\t\t\t\t<div class=\"elementor-widget-container\">\n\t\t\t\t\t<h3 class=\"elementor-heading-title elementor-size-default\"><a href=\"\/de\/unternehmen\/\">Unternehmen<\/a><\/h3>\t\t\t\t<\/div>\n\t\t\t\t<\/div>\n\t\t\t\t\t<\/div>\r\n\t\t\t\t<\/div>\r\n\t\t\t\t\t<\/div>\r\n\t\t\t\t<\/section>\r\n\t\t\t\t<\/div>\n\t\t\t\t<\/div>\n\t\t\t\t\t\t<\/div>\n\t\t\t\t<\/div>\n\t\t\t\t\t<\/div>\r\n\t\t\t\t<\/div>\r\n\t\t\t\t\t<\/div>\r\n\t\t\t\t<\/section>\r\n\t\t\t\t<\/div>\n\t\t","protected":false},"excerpt":{"rendered":"<p>Verbindungstechnologien f\u00fcr den Hoch- und Tiefbau Fundamentschrauben Hydraulische Schraubverbindung oder als kosteng\u00fcnstige Drehmomentvariante. SSV MSN SCHAAF bietet speziell abgestimmte Produkte mit bis zu 4.000 bar Hydraulikhochdrucktechnologie f\u00fcr diverse Anwendungsbereiche im Hoch- und Tiefbau an. Die Systeml\u00f6sungen sind nach allen Standard-Klassifikationsgesellschaftsanforderungen sowie h\u00f6chster Betriebssicherheit und Betriebswirtschaftlichkeit ausgelegt. Das Zubeh\u00f6r, wie Hochdruckpumpen und Hydraulikschl\u00e4uche sowie die Anschlusskupplungen [&hellip;]<\/p>\n","protected":false},"author":1,"featured_media":0,"parent":11043,"menu_order":0,"comment_status":"closed","ping_status":"closed","template":"","meta":{"footnotes":""},"class_list":["post-15134","page","type-page","status-publish","hentry"],"yoast_head":"<!-- This site is optimized with the Yoast SEO Premium plugin v26.6 (Yoast SEO v27.3) - https:\/\/yoast.com\/product\/yoast-seo-premium-wordpress\/ -->\n<title>Branchenl\u00f6sung Hoch- und Tiefbau - SCHAAF - Leading joining technology<\/title>\n<meta name=\"description\" content=\"SCHAAF bietet Produkte mit bis zu 4.000 bar Hydraulikhochdrucktechnologie f\u00fcr diverse Anwendungsbereiche im Hoch- und Tiefbau an.\" \/>\n<meta name=\"robots\" content=\"index, follow, max-snippet:-1, max-image-preview:large, max-video-preview:-1\" \/>\n<link rel=\"canonical\" href=\"https:\/\/www.schaaf-gmbh.com\/de\/branchenloesung\/hochbau-und-tiefbau\/\" \/>\n<meta property=\"og:locale\" content=\"de_DE\" \/>\n<meta property=\"og:type\" content=\"article\" \/>\n<meta property=\"og:title\" content=\"Branchenl\u00f6sung Hoch- und Tiefbau\" \/>\n<meta property=\"og:description\" content=\"SCHAAF bietet Produkte mit bis zu 4.000 bar Hydraulikhochdrucktechnologie f\u00fcr diverse Anwendungsbereiche im Hoch- und Tiefbau an.\" \/>\n<meta property=\"og:url\" content=\"https:\/\/www.schaaf-gmbh.com\/de\/branchenloesung\/hochbau-und-tiefbau\/\" \/>\n<meta property=\"og:site_name\" content=\"SCHAAF - Leading joining technology\" \/>\n<meta property=\"article:publisher\" content=\"https:\/\/www.facebook.com\/Schaaf.gmbh.de\/\" \/>\n<meta property=\"article:modified_time\" content=\"2023-04-11T10:47:32+00:00\" \/>\n<meta property=\"og:image\" content=\"https:\/\/www.schaaf-gmbh.com\/wp-content\/uploads\/branchenloesung\/fundamentverschraubung.png\" \/>\n<meta name=\"twitter:card\" content=\"summary_large_image\" \/>\n<meta name=\"twitter:label1\" content=\"Gesch\u00e4tzte Lesezeit\" \/>\n\t<meta name=\"twitter:data1\" content=\"1\u00a0Minute\" \/>\n<script type=\"application\/ld+json\" class=\"yoast-schema-graph\">{\"@context\":\"https:\\\/\\\/schema.org\",\"@graph\":[{\"@type\":\"WebPage\",\"@id\":\"https:\\\/\\\/www.schaaf-gmbh.com\\\/de\\\/branchenloesung\\\/hochbau-und-tiefbau\\\/\",\"url\":\"https:\\\/\\\/www.schaaf-gmbh.com\\\/de\\\/branchenloesung\\\/hochbau-und-tiefbau\\\/\",\"name\":\"Branchenl\u00f6sung Hoch- und Tiefbau - SCHAAF - Leading joining technology\",\"isPartOf\":{\"@id\":\"https:\\\/\\\/www.schaaf-gmbh.com\\\/de\\\/#website\"},\"primaryImageOfPage\":{\"@id\":\"https:\\\/\\\/www.schaaf-gmbh.com\\\/de\\\/branchenloesung\\\/hochbau-und-tiefbau\\\/#primaryimage\"},\"image\":{\"@id\":\"https:\\\/\\\/www.schaaf-gmbh.com\\\/de\\\/branchenloesung\\\/hochbau-und-tiefbau\\\/#primaryimage\"},\"thumbnailUrl\":\"https:\\\/\\\/www.schaaf-gmbh.com\\\/wp-content\\\/uploads\\\/branchenloesung\\\/fundamentverschraubung.png\",\"datePublished\":\"2021-07-30T11:59:33+00:00\",\"dateModified\":\"2023-04-11T10:47:32+00:00\",\"description\":\"SCHAAF bietet Produkte mit bis zu 4.000 bar Hydraulikhochdrucktechnologie f\u00fcr diverse Anwendungsbereiche im Hoch- und Tiefbau an.\",\"breadcrumb\":{\"@id\":\"https:\\\/\\\/www.schaaf-gmbh.com\\\/de\\\/branchenloesung\\\/hochbau-und-tiefbau\\\/#breadcrumb\"},\"inLanguage\":\"de\",\"potentialAction\":[{\"@type\":\"ReadAction\",\"target\":[\"https:\\\/\\\/www.schaaf-gmbh.com\\\/de\\\/branchenloesung\\\/hochbau-und-tiefbau\\\/\"]}]},{\"@type\":\"ImageObject\",\"inLanguage\":\"de\",\"@id\":\"https:\\\/\\\/www.schaaf-gmbh.com\\\/de\\\/branchenloesung\\\/hochbau-und-tiefbau\\\/#primaryimage\",\"url\":\"https:\\\/\\\/www.schaaf-gmbh.com\\\/wp-content\\\/uploads\\\/branchenloesung\\\/fundamentverschraubung.png\",\"contentUrl\":\"https:\\\/\\\/www.schaaf-gmbh.com\\\/wp-content\\\/uploads\\\/branchenloesung\\\/fundamentverschraubung.png\"},{\"@type\":\"BreadcrumbList\",\"@id\":\"https:\\\/\\\/www.schaaf-gmbh.com\\\/de\\\/branchenloesung\\\/hochbau-und-tiefbau\\\/#breadcrumb\",\"itemListElement\":[{\"@type\":\"ListItem\",\"position\":1,\"name\":\"Startseite\",\"item\":\"https:\\\/\\\/www.schaaf-gmbh.com\\\/de\\\/\"},{\"@type\":\"ListItem\",\"position\":2,\"name\":\"Branchenl\u00f6sung \u00dcbersicht\",\"item\":\"https:\\\/\\\/www.schaaf-gmbh.com\\\/de\\\/branchenloesung\\\/\"},{\"@type\":\"ListItem\",\"position\":3,\"name\":\"Branchenl\u00f6sung Hoch- und Tiefbau\"}]},{\"@type\":\"WebSite\",\"@id\":\"https:\\\/\\\/www.schaaf-gmbh.com\\\/de\\\/#website\",\"url\":\"https:\\\/\\\/www.schaaf-gmbh.com\\\/de\\\/\",\"name\":\"SCHAAF - Leading joining technology\",\"description\":\"Leading joining technology\",\"publisher\":{\"@id\":\"https:\\\/\\\/www.schaaf-gmbh.com\\\/de\\\/#organization\"},\"potentialAction\":[{\"@type\":\"SearchAction\",\"target\":{\"@type\":\"EntryPoint\",\"urlTemplate\":\"https:\\\/\\\/www.schaaf-gmbh.com\\\/de\\\/?s={search_term_string}\"},\"query-input\":{\"@type\":\"PropertyValueSpecification\",\"valueRequired\":true,\"valueName\":\"search_term_string\"}}],\"inLanguage\":\"de\"},{\"@type\":\"Organization\",\"@id\":\"https:\\\/\\\/www.schaaf-gmbh.com\\\/de\\\/#organization\",\"name\":\"Schaaf GmbH & Co. KG\",\"alternateName\":\"SCHAAF GmbH & Co. KG\",\"url\":\"https:\\\/\\\/www.schaaf-gmbh.com\\\/de\\\/\",\"logo\":{\"@type\":\"ImageObject\",\"inLanguage\":\"de\",\"@id\":\"https:\\\/\\\/www.schaaf-gmbh.com\\\/de\\\/#\\\/schema\\\/logo\\\/image\\\/\",\"url\":\"https:\\\/\\\/www.schaaf-gmbh.com\\\/wp-content\\\/uploads\\\/grundaufbau\\\/apple_176x176.png\",\"contentUrl\":\"https:\\\/\\\/www.schaaf-gmbh.com\\\/wp-content\\\/uploads\\\/grundaufbau\\\/apple_176x176.png\",\"width\":176,\"height\":176,\"caption\":\"Schaaf GmbH & Co. KG\"},\"image\":{\"@id\":\"https:\\\/\\\/www.schaaf-gmbh.com\\\/de\\\/#\\\/schema\\\/logo\\\/image\\\/\"},\"sameAs\":[\"https:\\\/\\\/www.facebook.com\\\/Schaaf.gmbh.de\\\/\",\"https:\\\/\\\/www.instagram.com\\\/schaaf.gmbh\\\/\",\"https:\\\/\\\/de.linkedin.com\\\/company\\\/schaaf-gmbh-com\",\"https:\\\/\\\/www.youtube.com\\\/channel\\\/UCJfkln8LVDeGgV-V8yzePBQ\"]}]}<\/script>\n<!-- \/ Yoast SEO Premium plugin. -->","yoast_head_json":{"title":"Branchenl\u00f6sung Hoch- und Tiefbau - SCHAAF - Leading joining technology","description":"SCHAAF bietet Produkte mit bis zu 4.000 bar Hydraulikhochdrucktechnologie f\u00fcr diverse Anwendungsbereiche im Hoch- und Tiefbau an.","robots":{"index":"index","follow":"follow","max-snippet":"max-snippet:-1","max-image-preview":"max-image-preview:large","max-video-preview":"max-video-preview:-1"},"canonical":"https:\/\/www.schaaf-gmbh.com\/de\/branchenloesung\/hochbau-und-tiefbau\/","og_locale":"de_DE","og_type":"article","og_title":"Branchenl\u00f6sung Hoch- und Tiefbau","og_description":"SCHAAF bietet Produkte mit bis zu 4.000 bar Hydraulikhochdrucktechnologie f\u00fcr diverse Anwendungsbereiche im Hoch- und Tiefbau an.","og_url":"https:\/\/www.schaaf-gmbh.com\/de\/branchenloesung\/hochbau-und-tiefbau\/","og_site_name":"SCHAAF - Leading joining technology","article_publisher":"https:\/\/www.facebook.com\/Schaaf.gmbh.de\/","article_modified_time":"2023-04-11T10:47:32+00:00","og_image":[{"url":"https:\/\/www.schaaf-gmbh.com\/wp-content\/uploads\/branchenloesung\/fundamentverschraubung.png","type":"","width":"","height":""}],"twitter_card":"summary_large_image","twitter_misc":{"Gesch\u00e4tzte Lesezeit":"1\u00a0Minute"},"schema":{"@context":"https:\/\/schema.org","@graph":[{"@type":"WebPage","@id":"https:\/\/www.schaaf-gmbh.com\/de\/branchenloesung\/hochbau-und-tiefbau\/","url":"https:\/\/www.schaaf-gmbh.com\/de\/branchenloesung\/hochbau-und-tiefbau\/","name":"Branchenl\u00f6sung Hoch- und Tiefbau - SCHAAF - Leading joining technology","isPartOf":{"@id":"https:\/\/www.schaaf-gmbh.com\/de\/#website"},"primaryImageOfPage":{"@id":"https:\/\/www.schaaf-gmbh.com\/de\/branchenloesung\/hochbau-und-tiefbau\/#primaryimage"},"image":{"@id":"https:\/\/www.schaaf-gmbh.com\/de\/branchenloesung\/hochbau-und-tiefbau\/#primaryimage"},"thumbnailUrl":"https:\/\/www.schaaf-gmbh.com\/wp-content\/uploads\/branchenloesung\/fundamentverschraubung.png","datePublished":"2021-07-30T11:59:33+00:00","dateModified":"2023-04-11T10:47:32+00:00","description":"SCHAAF bietet Produkte mit bis zu 4.000 bar Hydraulikhochdrucktechnologie f\u00fcr diverse Anwendungsbereiche im Hoch- und Tiefbau an.","breadcrumb":{"@id":"https:\/\/www.schaaf-gmbh.com\/de\/branchenloesung\/hochbau-und-tiefbau\/#breadcrumb"},"inLanguage":"de","potentialAction":[{"@type":"ReadAction","target":["https:\/\/www.schaaf-gmbh.com\/de\/branchenloesung\/hochbau-und-tiefbau\/"]}]},{"@type":"ImageObject","inLanguage":"de","@id":"https:\/\/www.schaaf-gmbh.com\/de\/branchenloesung\/hochbau-und-tiefbau\/#primaryimage","url":"https:\/\/www.schaaf-gmbh.com\/wp-content\/uploads\/branchenloesung\/fundamentverschraubung.png","contentUrl":"https:\/\/www.schaaf-gmbh.com\/wp-content\/uploads\/branchenloesung\/fundamentverschraubung.png"},{"@type":"BreadcrumbList","@id":"https:\/\/www.schaaf-gmbh.com\/de\/branchenloesung\/hochbau-und-tiefbau\/#breadcrumb","itemListElement":[{"@type":"ListItem","position":1,"name":"Startseite","item":"https:\/\/www.schaaf-gmbh.com\/de\/"},{"@type":"ListItem","position":2,"name":"Branchenl\u00f6sung \u00dcbersicht","item":"https:\/\/www.schaaf-gmbh.com\/de\/branchenloesung\/"},{"@type":"ListItem","position":3,"name":"Branchenl\u00f6sung Hoch- und Tiefbau"}]},{"@type":"WebSite","@id":"https:\/\/www.schaaf-gmbh.com\/de\/#website","url":"https:\/\/www.schaaf-gmbh.com\/de\/","name":"SCHAAF - Leading joining technology","description":"Leading joining technology","publisher":{"@id":"https:\/\/www.schaaf-gmbh.com\/de\/#organization"},"potentialAction":[{"@type":"SearchAction","target":{"@type":"EntryPoint","urlTemplate":"https:\/\/www.schaaf-gmbh.com\/de\/?s={search_term_string}"},"query-input":{"@type":"PropertyValueSpecification","valueRequired":true,"valueName":"search_term_string"}}],"inLanguage":"de"},{"@type":"Organization","@id":"https:\/\/www.schaaf-gmbh.com\/de\/#organization","name":"Schaaf GmbH & Co. KG","alternateName":"SCHAAF GmbH & Co. KG","url":"https:\/\/www.schaaf-gmbh.com\/de\/","logo":{"@type":"ImageObject","inLanguage":"de","@id":"https:\/\/www.schaaf-gmbh.com\/de\/#\/schema\/logo\/image\/","url":"https:\/\/www.schaaf-gmbh.com\/wp-content\/uploads\/grundaufbau\/apple_176x176.png","contentUrl":"https:\/\/www.schaaf-gmbh.com\/wp-content\/uploads\/grundaufbau\/apple_176x176.png","width":176,"height":176,"caption":"Schaaf GmbH & Co. KG"},"image":{"@id":"https:\/\/www.schaaf-gmbh.com\/de\/#\/schema\/logo\/image\/"},"sameAs":["https:\/\/www.facebook.com\/Schaaf.gmbh.de\/","https:\/\/www.instagram.com\/schaaf.gmbh\/","https:\/\/de.linkedin.com\/company\/schaaf-gmbh-com","https:\/\/www.youtube.com\/channel\/UCJfkln8LVDeGgV-V8yzePBQ"]}]}},"_links":{"self":[{"href":"https:\/\/www.schaaf-gmbh.com\/de\/wp-json\/wp\/v2\/pages\/15134","targetHints":{"allow":["GET"]}}],"collection":[{"href":"https:\/\/www.schaaf-gmbh.com\/de\/wp-json\/wp\/v2\/pages"}],"about":[{"href":"https:\/\/www.schaaf-gmbh.com\/de\/wp-json\/wp\/v2\/types\/page"}],"author":[{"embeddable":true,"href":"https:\/\/www.schaaf-gmbh.com\/de\/wp-json\/wp\/v2\/users\/1"}],"replies":[{"embeddable":true,"href":"https:\/\/www.schaaf-gmbh.com\/de\/wp-json\/wp\/v2\/comments?post=15134"}],"version-history":[{"count":0,"href":"https:\/\/www.schaaf-gmbh.com\/de\/wp-json\/wp\/v2\/pages\/15134\/revisions"}],"up":[{"embeddable":true,"href":"https:\/\/www.schaaf-gmbh.com\/de\/wp-json\/wp\/v2\/pages\/11043"}],"wp:attachment":[{"href":"https:\/\/www.schaaf-gmbh.com\/de\/wp-json\/wp\/v2\/media?parent=15134"}],"curies":[{"name":"wp","href":"https:\/\/api.w.org\/{rel}","templated":true}]}}