{"id":16804,"date":"2021-08-04T13:01:06","date_gmt":"2021-08-04T13:01:06","guid":{"rendered":"https:\/\/www.schaaf-gmbh.com\/?page_id=16804"},"modified":"2024-02-07T10:33:45","modified_gmt":"2024-02-07T10:33:45","slug":"handhebelpumpen","status":"publish","type":"page","link":"https:\/\/www.schaaf-gmbh.com\/de\/produkterweiterungen\/handhebelpumpen\/","title":{"rendered":"Handhebelpumpen"},"content":{"rendered":"\t\t<div data-elementor-type=\"wp-page\" data-elementor-id=\"16804\" class=\"elementor elementor-16804\" data-elementor-post-type=\"page\">\n\t\t\t\t\t\t<section class=\"elementor-section elementor-top-section elementor-element elementor-element-1ea17a2 elementor-section-boxed elementor-section-height-default elementor-section-height-default\" data-id=\"1ea17a2\" data-element_type=\"section\" data-e-type=\"section\">\r\n\t\t\r\n\t\t\t\t\t\t\t<div class=\"elementor-container elementor-column-gap-default\">\r\n\t\t\t\t\t\t\t\t\t\t\t<div class=\"elementor-column elementor-col-100 elementor-top-column elementor-element elementor-element-fccbcdd\" data-id=\"fccbcdd\" data-element_type=\"column\" data-e-type=\"column\">\r\n\t\t\t\t\t<div class=\"elementor-widget-wrap elementor-element-populated\">\r\n\t\t\t\t\t\t\t\t<div class=\"elementor-element elementor-element-c2c69d8 elementor-widget elementor-widget-heading\" data-id=\"c2c69d8\" data-element_type=\"widget\" data-e-type=\"widget\" data-widget_type=\"heading.default\">\n\t\t\t\t<div class=\"elementor-widget-container\">\n\t\t\t\t\t<h1 class=\"elementor-heading-title elementor-size-default\">Handhebelpumpen<\/h1>\t\t\t\t<\/div>\n\t\t\t\t<\/div>\n\t\t\t\t\t<\/div>\r\n\t\t\t\t<\/div>\r\n\t\t\t\t\t<\/div>\r\n\t\t\t\t<\/section>\r\n\t\t\t\t<section class=\"elementor-section elementor-top-section elementor-element elementor-element-a1eae99 elementor-section-boxed elementor-section-height-default elementor-section-height-default\" data-id=\"a1eae99\" data-element_type=\"section\" data-e-type=\"section\">\r\n\t\t\r\n\t\t\t\t\t\t\t<div class=\"elementor-container elementor-column-gap-default\">\r\n\t\t\t\t\t\t\t\t\t\t\t\t<\/div>\r\n\t\t\t\t<\/section>\r\n\t\t\t\t<section class=\"elementor-section elementor-top-section elementor-element elementor-element-4194cbe elementor-section-boxed elementor-section-height-default elementor-section-height-default elementor-invisible\" data-id=\"4194cbe\" data-element_type=\"section\" data-e-type=\"section\" data-settings=\"{&quot;animation&quot;:&quot;slideInRight&quot;}\">\r\n\t\t\r\n\t\t\t\t\t\t\t<div class=\"elementor-container elementor-column-gap-default\">\r\n\t\t\t\t\t\t\t\t\t\t\t<div class=\"elementor-column elementor-col-100 elementor-top-column elementor-element elementor-element-74410a8\" data-id=\"74410a8\" data-element_type=\"column\" data-e-type=\"column\">\r\n\t\t\t\t\t<div class=\"elementor-widget-wrap elementor-element-populated\">\r\n\t\t\t\t\t\t\t\t<div class=\"elementor-element elementor-element-0885876 elementor-widget elementor-widget-text-editor\" data-id=\"0885876\" data-element_type=\"widget\" data-e-type=\"widget\" data-widget_type=\"text-editor.default\">\n\t\t\t\t<div class=\"elementor-widget-container\">\n\t\t\t\t\t\t\t\t\t<h4>bis 4.000 bar Hydraulikdruck<\/h4>\nAlle Handhebelpumpen sind \u00e4u\u00dferst robust konstruiert. Alle Hochdruckventile sind mit geh\u00e4rteten Ventilsitzen gefertigt. Dies gew\u00e4hrleistet eine au\u00dfergew\u00f6hnlich lange Lebensdauer und Robustheit gegen Verschmutzung im Hydrauliksystem. Alle Pumpen sind f\u00fcr den rauen Baustelleneinsatz bestens geeignet.\t\t\t\t\t\t\t\t<\/div>\n\t\t\t\t<\/div>\n\t\t\t\t\t<\/div>\r\n\t\t\t\t<\/div>\r\n\t\t\t\t\t<\/div>\r\n\t\t\t\t<\/section>\r\n\t\t\t\t<section class=\"elementor-section elementor-top-section elementor-element elementor-element-c35f060 elementor-section-boxed elementor-section-height-default elementor-section-height-default\" data-id=\"c35f060\" data-element_type=\"section\" data-e-type=\"section\">\r\n\t\t\r\n\t\t\t\t\t\t\t<div class=\"elementor-container elementor-column-gap-default\">\r\n\t\t\t\t\t\t\t\t\t\t\t\t<\/div>\r\n\t\t\t\t<\/section>\r\n\t\t\t\t<section class=\"elementor-section elementor-top-section elementor-element elementor-element-1c09ea5 elementor-section-content-top elementor-section-boxed elementor-section-height-default elementor-section-height-default\" data-id=\"1c09ea5\" data-element_type=\"section\" data-e-type=\"section\">\r\n\t\t\r\n\t\t\t\t\t\t\t<div class=\"elementor-container elementor-column-gap-default\">\r\n\t\t\t\t\t\t\t\t\t\t\t<div class=\"elementor-column elementor-col-33 elementor-top-column elementor-element elementor-element-c3e34ac col-sm-12 col-lg-4 elementor-invisible\" data-id=\"c3e34ac\" data-element_type=\"column\" data-e-type=\"column\" data-settings=\"{&quot;background_background&quot;:&quot;classic&quot;,&quot;animation&quot;:&quot;fadeIn&quot;}\">\r\n\t\t\t\t\t<div class=\"elementor-widget-wrap elementor-element-populated\">\r\n\t\t\t\t\t\t\t\t<div class=\"elementor-element elementor-element-77b8ffa produktbilder elementor-widget elementor-widget-image\" data-id=\"77b8ffa\" data-element_type=\"widget\" data-e-type=\"widget\" data-widget_type=\"image.default\">\n\t\t\t\t<div class=\"elementor-widget-container\">\n\t\t\t\t\t\t\t\t\t\t\t\t\t\t\t\t<a href=\"https:\/\/www.schaaf-gmbh.com\/hp-1600-1s-2s\">\n\t\t\t\t\t\t\t<img fetchpriority=\"high\" decoding=\"async\" width=\"469\" height=\"406\" src=\"data:image\/gif;base64,R0lGODlhAQABAAAAACH5BAEKAAEALAAAAAABAAEAAAICTAEAOw==\" class=\"elementor-animation-float attachment-large size-large wp-image-12177 lazyload\" alt=\"HP 1600 PG22 Produkt\u00fcbersicht\" sizes=\"(max-width: 469px) 100vw, 469px\" data-src=\"https:\/\/www.schaaf-gmbh.com\/wp-content\/uploads\/produkte\/pg22\/pg22_hp1600.png\" data-srcset=\"https:\/\/www.schaaf-gmbh.com\/wp-content\/uploads\/produkte\/pg22\/pg22_hp1600.png 469w, https:\/\/www.schaaf-gmbh.com\/wp-content\/uploads\/produkte\/pg22\/pg22_hp1600-400x346.png 400w, https:\/\/www.schaaf-gmbh.com\/wp-content\/uploads\/produkte\/pg22\/pg22_hp1600-367x318.png 367w\">\t\t\t\t\t\t\t\t<\/a>\n\t\t\t\t\t\t\t\t\t\t\t\t\t\t\t<\/div>\n\t\t\t\t<\/div>\n\t\t\t\t<div class=\"elementor-element elementor-element-1b08c5b produktname elementor-widget elementor-widget-heading\" data-id=\"1b08c5b\" data-element_type=\"widget\" data-e-type=\"widget\" data-widget_type=\"heading.default\">\n\t\t\t\t<div class=\"elementor-widget-container\">\n\t\t\t\t\t<h3 class=\"elementor-heading-title elementor-size-default\"><a href=\"https:\/\/www.schaaf-gmbh.com\/hp-1600-1s-2s\">HP 1600-Serie<\/a><\/h3>\t\t\t\t<\/div>\n\t\t\t\t<\/div>\n\t\t\t\t<div class=\"elementor-element elementor-element-84396b3 produktbezeichnung elementor-widget elementor-widget-text-editor\" data-id=\"84396b3\" data-element_type=\"widget\" data-e-type=\"widget\" data-widget_type=\"text-editor.default\">\n\t\t\t\t<div class=\"elementor-widget-container\">\n\t\t\t\t\t\t\t\t\t<p><span style=\"color: #000000;\">Ein- bzw. zweistufige Handhebelpumpe bis 1.600 bar Hydraulikdruck<\/span><\/p>\t\t\t\t\t\t\t\t<\/div>\n\t\t\t\t<\/div>\n\t\t\t\t\t<\/div>\r\n\t\t\t\t<\/div>\r\n\t\t\t\t<div class=\"elementor-column elementor-col-33 elementor-top-column elementor-element elementor-element-9391979 col-sm-12 col-lg-4 elementor-invisible\" data-id=\"9391979\" data-element_type=\"column\" data-e-type=\"column\" data-settings=\"{&quot;background_background&quot;:&quot;classic&quot;,&quot;animation&quot;:&quot;fadeIn&quot;}\">\r\n\t\t\t\t\t<div class=\"elementor-widget-wrap elementor-element-populated\">\r\n\t\t\t\t\t\t\t\t<div class=\"elementor-element elementor-element-d96c69d produktbilder elementor-widget elementor-widget-image\" data-id=\"d96c69d\" data-element_type=\"widget\" data-e-type=\"widget\" data-widget_type=\"image.default\">\n\t\t\t\t<div class=\"elementor-widget-container\">\n\t\t\t\t\t\t\t\t\t\t\t\t\t\t\t\t<a href=\"https:\/\/www.schaaf-gmbh.com\/hp-3000-ht\">\n\t\t\t\t\t\t\t<img decoding=\"async\" width=\"469\" height=\"406\" src=\"data:image\/gif;base64,R0lGODlhAQABAAAAACH5BAEKAAEALAAAAAABAAEAAAICTAEAOw==\" class=\"elementor-animation-float attachment-large size-large wp-image-12184 lazyload\" alt=\"HP 3000 PG22 Produkt\u00fcbersicht\" sizes=\"(max-width: 469px) 100vw, 469px\" data-src=\"https:\/\/www.schaaf-gmbh.com\/wp-content\/uploads\/produkte\/pg22\/pg22_hp3000.png\" data-srcset=\"https:\/\/www.schaaf-gmbh.com\/wp-content\/uploads\/produkte\/pg22\/pg22_hp3000.png 469w, https:\/\/www.schaaf-gmbh.com\/wp-content\/uploads\/produkte\/pg22\/pg22_hp3000-400x346.png 400w, https:\/\/www.schaaf-gmbh.com\/wp-content\/uploads\/produkte\/pg22\/pg22_hp3000-367x318.png 367w\">\t\t\t\t\t\t\t\t<\/a>\n\t\t\t\t\t\t\t\t\t\t\t\t\t\t\t<\/div>\n\t\t\t\t<\/div>\n\t\t\t\t<div class=\"elementor-element elementor-element-25520ad produktname elementor-widget elementor-widget-heading\" data-id=\"25520ad\" data-element_type=\"widget\" data-e-type=\"widget\" data-widget_type=\"heading.default\">\n\t\t\t\t<div class=\"elementor-widget-container\">\n\t\t\t\t\t<h3 class=\"elementor-heading-title elementor-size-default\"><a href=\"https:\/\/www.schaaf-gmbh.com\/hp-3000-ht\">HP 3000-HT<\/a><\/h3>\t\t\t\t<\/div>\n\t\t\t\t<\/div>\n\t\t\t\t<div class=\"elementor-element elementor-element-2e99dba produktbezeichnung elementor-widget elementor-widget-text-editor\" data-id=\"2e99dba\" data-element_type=\"widget\" data-e-type=\"widget\" data-widget_type=\"text-editor.default\">\n\t\t\t\t<div class=\"elementor-widget-container\">\n\t\t\t\t\t\t\t\t\t<p><span style=\"color: #000000;\">Fertig montierte und sofort einsatzbereite, zweistufige Handhebelpumpe bis 3.000 bar<\/span><\/p>\t\t\t\t\t\t\t\t<\/div>\n\t\t\t\t<\/div>\n\t\t\t\t\t<\/div>\r\n\t\t\t\t<\/div>\r\n\t\t\t\t<div class=\"elementor-column elementor-col-33 elementor-top-column elementor-element elementor-element-8c67d67 col-sm-12 col-lg-4 elementor-invisible\" data-id=\"8c67d67\" data-element_type=\"column\" data-e-type=\"column\" data-settings=\"{&quot;background_background&quot;:&quot;classic&quot;,&quot;animation&quot;:&quot;fadeIn&quot;}\">\r\n\t\t\t\t\t<div class=\"elementor-widget-wrap elementor-element-populated\">\r\n\t\t\t\t\t\t\t\t<div class=\"elementor-element elementor-element-a6f5243 produktbilder elementor-widget elementor-widget-image\" data-id=\"a6f5243\" data-element_type=\"widget\" data-e-type=\"widget\" data-widget_type=\"image.default\">\n\t\t\t\t<div class=\"elementor-widget-container\">\n\t\t\t\t\t\t\t\t\t\t\t\t\t\t\t\t<a href=\"https:\/\/www.schaaf-gmbh.com\/hp-4000-lt\">\n\t\t\t\t\t\t\t<img decoding=\"async\" width=\"469\" height=\"406\" src=\"data:image\/gif;base64,R0lGODlhAQABAAAAACH5BAEKAAEALAAAAAABAAEAAAICTAEAOw==\" class=\"elementor-animation-float attachment-large size-large wp-image-12191 lazyload\" alt=\"HP 4000 PG22 Produkt\u00fcbersicht\" sizes=\"(max-width: 469px) 100vw, 469px\" data-src=\"https:\/\/www.schaaf-gmbh.com\/wp-content\/uploads\/produkte\/pg22\/pg22_hp4000-lt.png\" data-srcset=\"https:\/\/www.schaaf-gmbh.com\/wp-content\/uploads\/produkte\/pg22\/pg22_hp4000-lt.png 469w, https:\/\/www.schaaf-gmbh.com\/wp-content\/uploads\/produkte\/pg22\/pg22_hp4000-lt-400x346.png 400w, https:\/\/www.schaaf-gmbh.com\/wp-content\/uploads\/produkte\/pg22\/pg22_hp4000-lt-367x318.png 367w\">\t\t\t\t\t\t\t\t<\/a>\n\t\t\t\t\t\t\t\t\t\t\t\t\t\t\t<\/div>\n\t\t\t\t<\/div>\n\t\t\t\t<div class=\"elementor-element elementor-element-47df6ed produktname elementor-widget elementor-widget-heading\" data-id=\"47df6ed\" data-element_type=\"widget\" data-e-type=\"widget\" data-widget_type=\"heading.default\">\n\t\t\t\t<div class=\"elementor-widget-container\">\n\t\t\t\t\t<h3 class=\"elementor-heading-title elementor-size-default\"><a href=\"https:\/\/www.schaaf-gmbh.com\/hp-4000-lt\">HP 4000-LT<\/a><\/h3>\t\t\t\t<\/div>\n\t\t\t\t<\/div>\n\t\t\t\t<div class=\"elementor-element elementor-element-f868c26 produktbezeichnung elementor-widget elementor-widget-text-editor\" data-id=\"f868c26\" data-element_type=\"widget\" data-e-type=\"widget\" data-widget_type=\"text-editor.default\">\n\t\t\t\t<div class=\"elementor-widget-container\">\n\t\t\t\t\t\t\t\t\t<p><span style=\"color: #000000;\">Fertig montierte und sofort einsatzbereite Handhebelpumpe bis 4.000 bar Hydraulikdruck<\/span><\/p>\t\t\t\t\t\t\t\t<\/div>\n\t\t\t\t<\/div>\n\t\t\t\t\t<\/div>\r\n\t\t\t\t<\/div>\r\n\t\t\t\t\t<\/div>\r\n\t\t\t\t<\/section>\r\n\t\t\t\t<\/div>\n\t\t","protected":false},"excerpt":{"rendered":"<p>Handhebelpumpen bis 4.000 bar Hydraulikdruck Alle Handhebelpumpen sind \u00e4u\u00dferst robust konstruiert. Alle Hochdruckventile sind mit geh\u00e4rteten Ventilsitzen gefertigt. Dies gew\u00e4hrleistet eine au\u00dfergew\u00f6hnlich lange Lebensdauer und Robustheit gegen Verschmutzung im Hydrauliksystem. Alle Pumpen sind f\u00fcr den rauen Baustelleneinsatz bestens geeignet. HP 1600-Serie Ein- bzw. zweistufige Handhebelpumpe bis 1.600 bar Hydraulikdruck HP 3000-HT Fertig montierte und sofort [&hellip;]<\/p>\n","protected":false},"author":1,"featured_media":0,"parent":16826,"menu_order":0,"comment_status":"closed","ping_status":"closed","template":"","meta":{"footnotes":""},"class_list":["post-16804","page","type-page","status-publish","hentry"],"yoast_head":"<!-- This site is optimized with the Yoast SEO Premium plugin v26.6 (Yoast SEO v27.4) - https:\/\/yoast.com\/product\/yoast-seo-premium-wordpress\/ -->\n<title>Handhebelpumpen - SCHAAF - Leading joining technology<\/title>\n<meta name=\"description\" content=\"SCHAAF Handhebelpumpen bis 4.000 bar Hydraulikdruck sind extrem robust und mit geh\u00e4rteten Ventilsitzen ausgef\u00fchrt.\" \/>\n<meta name=\"robots\" content=\"index, follow, max-snippet:-1, max-image-preview:large, max-video-preview:-1\" \/>\n<link rel=\"canonical\" href=\"https:\/\/www.schaaf-gmbh.com\/de\/produkterweiterungen\/handhebelpumpen\/\" \/>\n<meta property=\"og:locale\" content=\"de_DE\" \/>\n<meta property=\"og:type\" content=\"article\" \/>\n<meta property=\"og:title\" content=\"Handhebelpumpen\" \/>\n<meta property=\"og:description\" content=\"SCHAAF Handhebelpumpen bis 4.000 bar Hydraulikdruck sind extrem robust und mit geh\u00e4rteten Ventilsitzen ausgef\u00fchrt.\" \/>\n<meta property=\"og:url\" content=\"https:\/\/www.schaaf-gmbh.com\/de\/produkterweiterungen\/handhebelpumpen\/\" \/>\n<meta property=\"og:site_name\" content=\"SCHAAF - Leading joining technology\" \/>\n<meta property=\"article:publisher\" content=\"https:\/\/www.facebook.com\/Schaaf.gmbh.de\/\" \/>\n<meta property=\"article:modified_time\" content=\"2024-02-07T10:33:45+00:00\" \/>\n<meta property=\"og:image\" content=\"https:\/\/www.schaaf-gmbh.com\/wp-content\/uploads\/produkte\/pg22\/pg22_hp1600.png\" \/>\n<meta name=\"twitter:card\" content=\"summary_large_image\" \/>\n<meta name=\"twitter:label1\" content=\"Gesch\u00e4tzte Lesezeit\" \/>\n\t<meta name=\"twitter:data1\" content=\"2\u00a0Minuten\" \/>\n<script type=\"application\/ld+json\" class=\"yoast-schema-graph\">{\"@context\":\"https:\\\/\\\/schema.org\",\"@graph\":[{\"@type\":\"WebPage\",\"@id\":\"https:\\\/\\\/www.schaaf-gmbh.com\\\/de\\\/produkterweiterungen\\\/handhebelpumpen\\\/\",\"url\":\"https:\\\/\\\/www.schaaf-gmbh.com\\\/de\\\/produkterweiterungen\\\/handhebelpumpen\\\/\",\"name\":\"Handhebelpumpen - SCHAAF - Leading joining technology\",\"isPartOf\":{\"@id\":\"https:\\\/\\\/www.schaaf-gmbh.com\\\/de\\\/#website\"},\"primaryImageOfPage\":{\"@id\":\"https:\\\/\\\/www.schaaf-gmbh.com\\\/de\\\/produkterweiterungen\\\/handhebelpumpen\\\/#primaryimage\"},\"image\":{\"@id\":\"https:\\\/\\\/www.schaaf-gmbh.com\\\/de\\\/produkterweiterungen\\\/handhebelpumpen\\\/#primaryimage\"},\"thumbnailUrl\":\"https:\\\/\\\/www.schaaf-gmbh.com\\\/wp-content\\\/uploads\\\/produkte\\\/pg22\\\/pg22_hp1600.png\",\"datePublished\":\"2021-08-04T13:01:06+00:00\",\"dateModified\":\"2024-02-07T10:33:45+00:00\",\"description\":\"SCHAAF Handhebelpumpen bis 4.000 bar Hydraulikdruck sind extrem robust und mit geh\u00e4rteten Ventilsitzen ausgef\u00fchrt.\",\"breadcrumb\":{\"@id\":\"https:\\\/\\\/www.schaaf-gmbh.com\\\/de\\\/produkterweiterungen\\\/handhebelpumpen\\\/#breadcrumb\"},\"inLanguage\":\"de\",\"potentialAction\":[{\"@type\":\"ReadAction\",\"target\":[\"https:\\\/\\\/www.schaaf-gmbh.com\\\/de\\\/produkterweiterungen\\\/handhebelpumpen\\\/\"]}]},{\"@type\":\"ImageObject\",\"inLanguage\":\"de\",\"@id\":\"https:\\\/\\\/www.schaaf-gmbh.com\\\/de\\\/produkterweiterungen\\\/handhebelpumpen\\\/#primaryimage\",\"url\":\"https:\\\/\\\/www.schaaf-gmbh.com\\\/wp-content\\\/uploads\\\/produkte\\\/pg22\\\/pg22_hp1600.png\",\"contentUrl\":\"https:\\\/\\\/www.schaaf-gmbh.com\\\/wp-content\\\/uploads\\\/produkte\\\/pg22\\\/pg22_hp1600.png\"},{\"@type\":\"BreadcrumbList\",\"@id\":\"https:\\\/\\\/www.schaaf-gmbh.com\\\/de\\\/produkterweiterungen\\\/handhebelpumpen\\\/#breadcrumb\",\"itemListElement\":[{\"@type\":\"ListItem\",\"position\":1,\"name\":\"Startseite\",\"item\":\"https:\\\/\\\/www.schaaf-gmbh.com\\\/de\\\/\"},{\"@type\":\"ListItem\",\"position\":2,\"name\":\"Produkterweiterungen\",\"item\":\"https:\\\/\\\/www.schaaf-gmbh.com\\\/de\\\/produkterweiterungen\\\/\"},{\"@type\":\"ListItem\",\"position\":3,\"name\":\"Handhebelpumpen\"}]},{\"@type\":\"WebSite\",\"@id\":\"https:\\\/\\\/www.schaaf-gmbh.com\\\/de\\\/#website\",\"url\":\"https:\\\/\\\/www.schaaf-gmbh.com\\\/de\\\/\",\"name\":\"SCHAAF - Leading joining technology\",\"description\":\"Leading joining technology\",\"publisher\":{\"@id\":\"https:\\\/\\\/www.schaaf-gmbh.com\\\/de\\\/#organization\"},\"potentialAction\":[{\"@type\":\"SearchAction\",\"target\":{\"@type\":\"EntryPoint\",\"urlTemplate\":\"https:\\\/\\\/www.schaaf-gmbh.com\\\/de\\\/?s={search_term_string}\"},\"query-input\":{\"@type\":\"PropertyValueSpecification\",\"valueRequired\":true,\"valueName\":\"search_term_string\"}}],\"inLanguage\":\"de\"},{\"@type\":\"Organization\",\"@id\":\"https:\\\/\\\/www.schaaf-gmbh.com\\\/de\\\/#organization\",\"name\":\"Schaaf GmbH & Co. KG\",\"alternateName\":\"SCHAAF GmbH & Co. KG\",\"url\":\"https:\\\/\\\/www.schaaf-gmbh.com\\\/de\\\/\",\"logo\":{\"@type\":\"ImageObject\",\"inLanguage\":\"de\",\"@id\":\"https:\\\/\\\/www.schaaf-gmbh.com\\\/de\\\/#\\\/schema\\\/logo\\\/image\\\/\",\"url\":\"https:\\\/\\\/www.schaaf-gmbh.com\\\/wp-content\\\/uploads\\\/grundaufbau\\\/apple_176x176.png\",\"contentUrl\":\"https:\\\/\\\/www.schaaf-gmbh.com\\\/wp-content\\\/uploads\\\/grundaufbau\\\/apple_176x176.png\",\"width\":176,\"height\":176,\"caption\":\"Schaaf GmbH & Co. KG\"},\"image\":{\"@id\":\"https:\\\/\\\/www.schaaf-gmbh.com\\\/de\\\/#\\\/schema\\\/logo\\\/image\\\/\"},\"sameAs\":[\"https:\\\/\\\/www.facebook.com\\\/Schaaf.gmbh.de\\\/\",\"https:\\\/\\\/www.instagram.com\\\/schaaf.gmbh\\\/\",\"https:\\\/\\\/de.linkedin.com\\\/company\\\/schaaf-gmbh-com\",\"https:\\\/\\\/www.youtube.com\\\/channel\\\/UCJfkln8LVDeGgV-V8yzePBQ\"]}]}<\/script>\n<!-- \/ Yoast SEO Premium plugin. -->","yoast_head_json":{"title":"Handhebelpumpen - SCHAAF - Leading joining technology","description":"SCHAAF Handhebelpumpen bis 4.000 bar Hydraulikdruck sind extrem robust und mit geh\u00e4rteten Ventilsitzen ausgef\u00fchrt.","robots":{"index":"index","follow":"follow","max-snippet":"max-snippet:-1","max-image-preview":"max-image-preview:large","max-video-preview":"max-video-preview:-1"},"canonical":"https:\/\/www.schaaf-gmbh.com\/de\/produkterweiterungen\/handhebelpumpen\/","og_locale":"de_DE","og_type":"article","og_title":"Handhebelpumpen","og_description":"SCHAAF Handhebelpumpen bis 4.000 bar Hydraulikdruck sind extrem robust und mit geh\u00e4rteten Ventilsitzen ausgef\u00fchrt.","og_url":"https:\/\/www.schaaf-gmbh.com\/de\/produkterweiterungen\/handhebelpumpen\/","og_site_name":"SCHAAF - Leading joining technology","article_publisher":"https:\/\/www.facebook.com\/Schaaf.gmbh.de\/","article_modified_time":"2024-02-07T10:33:45+00:00","og_image":[{"url":"https:\/\/www.schaaf-gmbh.com\/wp-content\/uploads\/produkte\/pg22\/pg22_hp1600.png","type":"","width":"","height":""}],"twitter_card":"summary_large_image","twitter_misc":{"Gesch\u00e4tzte Lesezeit":"2\u00a0Minuten"},"schema":{"@context":"https:\/\/schema.org","@graph":[{"@type":"WebPage","@id":"https:\/\/www.schaaf-gmbh.com\/de\/produkterweiterungen\/handhebelpumpen\/","url":"https:\/\/www.schaaf-gmbh.com\/de\/produkterweiterungen\/handhebelpumpen\/","name":"Handhebelpumpen - SCHAAF - Leading joining technology","isPartOf":{"@id":"https:\/\/www.schaaf-gmbh.com\/de\/#website"},"primaryImageOfPage":{"@id":"https:\/\/www.schaaf-gmbh.com\/de\/produkterweiterungen\/handhebelpumpen\/#primaryimage"},"image":{"@id":"https:\/\/www.schaaf-gmbh.com\/de\/produkterweiterungen\/handhebelpumpen\/#primaryimage"},"thumbnailUrl":"https:\/\/www.schaaf-gmbh.com\/wp-content\/uploads\/produkte\/pg22\/pg22_hp1600.png","datePublished":"2021-08-04T13:01:06+00:00","dateModified":"2024-02-07T10:33:45+00:00","description":"SCHAAF Handhebelpumpen bis 4.000 bar Hydraulikdruck sind extrem robust und mit geh\u00e4rteten Ventilsitzen ausgef\u00fchrt.","breadcrumb":{"@id":"https:\/\/www.schaaf-gmbh.com\/de\/produkterweiterungen\/handhebelpumpen\/#breadcrumb"},"inLanguage":"de","potentialAction":[{"@type":"ReadAction","target":["https:\/\/www.schaaf-gmbh.com\/de\/produkterweiterungen\/handhebelpumpen\/"]}]},{"@type":"ImageObject","inLanguage":"de","@id":"https:\/\/www.schaaf-gmbh.com\/de\/produkterweiterungen\/handhebelpumpen\/#primaryimage","url":"https:\/\/www.schaaf-gmbh.com\/wp-content\/uploads\/produkte\/pg22\/pg22_hp1600.png","contentUrl":"https:\/\/www.schaaf-gmbh.com\/wp-content\/uploads\/produkte\/pg22\/pg22_hp1600.png"},{"@type":"BreadcrumbList","@id":"https:\/\/www.schaaf-gmbh.com\/de\/produkterweiterungen\/handhebelpumpen\/#breadcrumb","itemListElement":[{"@type":"ListItem","position":1,"name":"Startseite","item":"https:\/\/www.schaaf-gmbh.com\/de\/"},{"@type":"ListItem","position":2,"name":"Produkterweiterungen","item":"https:\/\/www.schaaf-gmbh.com\/de\/produkterweiterungen\/"},{"@type":"ListItem","position":3,"name":"Handhebelpumpen"}]},{"@type":"WebSite","@id":"https:\/\/www.schaaf-gmbh.com\/de\/#website","url":"https:\/\/www.schaaf-gmbh.com\/de\/","name":"SCHAAF - Leading joining technology","description":"Leading joining technology","publisher":{"@id":"https:\/\/www.schaaf-gmbh.com\/de\/#organization"},"potentialAction":[{"@type":"SearchAction","target":{"@type":"EntryPoint","urlTemplate":"https:\/\/www.schaaf-gmbh.com\/de\/?s={search_term_string}"},"query-input":{"@type":"PropertyValueSpecification","valueRequired":true,"valueName":"search_term_string"}}],"inLanguage":"de"},{"@type":"Organization","@id":"https:\/\/www.schaaf-gmbh.com\/de\/#organization","name":"Schaaf GmbH & Co. KG","alternateName":"SCHAAF GmbH & Co. KG","url":"https:\/\/www.schaaf-gmbh.com\/de\/","logo":{"@type":"ImageObject","inLanguage":"de","@id":"https:\/\/www.schaaf-gmbh.com\/de\/#\/schema\/logo\/image\/","url":"https:\/\/www.schaaf-gmbh.com\/wp-content\/uploads\/grundaufbau\/apple_176x176.png","contentUrl":"https:\/\/www.schaaf-gmbh.com\/wp-content\/uploads\/grundaufbau\/apple_176x176.png","width":176,"height":176,"caption":"Schaaf GmbH & Co. KG"},"image":{"@id":"https:\/\/www.schaaf-gmbh.com\/de\/#\/schema\/logo\/image\/"},"sameAs":["https:\/\/www.facebook.com\/Schaaf.gmbh.de\/","https:\/\/www.instagram.com\/schaaf.gmbh\/","https:\/\/de.linkedin.com\/company\/schaaf-gmbh-com","https:\/\/www.youtube.com\/channel\/UCJfkln8LVDeGgV-V8yzePBQ"]}]}},"_links":{"self":[{"href":"https:\/\/www.schaaf-gmbh.com\/de\/wp-json\/wp\/v2\/pages\/16804","targetHints":{"allow":["GET"]}}],"collection":[{"href":"https:\/\/www.schaaf-gmbh.com\/de\/wp-json\/wp\/v2\/pages"}],"about":[{"href":"https:\/\/www.schaaf-gmbh.com\/de\/wp-json\/wp\/v2\/types\/page"}],"author":[{"embeddable":true,"href":"https:\/\/www.schaaf-gmbh.com\/de\/wp-json\/wp\/v2\/users\/1"}],"replies":[{"embeddable":true,"href":"https:\/\/www.schaaf-gmbh.com\/de\/wp-json\/wp\/v2\/comments?post=16804"}],"version-history":[{"count":4,"href":"https:\/\/www.schaaf-gmbh.com\/de\/wp-json\/wp\/v2\/pages\/16804\/revisions"}],"predecessor-version":[{"id":59956,"href":"https:\/\/www.schaaf-gmbh.com\/de\/wp-json\/wp\/v2\/pages\/16804\/revisions\/59956"}],"up":[{"embeddable":true,"href":"https:\/\/www.schaaf-gmbh.com\/de\/wp-json\/wp\/v2\/pages\/16826"}],"wp:attachment":[{"href":"https:\/\/www.schaaf-gmbh.com\/de\/wp-json\/wp\/v2\/media?parent=16804"}],"curies":[{"name":"wp","href":"https:\/\/api.w.org\/{rel}","templated":true}]}}