{"id":24374,"date":"2021-09-10T13:43:46","date_gmt":"2021-09-10T13:43:46","guid":{"rendered":"https:\/\/www.schaaf-gmbh.com\/?page_id=24374"},"modified":"2025-07-16T13:22:12","modified_gmt":"2025-07-16T13:22:12","slug":"impressum","status":"publish","type":"page","link":"https:\/\/www.schaaf-gmbh.com\/de\/impressum\/","title":{"rendered":"Impressum"},"content":{"rendered":"\t\t<div data-elementor-type=\"wp-page\" data-elementor-id=\"24374\" class=\"elementor elementor-24374\" data-elementor-post-type=\"page\">\n\t\t\t\t\t\t<section class=\"elementor-section elementor-top-section elementor-element elementor-element-0b32a43 elementor-section-boxed elementor-section-height-default elementor-section-height-default\" data-id=\"0b32a43\" data-element_type=\"section\" data-e-type=\"section\">\r\n\t\t\r\n\t\t\t\t\t\t\t<div class=\"elementor-container elementor-column-gap-default\">\r\n\t\t\t\t\t\t\t\t\t\t\t<div class=\"elementor-column elementor-col-100 elementor-top-column elementor-element elementor-element-26dbb5c\" data-id=\"26dbb5c\" data-element_type=\"column\" data-e-type=\"column\">\r\n\t\t\t\t\t<div class=\"elementor-widget-wrap elementor-element-populated\">\r\n\t\t\t\t\t\t\t\t<div class=\"elementor-element elementor-element-2542821 elementor-widget elementor-widget-heading\" data-id=\"2542821\" data-element_type=\"widget\" data-e-type=\"widget\" data-widget_type=\"heading.default\">\n\t\t\t\t<div class=\"elementor-widget-container\">\n\t\t\t\t\t<h1 class=\"elementor-heading-title elementor-size-default\">Impressum<\/h1>\t\t\t\t<\/div>\n\t\t\t\t<\/div>\n\t\t\t\t<div class=\"elementor-element elementor-element-5b7966b elementor-widget elementor-widget-text-editor\" data-id=\"5b7966b\" data-element_type=\"widget\" data-e-type=\"widget\" data-widget_type=\"text-editor.default\">\n\t\t\t\t<div class=\"elementor-widget-container\">\n\t\t\t\t\t\t\t\t\t<span style=\"font-family: Arial, Helvetica, sans-serif; font-size: small;\">\u00a9 Copyright 2025 by SCHAAF GmbH &amp; Co. KG, Erkelenz<\/span>\n<h3>Angaben gem\u00e4\u00df \u00a7 5 TMG:<\/h3>\n<p class=\"Stil2\">SCHAAF GmbH &amp; Co. KG\nBr\u00fcsseler Allee 22\n41812 Erkelenz-Germany<\/p>\n\n<h3>Vertreten durch:<\/h3>\n<p class=\"Stil2\">Dipl.-Ing. Ralf K\u00f6llges<\/p>\n\n<h3>Kontakt:<\/h3>\n<p class=\"Stil2\">Telefon: +49 &#8211; 24 31 &#8211; 9 77 70-0\nTelefax: +49 &#8211; 24 31 &#8211; 9 77 70-77\nE-Mail: info@schaaf-gmbh.com<\/p>\n<p>Kommanditgesellschaft, Sitz Erkelenz\nAmtsgericht M\u00f6nchengladbach, HRA 5858<\/span><\/span>\n<br>\n<p><strong>pers\u00f6nlich haftende Gesellschafter:<\/strong>\n<\/span><p>K\u00f6llges Gesch\u00e4ftsf\u00fchrungs-GmbH\nAmtsgericht M\u00f6nchengladbach, HRB 11477\nGesch\u00e4ftsf\u00fchrer: Dipl.-Ing. Ralf K\u00f6llges<\/span><\/span>\n<h3>Registereintrag:<\/h3>\n<p class=\"Stil2\">Eintragung im Handelsregister.\nRegistergericht:Amtsgericht M\u00f6nchengladbach\nRegisternummer: HRB 11477<\/p>\n\n<h3>Umsatzsteuer:<\/h3>\n<p class=\"Stil2\">Umsatzsteuer-Identifikationsnummer gem\u00e4\u00df \u00a727 a Umsatzsteuergesetz:\nDE 814 64 67 52<\/p>\n\n<h3><strong>Hinweis nach \u00a7 36 Verbraucherstreitbeilegungsgesetz (VSBG):<\/strong><\/h3>\n<p class=\"Stil2\">Die SCHAAF GmbH &amp; Co. KG ist nicht verpflichtet und nicht bereit, an Streitbeilegungsverfahren vor einer Verbraucherschlichtungsstelle teilzunehmen.<\/p>\n\n<h3>Haftung f\u00fcr Inhalte<\/h3>\n<p class=\"Stil2\">Als Diensteanbieter sind wir gem\u00e4\u00df \u00a7 7 Abs.1 TMG f\u00fcr eigene Inhalte auf diesen Seiten nach den allgemeinen Gesetzen verantwortlich. Nach \u00a7\u00a7 8 bis 10 TMG sind wir als Diensteanbieter jedoch nicht verpflichtet, \u00fcbermittelte oder gespeicherte fremde Informationen zu \u00fcberwachen oder nach Umst\u00e4nden zu forschen, die auf eine rechtswidrige T\u00e4tigkeit hinweisen.<\/p>\n<p class=\"Stil2\">Verpflichtungen zur Entfernung oder Sperrung der Nutzung von Informationen nach den allgemeinen Gesetzen bleiben hiervon unber\u00fchrt. Eine diesbez\u00fcgliche Haftung ist jedoch erst ab dem Zeitpunkt der Kenntnis einer konkreten Rechtsverletzung m\u00f6glich. Bei Bekanntwerden von entsprechenden Rechtsverletzungen werden wir diese Inhalte umgehend entfernen.<\/p>\n\n<h3>Haftung f\u00fcr Links<\/h3>\n<p class=\"Stil2\">Unser Angebot enth\u00e4lt Links zu externen Websites Dritter, auf deren Inhalte wir keinen Einfluss haben. Deshalb k\u00f6nnen wir f\u00fcr diese fremden Inhalte auch keine Gew\u00e4hr \u00fcbernehmen. F\u00fcr die Inhalte der verlinkten Seiten ist stets der jeweilige Anbieter oder Betreiber der Seiten verantwortlich. Die verlinkten Seiten wurden zum Zeitpunkt der Verlinkung auf m\u00f6gliche Rechtsverst\u00f6\u00dfe \u00fcberpr\u00fcft. Rechtswidrige Inhalte waren zum Zeitpunkt der Verlinkung nicht erkennbar.<\/p>\n<p class=\"Stil2\">Eine permanente inhaltliche Kontrolle der verlinkten Seiten ist jedoch ohne konkrete Anhaltspunkte einer Rechtsverletzung nicht zumutbar. Bei Bekanntwerden von Rechtsverletzungen werden wir derartige Links umgehend entfernen.<\/p>\n\n<h3>Urheberrecht<\/h3>\n<p class=\"Stil2\">Die durch die Seitenbetreiber erstellten Inhalte und Werke auf diesen Seiten unterliegen dem deutschen Urheberrecht. Die Vervielf\u00e4ltigung, Bearbeitung, Verbreitung und jede Art der Verwertung au\u00dferhalb der Grenzen des Urheberrechtes bed\u00fcrfen der schriftlichen Zustimmung des jeweiligen Autors bzw. Erstellers. Downloads und Kopien dieser Seite sind nur f\u00fcr den privaten, nicht kommerziellen Gebrauch gestattet.<\/p>\n<p class=\"Stil2\">Soweit die Inhalte auf dieser Seite nicht vom Betreiber erstellt wurden, werden die Urheberrechte Dritter beachtet. Insbesondere werden Inhalte Dritter als solche gekennzeichnet. Sollten Sie trotzdem auf eine Urheberrechtsverletzung aufmerksam werden, bitten wir um einen entsprechenden Hinweis. Bei Bekanntwerden von Rechtsverletzungen werden wir derartige Inhalte umgehend entfernen.<\/p>\t\t\t\t\t\t\t\t<\/div>\n\t\t\t\t<\/div>\n\t\t\t\t<div class=\"elementor-element elementor-element-d5992d7 elementor-widget elementor-widget-text-editor\" data-id=\"d5992d7\" data-element_type=\"widget\" data-e-type=\"widget\" data-widget_type=\"text-editor.default\">\n\t\t\t\t<div class=\"elementor-widget-container\">\n\t\t\t\t\t\t\t\t\t<p class=\"Stil2\"><span style=\"font-family: Arial, Helvetica, sans-serif; font-size: small;\"><b>Allgemeine Einkaufsbedingungen DE:<\/b><br \/><a href=\"https:\/\/www.schaaf-gmbh.com\/wp-content\/download\/SCHAAF_Allgemeine_Einkaufsbedingungen.pdf\" target=\"_blank\" rel=\"noopener\">PDF Download\u00a0<img decoding=\"async\" src=\"data:image\/gif;base64,R0lGODlhAQABAAAAACH5BAEKAAEALAAAAAABAAEAAAICTAEAOw==\" class=\"lazyload\" data-src=\"https:\/\/www.schaaf-gmbh.com\/wp-content\/uploads\/pdf_icon.gif\"><\/a><\/span><\/p><p class=\"Stil2\"><span style=\"font-family: Arial, Helvetica, sans-serif; font-size: small;\"><b>Allgemeine Einkaufsbedingungen GB:<\/b><br \/><a href=\"https:\/\/www.schaaf-gmbh.com\/wp-content\/download\/SCHAAF_General_terms_of_purchase.pdf\" target=\"_blank\" rel=\"noopener\">PDF Download\u00a0<img decoding=\"async\" src=\"data:image\/gif;base64,R0lGODlhAQABAAAAACH5BAEKAAEALAAAAAABAAEAAAICTAEAOw==\" class=\"lazyload\" data-src=\"https:\/\/www.schaaf-gmbh.com\/wp-content\/uploads\/pdf_icon.gif\"><\/a><\/span><\/p><p class=\"Stil2\"><span style=\"font-family: Arial, Helvetica, sans-serif; font-size: small;\"><b>Allgemeine Verkaufsbedingungen DE:<\/b><br \/><a href=\"https:\/\/www.schaaf-gmbh.com\/wp-content\/download\/SCHAAF_Allgemeine_Verkaufsbedingungen.pdf\" target=\"_blank\" rel=\"noopener\">PDF Download\u00a0<img decoding=\"async\" src=\"data:image\/gif;base64,R0lGODlhAQABAAAAACH5BAEKAAEALAAAAAABAAEAAAICTAEAOw==\" class=\"lazyload\" data-src=\"https:\/\/www.schaaf-gmbh.com\/wp-content\/uploads\/pdf_icon.gif\"><\/a><\/span><\/p><p class=\"Stil2\"><span style=\"font-family: Arial, Helvetica, sans-serif; font-size: small;\"><b>Allgemeine Verkaufsbedingungen GB:<\/b><br \/><a href=\"https:\/\/www.schaaf-gmbh.com\/wp-content\/download\/SCHAAF_General_terms_of_sale.pdf\" target=\"_blank\" rel=\"noopener\">PDF Download\u00a0<img decoding=\"async\" src=\"data:image\/gif;base64,R0lGODlhAQABAAAAACH5BAEKAAEALAAAAAABAAEAAAICTAEAOw==\" class=\"lazyload\" data-src=\"https:\/\/www.schaaf-gmbh.com\/wp-content\/uploads\/pdf_icon.gif\"><\/a><\/span><\/p><p class=\"Stil2\"><span style=\"font-family: Arial, Helvetica, sans-serif; font-size: small;\"><b>Allgemeine Verkaufsbedingungen FR:<\/b><br \/><a href=\"https:\/\/www.schaaf-gmbh.com\/wp-content\/download\/SCHAAF_Conditions_Generales_de_Vente.pdf\" target=\"_blank\" rel=\"noopener\">PDF Download\u00a0<img decoding=\"async\" src=\"data:image\/gif;base64,R0lGODlhAQABAAAAACH5BAEKAAEALAAAAAABAAEAAAICTAEAOw==\" class=\"lazyload\" data-src=\"https:\/\/www.schaaf-gmbh.com\/wp-content\/uploads\/pdf_icon.gif\"><\/a><\/span><\/p><p><span style=\"font-family: Arial, Helvetica, sans-serif; font-size: small;\"><b>Service Allgemeine Verkaufsbedingungen DE:<\/b><br \/><a href=\"https:\/\/www.schaaf-gmbh.com\/wp-content\/download\/SCHAAF_SERVICE_Allgemeine_Verkaufsbedingungen.pdf\" target=\"_blank\" rel=\"noopener\">PDF Download\u00a0<img decoding=\"async\" src=\"data:image\/gif;base64,R0lGODlhAQABAAAAACH5BAEKAAEALAAAAAABAAEAAAICTAEAOw==\" class=\"lazyload\" data-src=\"https:\/\/www.schaaf-gmbh.com\/wp-content\/uploads\/pdf_icon.gif\"><\/a><\/span><\/p><p><span style=\"font-family: Arial, Helvetica, sans-serif; font-size: small;\"><b>Service Allgemeine Verkaufsbedingungen GB:<\/b><br \/><a href=\"https:\/\/www.schaaf-gmbh.com\/wp-content\/download\/SCHAAF_SERVICE_General_terms_of_sale.pdf\" target=\"_blank\" rel=\"noopener\">PDF Download\u00a0<img decoding=\"async\" src=\"data:image\/gif;base64,R0lGODlhAQABAAAAACH5BAEKAAEALAAAAAABAAEAAAICTAEAOw==\" class=\"lazyload\" data-src=\"https:\/\/www.schaaf-gmbh.com\/wp-content\/uploads\/pdf_icon.gif\"><\/a><\/span><\/p><p><span style=\"font-family: Arial, Helvetica, sans-serif; font-size: small;\"><b>Material Blacklist GB:<\/b><\/span><br \/><a href=\"https:\/\/www.schaaf-gmbh.com\/wp-content\/download\/SCHAAF_material_blacklist.PDF\" target=\"_blank\" rel=\"noopener\">PDF Download\u00a0<img decoding=\"async\" src=\"data:image\/gif;base64,R0lGODlhAQABAAAAACH5BAEKAAEALAAAAAABAAEAAAICTAEAOw==\" class=\"lazyload\" data-src=\"https:\/\/www.schaaf-gmbh.com\/wp-content\/uploads\/pdf_icon.gif\"><\/a><\/p><p><span style=\"font-family: Arial, Helvetica, sans-serif; font-size: small;\"><b>Code of Conduct SCHAAF DE\/GB:<\/b><br \/><a href=\"https:\/\/www.schaaf-gmbh.com\/wp-content\/uploads\/pdf\/code_of_conduct_schaaf.pdf\" target=\"_blank\" rel=\"noopener\">PDF Download\u00a0<img decoding=\"async\" src=\"data:image\/gif;base64,R0lGODlhAQABAAAAACH5BAEKAAEALAAAAAABAAEAAAICTAEAOw==\" class=\"lazyload\" data-src=\"https:\/\/www.schaaf-gmbh.com\/wp-content\/uploads\/pdf_icon.gif\"><\/a><\/span><\/p><p><span style=\"font-family: Arial, Helvetica, sans-serif; font-size: small;\"><b>Code of Conduct SCHAAF Service DE\/GB:<\/b><br \/><a href=\"https:\/\/www.schaaf-gmbh.com\/wp-content\/uploads\/code_of_conduct_schaaf_service.pdf\" target=\"_blank\" rel=\"noopener\">PDF Download\u00a0<img decoding=\"async\" src=\"data:image\/gif;base64,R0lGODlhAQABAAAAACH5BAEKAAEALAAAAAABAAEAAAICTAEAOw==\" class=\"lazyload\" data-src=\"https:\/\/www.schaaf-gmbh.com\/wp-content\/uploads\/pdf_icon.gif\"><\/a><\/span><\/p>\t\t\t\t\t\t\t\t<\/div>\n\t\t\t\t<\/div>\n\t\t\t\t\t<\/div>\r\n\t\t\t\t<\/div>\r\n\t\t\t\t\t<\/div>\r\n\t\t\t\t<\/section>\r\n\t\t\t\t<\/div>\n\t\t","protected":false},"excerpt":{"rendered":"<p>Impressum \u00a9 Copyright 2025 by SCHAAF GmbH &amp; Co. KG, Erkelenz Angaben gem\u00e4\u00df \u00a7 5 TMG: SCHAAF GmbH &amp; Co. KG Br\u00fcsseler Allee 22 41812 Erkelenz-Germany Vertreten durch: Dipl.-Ing. Ralf K\u00f6llges Kontakt: Telefon: +49 &#8211; 24 31 &#8211; 9 77 70-0 Telefax: +49 &#8211; 24 31 &#8211; 9 77 70-77 E-Mail: info@schaaf-gmbh.com Kommanditgesellschaft, Sitz Erkelenz [&hellip;]<\/p>\n","protected":false},"author":1,"featured_media":0,"parent":0,"menu_order":0,"comment_status":"closed","ping_status":"closed","template":"","meta":{"footnotes":""},"class_list":["post-24374","page","type-page","status-publish","hentry"],"yoast_head":"<!-- This site is optimized with the Yoast SEO Premium plugin v26.6 (Yoast SEO v27.3) - https:\/\/yoast.com\/product\/yoast-seo-premium-wordpress\/ -->\n<title>Impressum - SCHAAF - Leading joining technology<\/title>\n<meta name=\"description\" content=\"K\u00f6llges Gesch\u00e4ftsf\u00fchrungs-GmbH Amtsgericht M\u00f6nchengladbach, HRB 11477 Gesch\u00e4ftsf\u00fchrer: Dipl.-Ing. Ralf K\u00f6llges\" \/>\n<meta name=\"robots\" content=\"index, follow, max-snippet:-1, max-image-preview:large, max-video-preview:-1\" \/>\n<link rel=\"canonical\" href=\"https:\/\/www.schaaf-gmbh.com\/de\/impressum\/\" \/>\n<meta property=\"og:locale\" content=\"de_DE\" \/>\n<meta property=\"og:type\" content=\"article\" \/>\n<meta property=\"og:title\" content=\"Impressum\" \/>\n<meta property=\"og:description\" content=\"K\u00f6llges Gesch\u00e4ftsf\u00fchrungs-GmbH Amtsgericht M\u00f6nchengladbach, HRB 11477 Gesch\u00e4ftsf\u00fchrer: Dipl.-Ing. Ralf K\u00f6llges\" \/>\n<meta property=\"og:url\" content=\"https:\/\/www.schaaf-gmbh.com\/de\/impressum\/\" \/>\n<meta property=\"og:site_name\" content=\"SCHAAF - Leading joining technology\" \/>\n<meta property=\"article:publisher\" content=\"https:\/\/www.facebook.com\/Schaaf.gmbh.de\/\" \/>\n<meta property=\"article:modified_time\" content=\"2025-07-16T13:22:12+00:00\" \/>\n<meta property=\"og:image\" content=\"https:\/\/www.schaaf-gmbh.com\/wp-content\/uploads\/pdf_icon.gif\" \/>\n<meta name=\"twitter:card\" content=\"summary_large_image\" \/>\n<meta name=\"twitter:label1\" content=\"Gesch\u00e4tzte Lesezeit\" \/>\n\t<meta name=\"twitter:data1\" content=\"5\u00a0Minuten\" \/>\n<script type=\"application\/ld+json\" class=\"yoast-schema-graph\">{\"@context\":\"https:\\\/\\\/schema.org\",\"@graph\":[{\"@type\":\"WebPage\",\"@id\":\"https:\\\/\\\/www.schaaf-gmbh.com\\\/de\\\/impressum\\\/\",\"url\":\"https:\\\/\\\/www.schaaf-gmbh.com\\\/de\\\/impressum\\\/\",\"name\":\"Impressum - SCHAAF - Leading joining technology\",\"isPartOf\":{\"@id\":\"https:\\\/\\\/www.schaaf-gmbh.com\\\/de\\\/#website\"},\"primaryImageOfPage\":{\"@id\":\"https:\\\/\\\/www.schaaf-gmbh.com\\\/de\\\/impressum\\\/#primaryimage\"},\"image\":{\"@id\":\"https:\\\/\\\/www.schaaf-gmbh.com\\\/de\\\/impressum\\\/#primaryimage\"},\"thumbnailUrl\":\"https:\\\/\\\/www.schaaf-gmbh.com\\\/wp-content\\\/uploads\\\/pdf_icon.gif\",\"datePublished\":\"2021-09-10T13:43:46+00:00\",\"dateModified\":\"2025-07-16T13:22:12+00:00\",\"description\":\"K\u00f6llges Gesch\u00e4ftsf\u00fchrungs-GmbH Amtsgericht M\u00f6nchengladbach, HRB 11477 Gesch\u00e4ftsf\u00fchrer: Dipl.-Ing. Ralf K\u00f6llges\",\"breadcrumb\":{\"@id\":\"https:\\\/\\\/www.schaaf-gmbh.com\\\/de\\\/impressum\\\/#breadcrumb\"},\"inLanguage\":\"de\",\"potentialAction\":[{\"@type\":\"ReadAction\",\"target\":[\"https:\\\/\\\/www.schaaf-gmbh.com\\\/de\\\/impressum\\\/\"]}]},{\"@type\":\"ImageObject\",\"inLanguage\":\"de\",\"@id\":\"https:\\\/\\\/www.schaaf-gmbh.com\\\/de\\\/impressum\\\/#primaryimage\",\"url\":\"https:\\\/\\\/www.schaaf-gmbh.com\\\/wp-content\\\/uploads\\\/pdf_icon.gif\",\"contentUrl\":\"https:\\\/\\\/www.schaaf-gmbh.com\\\/wp-content\\\/uploads\\\/pdf_icon.gif\"},{\"@type\":\"BreadcrumbList\",\"@id\":\"https:\\\/\\\/www.schaaf-gmbh.com\\\/de\\\/impressum\\\/#breadcrumb\",\"itemListElement\":[{\"@type\":\"ListItem\",\"position\":1,\"name\":\"Startseite\",\"item\":\"https:\\\/\\\/www.schaaf-gmbh.com\\\/de\\\/\"},{\"@type\":\"ListItem\",\"position\":2,\"name\":\"Impressum\"}]},{\"@type\":\"WebSite\",\"@id\":\"https:\\\/\\\/www.schaaf-gmbh.com\\\/de\\\/#website\",\"url\":\"https:\\\/\\\/www.schaaf-gmbh.com\\\/de\\\/\",\"name\":\"SCHAAF - Leading joining technology\",\"description\":\"Leading joining technology\",\"publisher\":{\"@id\":\"https:\\\/\\\/www.schaaf-gmbh.com\\\/de\\\/#organization\"},\"potentialAction\":[{\"@type\":\"SearchAction\",\"target\":{\"@type\":\"EntryPoint\",\"urlTemplate\":\"https:\\\/\\\/www.schaaf-gmbh.com\\\/de\\\/?s={search_term_string}\"},\"query-input\":{\"@type\":\"PropertyValueSpecification\",\"valueRequired\":true,\"valueName\":\"search_term_string\"}}],\"inLanguage\":\"de\"},{\"@type\":\"Organization\",\"@id\":\"https:\\\/\\\/www.schaaf-gmbh.com\\\/de\\\/#organization\",\"name\":\"Schaaf GmbH & Co. KG\",\"alternateName\":\"SCHAAF GmbH & Co. KG\",\"url\":\"https:\\\/\\\/www.schaaf-gmbh.com\\\/de\\\/\",\"logo\":{\"@type\":\"ImageObject\",\"inLanguage\":\"de\",\"@id\":\"https:\\\/\\\/www.schaaf-gmbh.com\\\/de\\\/#\\\/schema\\\/logo\\\/image\\\/\",\"url\":\"https:\\\/\\\/www.schaaf-gmbh.com\\\/wp-content\\\/uploads\\\/grundaufbau\\\/apple_176x176.png\",\"contentUrl\":\"https:\\\/\\\/www.schaaf-gmbh.com\\\/wp-content\\\/uploads\\\/grundaufbau\\\/apple_176x176.png\",\"width\":176,\"height\":176,\"caption\":\"Schaaf GmbH & Co. KG\"},\"image\":{\"@id\":\"https:\\\/\\\/www.schaaf-gmbh.com\\\/de\\\/#\\\/schema\\\/logo\\\/image\\\/\"},\"sameAs\":[\"https:\\\/\\\/www.facebook.com\\\/Schaaf.gmbh.de\\\/\",\"https:\\\/\\\/www.instagram.com\\\/schaaf.gmbh\\\/\",\"https:\\\/\\\/de.linkedin.com\\\/company\\\/schaaf-gmbh-com\",\"https:\\\/\\\/www.youtube.com\\\/channel\\\/UCJfkln8LVDeGgV-V8yzePBQ\"]}]}<\/script>\n<!-- \/ Yoast SEO Premium plugin. -->","yoast_head_json":{"title":"Impressum - SCHAAF - Leading joining technology","description":"K\u00f6llges Gesch\u00e4ftsf\u00fchrungs-GmbH Amtsgericht M\u00f6nchengladbach, HRB 11477 Gesch\u00e4ftsf\u00fchrer: Dipl.-Ing. Ralf K\u00f6llges","robots":{"index":"index","follow":"follow","max-snippet":"max-snippet:-1","max-image-preview":"max-image-preview:large","max-video-preview":"max-video-preview:-1"},"canonical":"https:\/\/www.schaaf-gmbh.com\/de\/impressum\/","og_locale":"de_DE","og_type":"article","og_title":"Impressum","og_description":"K\u00f6llges Gesch\u00e4ftsf\u00fchrungs-GmbH Amtsgericht M\u00f6nchengladbach, HRB 11477 Gesch\u00e4ftsf\u00fchrer: Dipl.-Ing. Ralf K\u00f6llges","og_url":"https:\/\/www.schaaf-gmbh.com\/de\/impressum\/","og_site_name":"SCHAAF - Leading joining technology","article_publisher":"https:\/\/www.facebook.com\/Schaaf.gmbh.de\/","article_modified_time":"2025-07-16T13:22:12+00:00","og_image":[{"url":"https:\/\/www.schaaf-gmbh.com\/wp-content\/uploads\/pdf_icon.gif","type":"","width":"","height":""}],"twitter_card":"summary_large_image","twitter_misc":{"Gesch\u00e4tzte Lesezeit":"5\u00a0Minuten"},"schema":{"@context":"https:\/\/schema.org","@graph":[{"@type":"WebPage","@id":"https:\/\/www.schaaf-gmbh.com\/de\/impressum\/","url":"https:\/\/www.schaaf-gmbh.com\/de\/impressum\/","name":"Impressum - SCHAAF - Leading joining technology","isPartOf":{"@id":"https:\/\/www.schaaf-gmbh.com\/de\/#website"},"primaryImageOfPage":{"@id":"https:\/\/www.schaaf-gmbh.com\/de\/impressum\/#primaryimage"},"image":{"@id":"https:\/\/www.schaaf-gmbh.com\/de\/impressum\/#primaryimage"},"thumbnailUrl":"https:\/\/www.schaaf-gmbh.com\/wp-content\/uploads\/pdf_icon.gif","datePublished":"2021-09-10T13:43:46+00:00","dateModified":"2025-07-16T13:22:12+00:00","description":"K\u00f6llges Gesch\u00e4ftsf\u00fchrungs-GmbH Amtsgericht M\u00f6nchengladbach, HRB 11477 Gesch\u00e4ftsf\u00fchrer: Dipl.-Ing. Ralf K\u00f6llges","breadcrumb":{"@id":"https:\/\/www.schaaf-gmbh.com\/de\/impressum\/#breadcrumb"},"inLanguage":"de","potentialAction":[{"@type":"ReadAction","target":["https:\/\/www.schaaf-gmbh.com\/de\/impressum\/"]}]},{"@type":"ImageObject","inLanguage":"de","@id":"https:\/\/www.schaaf-gmbh.com\/de\/impressum\/#primaryimage","url":"https:\/\/www.schaaf-gmbh.com\/wp-content\/uploads\/pdf_icon.gif","contentUrl":"https:\/\/www.schaaf-gmbh.com\/wp-content\/uploads\/pdf_icon.gif"},{"@type":"BreadcrumbList","@id":"https:\/\/www.schaaf-gmbh.com\/de\/impressum\/#breadcrumb","itemListElement":[{"@type":"ListItem","position":1,"name":"Startseite","item":"https:\/\/www.schaaf-gmbh.com\/de\/"},{"@type":"ListItem","position":2,"name":"Impressum"}]},{"@type":"WebSite","@id":"https:\/\/www.schaaf-gmbh.com\/de\/#website","url":"https:\/\/www.schaaf-gmbh.com\/de\/","name":"SCHAAF - Leading joining technology","description":"Leading joining technology","publisher":{"@id":"https:\/\/www.schaaf-gmbh.com\/de\/#organization"},"potentialAction":[{"@type":"SearchAction","target":{"@type":"EntryPoint","urlTemplate":"https:\/\/www.schaaf-gmbh.com\/de\/?s={search_term_string}"},"query-input":{"@type":"PropertyValueSpecification","valueRequired":true,"valueName":"search_term_string"}}],"inLanguage":"de"},{"@type":"Organization","@id":"https:\/\/www.schaaf-gmbh.com\/de\/#organization","name":"Schaaf GmbH & Co. KG","alternateName":"SCHAAF GmbH & Co. KG","url":"https:\/\/www.schaaf-gmbh.com\/de\/","logo":{"@type":"ImageObject","inLanguage":"de","@id":"https:\/\/www.schaaf-gmbh.com\/de\/#\/schema\/logo\/image\/","url":"https:\/\/www.schaaf-gmbh.com\/wp-content\/uploads\/grundaufbau\/apple_176x176.png","contentUrl":"https:\/\/www.schaaf-gmbh.com\/wp-content\/uploads\/grundaufbau\/apple_176x176.png","width":176,"height":176,"caption":"Schaaf GmbH & Co. KG"},"image":{"@id":"https:\/\/www.schaaf-gmbh.com\/de\/#\/schema\/logo\/image\/"},"sameAs":["https:\/\/www.facebook.com\/Schaaf.gmbh.de\/","https:\/\/www.instagram.com\/schaaf.gmbh\/","https:\/\/de.linkedin.com\/company\/schaaf-gmbh-com","https:\/\/www.youtube.com\/channel\/UCJfkln8LVDeGgV-V8yzePBQ"]}]}},"_links":{"self":[{"href":"https:\/\/www.schaaf-gmbh.com\/de\/wp-json\/wp\/v2\/pages\/24374","targetHints":{"allow":["GET"]}}],"collection":[{"href":"https:\/\/www.schaaf-gmbh.com\/de\/wp-json\/wp\/v2\/pages"}],"about":[{"href":"https:\/\/www.schaaf-gmbh.com\/de\/wp-json\/wp\/v2\/types\/page"}],"author":[{"embeddable":true,"href":"https:\/\/www.schaaf-gmbh.com\/de\/wp-json\/wp\/v2\/users\/1"}],"replies":[{"embeddable":true,"href":"https:\/\/www.schaaf-gmbh.com\/de\/wp-json\/wp\/v2\/comments?post=24374"}],"version-history":[{"count":16,"href":"https:\/\/www.schaaf-gmbh.com\/de\/wp-json\/wp\/v2\/pages\/24374\/revisions"}],"predecessor-version":[{"id":62320,"href":"https:\/\/www.schaaf-gmbh.com\/de\/wp-json\/wp\/v2\/pages\/24374\/revisions\/62320"}],"wp:attachment":[{"href":"https:\/\/www.schaaf-gmbh.com\/de\/wp-json\/wp\/v2\/media?parent=24374"}],"curies":[{"name":"wp","href":"https:\/\/api.w.org\/{rel}","templated":true}]}}