{"id":25218,"date":"2021-08-04T13:01:06","date_gmt":"2021-08-04T13:01:06","guid":{"rendered":"https:\/\/www.schaaf-gmbh.com\/bombas-de-palanca-manual"},"modified":"2022-02-10T09:13:55","modified_gmt":"2022-02-10T09:13:55","slug":"handhebelpumpen","status":"publish","type":"page","link":"https:\/\/www.schaaf-gmbh.com\/es\/produkterweiterungen\/handhebelpumpen\/","title":{"rendered":"Bombas de Palanca Manual"},"content":{"rendered":"\t\t<div data-elementor-type=\"wp-page\" data-elementor-id=\"25218\" class=\"elementor elementor-25218 elementor-16804\" data-elementor-post-type=\"page\">\n\t\t\t\t\t\t<section class=\"elementor-section elementor-top-section elementor-element elementor-element-1ea17a2 elementor-section-boxed elementor-section-height-default elementor-section-height-default\" data-id=\"1ea17a2\" data-element_type=\"section\" data-e-type=\"section\">\r\n\t\t\r\n\t\t\t\t\t\t\t<div class=\"elementor-container elementor-column-gap-default\">\r\n\t\t\t\t\t\t\t\t\t\t\t<div class=\"elementor-column elementor-col-100 elementor-top-column elementor-element elementor-element-fccbcdd\" data-id=\"fccbcdd\" data-element_type=\"column\" data-e-type=\"column\">\r\n\t\t\t\t\t<div class=\"elementor-widget-wrap elementor-element-populated\">\r\n\t\t\t\t\t\t\t\t<div class=\"elementor-element elementor-element-c2c69d8 elementor-widget elementor-widget-heading\" data-id=\"c2c69d8\" data-element_type=\"widget\" data-e-type=\"widget\" data-widget_type=\"heading.default\">\n\t\t\t\t<div class=\"elementor-widget-container\">\n\t\t\t\t\t<h1 class=\"elementor-heading-title elementor-size-default\">Bombas de Palanca Manual<\/h1>\t\t\t\t<\/div>\n\t\t\t\t<\/div>\n\t\t\t\t\t<\/div>\r\n\t\t\t\t<\/div>\r\n\t\t\t\t\t<\/div>\r\n\t\t\t\t<\/section>\r\n\t\t\t\t<section class=\"elementor-section elementor-top-section elementor-element elementor-element-a1eae99 elementor-section-boxed elementor-section-height-default elementor-section-height-default\" data-id=\"a1eae99\" data-element_type=\"section\" data-e-type=\"section\">\r\n\t\t\r\n\t\t\t\t\t\t\t<div class=\"elementor-container elementor-column-gap-default\">\r\n\t\t\t\t\t\t\t\t\t\t\t\t<\/div>\r\n\t\t\t\t<\/section>\r\n\t\t\t\t<section class=\"elementor-section elementor-top-section elementor-element elementor-element-4194cbe elementor-section-boxed elementor-section-height-default elementor-section-height-default elementor-invisible\" data-id=\"4194cbe\" data-element_type=\"section\" data-e-type=\"section\" data-settings=\"{&quot;animation&quot;:&quot;slideInRight&quot;}\">\r\n\t\t\r\n\t\t\t\t\t\t\t<div class=\"elementor-container elementor-column-gap-default\">\r\n\t\t\t\t\t\t\t\t\t\t\t<div class=\"elementor-column elementor-col-100 elementor-top-column elementor-element elementor-element-74410a8\" data-id=\"74410a8\" data-element_type=\"column\" data-e-type=\"column\">\r\n\t\t\t\t\t<div class=\"elementor-widget-wrap elementor-element-populated\">\r\n\t\t\t\t\t\t\t\t<div class=\"elementor-element elementor-element-0885876 elementor-widget elementor-widget-text-editor\" data-id=\"0885876\" data-element_type=\"widget\" data-e-type=\"widget\" data-widget_type=\"text-editor.default\">\n\t\t\t\t<div class=\"elementor-widget-container\">\n\t\t\t\t\t\t\t\t\t<h4>hasta 4000 bar de presi\u00f3n hidr\u00e1ulica<\/h4>\r\nTodas las bombas tienen un dise\u00f1o extremadamente robusto. Todas las v\u00e1lvulas de alta presi\u00f3n se fabrican con asientos de v\u00e1lvula endurecidos. Esto asegura una vida \u00fatil excepcionalmente larga y robustez con respecto a los contaminantes en el circuito hidr\u00e1ulico. Todas las bombas est\u00e1n, por lo tanto, perfectamente adecuadas para duras condiciones en obras de construcci\u00f3n. Los tanques de acero o de aluminio funcionan al igual que los marcos robustos o tubos en las bombas accionadas el\u00e9ctricamente. Todas las bombas tienen la clasificaci\u00f3n CE, adem\u00e1s son sometidas a extensas revisiones de control de calidad durante la producci\u00f3n y se suministran con una extensa documentaci\u00f3n.\t\t\t\t\t\t\t\t<\/div>\n\t\t\t\t<\/div>\n\t\t\t\t\t<\/div>\r\n\t\t\t\t<\/div>\r\n\t\t\t\t\t<\/div>\r\n\t\t\t\t<\/section>\r\n\t\t\t\t<section class=\"elementor-section elementor-top-section elementor-element elementor-element-c35f060 elementor-section-boxed elementor-section-height-default elementor-section-height-default\" data-id=\"c35f060\" data-element_type=\"section\" data-e-type=\"section\">\r\n\t\t\r\n\t\t\t\t\t\t\t<div class=\"elementor-container elementor-column-gap-default\">\r\n\t\t\t\t\t\t\t\t\t\t\t\t<\/div>\r\n\t\t\t\t<\/section>\r\n\t\t\t\t<section class=\"elementor-section elementor-top-section elementor-element elementor-element-1c09ea5 elementor-section-content-top elementor-section-boxed elementor-section-height-default elementor-section-height-default\" data-id=\"1c09ea5\" data-element_type=\"section\" data-e-type=\"section\">\r\n\t\t\r\n\t\t\t\t\t\t\t<div class=\"elementor-container elementor-column-gap-default\">\r\n\t\t\t\t\t\t\t\t\t\t\t<div class=\"elementor-column elementor-col-33 elementor-top-column elementor-element elementor-element-c3e34ac col-sm-12 col-lg-4 elementor-invisible\" data-id=\"c3e34ac\" data-element_type=\"column\" data-e-type=\"column\" data-settings=\"{&quot;background_background&quot;:&quot;classic&quot;,&quot;animation&quot;:&quot;fadeIn&quot;}\">\r\n\t\t\t\t\t<div class=\"elementor-widget-wrap elementor-element-populated\">\r\n\t\t\t\t\t\t\t\t<div class=\"elementor-element elementor-element-77b8ffa produktbilder elementor-widget elementor-widget-image\" data-id=\"77b8ffa\" data-element_type=\"widget\" data-e-type=\"widget\" data-widget_type=\"image.default\">\n\t\t\t\t<div class=\"elementor-widget-container\">\n\t\t\t\t\t\t\t\t\t\t\t\t\t\t\t\t<a href=\"https:\/\/www.schaaf-gmbh.com\/es\/hp-1600-1s-2s\/\">\n\t\t\t\t\t\t\t<img fetchpriority=\"high\" decoding=\"async\" width=\"469\" height=\"406\" src=\"data:image\/gif;base64,R0lGODlhAQABAAAAACH5BAEKAAEALAAAAAABAAEAAAICTAEAOw==\" class=\"elementor-animation-float attachment-large size-large wp-image-12183 lazyload\" alt=\"\" sizes=\"(max-width: 469px) 100vw, 469px\" data-src=\"https:\/\/www.schaaf-gmbh.com\/wp-content\/uploads\/produkte\/pg22\/pg22_hp1600.png\" data-srcset=\"https:\/\/www.schaaf-gmbh.com\/wp-content\/uploads\/produkte\/pg22\/pg22_hp1600.png 469w, https:\/\/www.schaaf-gmbh.com\/wp-content\/uploads\/produkte\/pg22\/pg22_hp1600-400x346.png 400w, https:\/\/www.schaaf-gmbh.com\/wp-content\/uploads\/produkte\/pg22\/pg22_hp1600-367x318.png 367w\">\t\t\t\t\t\t\t\t<\/a>\n\t\t\t\t\t\t\t\t\t\t\t\t\t\t\t<\/div>\n\t\t\t\t<\/div>\n\t\t\t\t<div class=\"elementor-element elementor-element-1b08c5b produktname elementor-widget elementor-widget-heading\" data-id=\"1b08c5b\" data-element_type=\"widget\" data-e-type=\"widget\" data-widget_type=\"heading.default\">\n\t\t\t\t<div class=\"elementor-widget-container\">\n\t\t\t\t\t<h3 class=\"elementor-heading-title elementor-size-default\"><a href=\"https:\/\/www.schaaf-gmbh.com\/es\/hp-1600-1s-2s\/\">HP 1600-Serie<\/a><\/h3>\t\t\t\t<\/div>\n\t\t\t\t<\/div>\n\t\t\t\t<div class=\"elementor-element elementor-element-84396b3 produktbezeichnung elementor-widget elementor-widget-text-editor\" data-id=\"84396b3\" data-element_type=\"widget\" data-e-type=\"widget\" data-widget_type=\"text-editor.default\">\n\t\t\t\t<div class=\"elementor-widget-container\">\n\t\t\t\t\t\t\t\t\t<span style=\"color: #000000;\">Bomba palanca manual de una o dos etapas para presiones hidr\u00e1ulicas de hasta 1600 bar, completamente ensamblada y lista para su uso inmediato<\/span>\t\t\t\t\t\t\t\t<\/div>\n\t\t\t\t<\/div>\n\t\t\t\t\t<\/div>\r\n\t\t\t\t<\/div>\r\n\t\t\t\t<div class=\"elementor-column elementor-col-33 elementor-top-column elementor-element elementor-element-9391979 col-sm-12 col-lg-4 elementor-invisible\" data-id=\"9391979\" data-element_type=\"column\" data-e-type=\"column\" data-settings=\"{&quot;background_background&quot;:&quot;classic&quot;,&quot;animation&quot;:&quot;fadeIn&quot;}\">\r\n\t\t\t\t\t<div class=\"elementor-widget-wrap elementor-element-populated\">\r\n\t\t\t\t\t\t\t\t<div class=\"elementor-element elementor-element-d96c69d produktbilder elementor-widget elementor-widget-image\" data-id=\"d96c69d\" data-element_type=\"widget\" data-e-type=\"widget\" data-widget_type=\"image.default\">\n\t\t\t\t<div class=\"elementor-widget-container\">\n\t\t\t\t\t\t\t\t\t\t\t\t\t\t\t\t<a href=\"https:\/\/www.schaaf-gmbh.com\/es\/hp-3000-ht\/\">\n\t\t\t\t\t\t\t<img decoding=\"async\" width=\"469\" height=\"406\" src=\"data:image\/gif;base64,R0lGODlhAQABAAAAACH5BAEKAAEALAAAAAABAAEAAAICTAEAOw==\" class=\"elementor-animation-float attachment-large size-large wp-image-12190 lazyload\" alt=\"\" sizes=\"(max-width: 469px) 100vw, 469px\" data-src=\"https:\/\/www.schaaf-gmbh.com\/wp-content\/uploads\/produkte\/pg22\/pg22_hp3000.png\" data-srcset=\"https:\/\/www.schaaf-gmbh.com\/wp-content\/uploads\/produkte\/pg22\/pg22_hp3000.png 469w, https:\/\/www.schaaf-gmbh.com\/wp-content\/uploads\/produkte\/pg22\/pg22_hp3000-400x346.png 400w, https:\/\/www.schaaf-gmbh.com\/wp-content\/uploads\/produkte\/pg22\/pg22_hp3000-367x318.png 367w\">\t\t\t\t\t\t\t\t<\/a>\n\t\t\t\t\t\t\t\t\t\t\t\t\t\t\t<\/div>\n\t\t\t\t<\/div>\n\t\t\t\t<div class=\"elementor-element elementor-element-25520ad produktname elementor-widget elementor-widget-heading\" data-id=\"25520ad\" data-element_type=\"widget\" data-e-type=\"widget\" data-widget_type=\"heading.default\">\n\t\t\t\t<div class=\"elementor-widget-container\">\n\t\t\t\t\t<h3 class=\"elementor-heading-title elementor-size-default\"><a href=\"https:\/\/www.schaaf-gmbh.com\/es\/hp-3000-ht\/\">HP 3000-HT<\/a><\/h3>\t\t\t\t<\/div>\n\t\t\t\t<\/div>\n\t\t\t\t<div class=\"elementor-element elementor-element-2e99dba produktbezeichnung elementor-widget elementor-widget-text-editor\" data-id=\"2e99dba\" data-element_type=\"widget\" data-e-type=\"widget\" data-widget_type=\"text-editor.default\">\n\t\t\t\t<div class=\"elementor-widget-container\">\n\t\t\t\t\t\t\t\t\t<span style=\"color: #000000;\">Bomba de palanca manual de dos etapas para presiones de hasta 3000 bares,<\/span>\r\n<span style=\"color: #000000;\">completamente ensamblada y lista para su uso inmediato<\/span>\t\t\t\t\t\t\t\t<\/div>\n\t\t\t\t<\/div>\n\t\t\t\t\t<\/div>\r\n\t\t\t\t<\/div>\r\n\t\t\t\t<div class=\"elementor-column elementor-col-33 elementor-top-column elementor-element elementor-element-8c67d67 col-sm-12 col-lg-4 elementor-invisible\" data-id=\"8c67d67\" data-element_type=\"column\" data-e-type=\"column\" data-settings=\"{&quot;background_background&quot;:&quot;classic&quot;,&quot;animation&quot;:&quot;fadeIn&quot;}\">\r\n\t\t\t\t\t<div class=\"elementor-widget-wrap elementor-element-populated\">\r\n\t\t\t\t\t\t\t\t<div class=\"elementor-element elementor-element-a6f5243 produktbilder elementor-widget elementor-widget-image\" data-id=\"a6f5243\" data-element_type=\"widget\" data-e-type=\"widget\" data-widget_type=\"image.default\">\n\t\t\t\t<div class=\"elementor-widget-container\">\n\t\t\t\t\t\t\t\t\t\t\t\t\t\t\t\t<a href=\"https:\/\/www.schaaf-gmbh.com\/es\/hp-4000-lt\/\">\n\t\t\t\t\t\t\t<img decoding=\"async\" width=\"469\" height=\"406\" src=\"data:image\/gif;base64,R0lGODlhAQABAAAAACH5BAEKAAEALAAAAAABAAEAAAICTAEAOw==\" class=\"elementor-animation-float attachment-large size-large wp-image-12197 lazyload\" alt=\"\" sizes=\"(max-width: 469px) 100vw, 469px\" data-src=\"https:\/\/www.schaaf-gmbh.com\/wp-content\/uploads\/produkte\/pg22\/pg22_hp4000-lt.png\" data-srcset=\"https:\/\/www.schaaf-gmbh.com\/wp-content\/uploads\/produkte\/pg22\/pg22_hp4000-lt.png 469w, https:\/\/www.schaaf-gmbh.com\/wp-content\/uploads\/produkte\/pg22\/pg22_hp4000-lt-400x346.png 400w, https:\/\/www.schaaf-gmbh.com\/wp-content\/uploads\/produkte\/pg22\/pg22_hp4000-lt-367x318.png 367w\">\t\t\t\t\t\t\t\t<\/a>\n\t\t\t\t\t\t\t\t\t\t\t\t\t\t\t<\/div>\n\t\t\t\t<\/div>\n\t\t\t\t<div class=\"elementor-element elementor-element-47df6ed produktname elementor-widget elementor-widget-heading\" data-id=\"47df6ed\" data-element_type=\"widget\" data-e-type=\"widget\" data-widget_type=\"heading.default\">\n\t\t\t\t<div class=\"elementor-widget-container\">\n\t\t\t\t\t<h3 class=\"elementor-heading-title elementor-size-default\"><a href=\"https:\/\/www.schaaf-gmbh.com\/es\/hp-4000-lt\/\">HP 4000-LT<\/a><\/h3>\t\t\t\t<\/div>\n\t\t\t\t<\/div>\n\t\t\t\t<div class=\"elementor-element elementor-element-f868c26 produktbezeichnung elementor-widget elementor-widget-text-editor\" data-id=\"f868c26\" data-element_type=\"widget\" data-e-type=\"widget\" data-widget_type=\"text-editor.default\">\n\t\t\t\t<div class=\"elementor-widget-container\">\n\t\t\t\t\t\t\t\t\t<span style=\"color: #000000;\">Bomba de palanca manual completamente ensamblada y lista para su uso inmediato, para presiones hidr\u00e1ulicas de hasta 4000 bar<\/span>\t\t\t\t\t\t\t\t<\/div>\n\t\t\t\t<\/div>\n\t\t\t\t\t<\/div>\r\n\t\t\t\t<\/div>\r\n\t\t\t\t\t<\/div>\r\n\t\t\t\t<\/section>\r\n\t\t\t\t<\/div>\n\t\t","protected":false},"excerpt":{"rendered":"<p>Bombas de Palanca Manual hasta 4000 bar de presi\u00f3n hidr\u00e1ulica Todas las bombas tienen un dise\u00f1o extremadamente robusto. Todas las v\u00e1lvulas de alta presi\u00f3n se fabrican con asientos de v\u00e1lvula endurecidos. Esto asegura una vida \u00fatil excepcionalmente larga y robustez con respecto a los contaminantes en el circuito hidr\u00e1ulico. Todas las bombas est\u00e1n, por lo [&hellip;]<\/p>\n","protected":false},"author":1,"featured_media":0,"parent":35545,"menu_order":0,"comment_status":"closed","ping_status":"closed","template":"","meta":{"footnotes":""},"class_list":["post-25218","page","type-page","status-publish","hentry"],"yoast_head":"<!-- This site is optimized with the Yoast SEO Premium plugin v26.6 (Yoast SEO v27.4) - https:\/\/yoast.com\/product\/yoast-seo-premium-wordpress\/ -->\n<title>Bombas de Palanca Manual - SCHAAF - Leading joining technology<\/title>\n<meta name=\"description\" content=\"Las bombas de palanca manual SCHAAF de hasta 4000 bar de presi\u00f3n hidr\u00e1ulica son extremadamente robustas y est\u00e1n dise\u00f1adas con asientos de v\u00e1lvula endurecidos.\" \/>\n<meta name=\"robots\" content=\"index, follow, max-snippet:-1, max-image-preview:large, max-video-preview:-1\" \/>\n<link rel=\"canonical\" href=\"https:\/\/www.schaaf-gmbh.com\/es\/produkterweiterungen\/handhebelpumpen\/\" \/>\n<meta property=\"og:locale\" content=\"es_ES\" \/>\n<meta property=\"og:type\" content=\"article\" \/>\n<meta property=\"og:title\" content=\"Bombas de Palanca Manual\" \/>\n<meta property=\"og:description\" content=\"Las bombas de palanca manual SCHAAF de hasta 4000 bar de presi\u00f3n hidr\u00e1ulica son extremadamente robustas y est\u00e1n dise\u00f1adas con asientos de v\u00e1lvula endurecidos.\" \/>\n<meta property=\"og:url\" content=\"https:\/\/www.schaaf-gmbh.com\/es\/produkterweiterungen\/handhebelpumpen\/\" \/>\n<meta property=\"og:site_name\" content=\"SCHAAF - Leading joining technology\" \/>\n<meta property=\"article:publisher\" content=\"https:\/\/www.facebook.com\/Schaaf.gmbh.de\/\" \/>\n<meta property=\"article:modified_time\" content=\"2022-02-10T09:13:55+00:00\" \/>\n<meta property=\"og:image\" content=\"https:\/\/www.schaaf-gmbh.com\/wp-content\/uploads\/produkte\/pg22\/pg22_hp1600.png\" \/>\n<meta name=\"twitter:card\" content=\"summary_large_image\" \/>\n<meta name=\"twitter:label1\" content=\"Tiempo de lectura\" \/>\n\t<meta name=\"twitter:data1\" content=\"2 minutos\" \/>\n<script type=\"application\/ld+json\" class=\"yoast-schema-graph\">{\"@context\":\"https:\\\/\\\/schema.org\",\"@graph\":[{\"@type\":\"WebPage\",\"@id\":\"https:\\\/\\\/www.schaaf-gmbh.com\\\/es\\\/produkterweiterungen\\\/handhebelpumpen\\\/\",\"url\":\"https:\\\/\\\/www.schaaf-gmbh.com\\\/es\\\/produkterweiterungen\\\/handhebelpumpen\\\/\",\"name\":\"Bombas de Palanca Manual - SCHAAF - Leading joining technology\",\"isPartOf\":{\"@id\":\"https:\\\/\\\/www.schaaf-gmbh.com\\\/es\\\/#website\"},\"primaryImageOfPage\":{\"@id\":\"https:\\\/\\\/www.schaaf-gmbh.com\\\/es\\\/produkterweiterungen\\\/handhebelpumpen\\\/#primaryimage\"},\"image\":{\"@id\":\"https:\\\/\\\/www.schaaf-gmbh.com\\\/es\\\/produkterweiterungen\\\/handhebelpumpen\\\/#primaryimage\"},\"thumbnailUrl\":\"https:\\\/\\\/www.schaaf-gmbh.com\\\/wp-content\\\/uploads\\\/produkte\\\/pg22\\\/pg22_hp1600.png\",\"datePublished\":\"2021-08-04T13:01:06+00:00\",\"dateModified\":\"2022-02-10T09:13:55+00:00\",\"description\":\"Las bombas de palanca manual SCHAAF de hasta 4000 bar de presi\u00f3n hidr\u00e1ulica son extremadamente robustas y est\u00e1n dise\u00f1adas con asientos de v\u00e1lvula endurecidos.\",\"breadcrumb\":{\"@id\":\"https:\\\/\\\/www.schaaf-gmbh.com\\\/es\\\/produkterweiterungen\\\/handhebelpumpen\\\/#breadcrumb\"},\"inLanguage\":\"es\",\"potentialAction\":[{\"@type\":\"ReadAction\",\"target\":[\"https:\\\/\\\/www.schaaf-gmbh.com\\\/es\\\/produkterweiterungen\\\/handhebelpumpen\\\/\"]}]},{\"@type\":\"ImageObject\",\"inLanguage\":\"es\",\"@id\":\"https:\\\/\\\/www.schaaf-gmbh.com\\\/es\\\/produkterweiterungen\\\/handhebelpumpen\\\/#primaryimage\",\"url\":\"https:\\\/\\\/www.schaaf-gmbh.com\\\/wp-content\\\/uploads\\\/produkte\\\/pg22\\\/pg22_hp1600.png\",\"contentUrl\":\"https:\\\/\\\/www.schaaf-gmbh.com\\\/wp-content\\\/uploads\\\/produkte\\\/pg22\\\/pg22_hp1600.png\"},{\"@type\":\"BreadcrumbList\",\"@id\":\"https:\\\/\\\/www.schaaf-gmbh.com\\\/es\\\/produkterweiterungen\\\/handhebelpumpen\\\/#breadcrumb\",\"itemListElement\":[{\"@type\":\"ListItem\",\"position\":1,\"name\":\"Startseite\",\"item\":\"https:\\\/\\\/www.schaaf-gmbh.com\\\/es\\\/\"},{\"@type\":\"ListItem\",\"position\":2,\"name\":\"Extensiones del producto\",\"item\":\"https:\\\/\\\/www.schaaf-gmbh.com\\\/es\\\/produkterweiterungen\\\/\"},{\"@type\":\"ListItem\",\"position\":3,\"name\":\"Bombas de Palanca Manual\"}]},{\"@type\":\"WebSite\",\"@id\":\"https:\\\/\\\/www.schaaf-gmbh.com\\\/es\\\/#website\",\"url\":\"https:\\\/\\\/www.schaaf-gmbh.com\\\/es\\\/\",\"name\":\"SCHAAF - Leading joining technology\",\"description\":\"Leading joining technology\",\"publisher\":{\"@id\":\"https:\\\/\\\/www.schaaf-gmbh.com\\\/es\\\/#organization\"},\"potentialAction\":[{\"@type\":\"SearchAction\",\"target\":{\"@type\":\"EntryPoint\",\"urlTemplate\":\"https:\\\/\\\/www.schaaf-gmbh.com\\\/es\\\/?s={search_term_string}\"},\"query-input\":{\"@type\":\"PropertyValueSpecification\",\"valueRequired\":true,\"valueName\":\"search_term_string\"}}],\"inLanguage\":\"es\"},{\"@type\":\"Organization\",\"@id\":\"https:\\\/\\\/www.schaaf-gmbh.com\\\/es\\\/#organization\",\"name\":\"Schaaf GmbH & Co. KG\",\"alternateName\":\"SCHAAF GmbH & Co. KG\",\"url\":\"https:\\\/\\\/www.schaaf-gmbh.com\\\/es\\\/\",\"logo\":{\"@type\":\"ImageObject\",\"inLanguage\":\"es\",\"@id\":\"https:\\\/\\\/www.schaaf-gmbh.com\\\/es\\\/#\\\/schema\\\/logo\\\/image\\\/\",\"url\":\"https:\\\/\\\/www.schaaf-gmbh.com\\\/wp-content\\\/uploads\\\/grundaufbau\\\/apple_176x176.png\",\"contentUrl\":\"https:\\\/\\\/www.schaaf-gmbh.com\\\/wp-content\\\/uploads\\\/grundaufbau\\\/apple_176x176.png\",\"width\":176,\"height\":176,\"caption\":\"Schaaf GmbH & Co. KG\"},\"image\":{\"@id\":\"https:\\\/\\\/www.schaaf-gmbh.com\\\/es\\\/#\\\/schema\\\/logo\\\/image\\\/\"},\"sameAs\":[\"https:\\\/\\\/www.facebook.com\\\/Schaaf.gmbh.de\\\/\",\"https:\\\/\\\/www.instagram.com\\\/schaaf.gmbh\\\/\",\"https:\\\/\\\/de.linkedin.com\\\/company\\\/schaaf-gmbh-com\",\"https:\\\/\\\/www.youtube.com\\\/channel\\\/UCJfkln8LVDeGgV-V8yzePBQ\"]}]}<\/script>\n<!-- \/ Yoast SEO Premium plugin. -->","yoast_head_json":{"title":"Bombas de Palanca Manual - SCHAAF - Leading joining technology","description":"Las bombas de palanca manual SCHAAF de hasta 4000 bar de presi\u00f3n hidr\u00e1ulica son extremadamente robustas y est\u00e1n dise\u00f1adas con asientos de v\u00e1lvula endurecidos.","robots":{"index":"index","follow":"follow","max-snippet":"max-snippet:-1","max-image-preview":"max-image-preview:large","max-video-preview":"max-video-preview:-1"},"canonical":"https:\/\/www.schaaf-gmbh.com\/es\/produkterweiterungen\/handhebelpumpen\/","og_locale":"es_ES","og_type":"article","og_title":"Bombas de Palanca Manual","og_description":"Las bombas de palanca manual SCHAAF de hasta 4000 bar de presi\u00f3n hidr\u00e1ulica son extremadamente robustas y est\u00e1n dise\u00f1adas con asientos de v\u00e1lvula endurecidos.","og_url":"https:\/\/www.schaaf-gmbh.com\/es\/produkterweiterungen\/handhebelpumpen\/","og_site_name":"SCHAAF - Leading joining technology","article_publisher":"https:\/\/www.facebook.com\/Schaaf.gmbh.de\/","article_modified_time":"2022-02-10T09:13:55+00:00","og_image":[{"url":"https:\/\/www.schaaf-gmbh.com\/wp-content\/uploads\/produkte\/pg22\/pg22_hp1600.png","type":"","width":"","height":""}],"twitter_card":"summary_large_image","twitter_misc":{"Tiempo de lectura":"2 minutos"},"schema":{"@context":"https:\/\/schema.org","@graph":[{"@type":"WebPage","@id":"https:\/\/www.schaaf-gmbh.com\/es\/produkterweiterungen\/handhebelpumpen\/","url":"https:\/\/www.schaaf-gmbh.com\/es\/produkterweiterungen\/handhebelpumpen\/","name":"Bombas de Palanca Manual - SCHAAF - Leading joining technology","isPartOf":{"@id":"https:\/\/www.schaaf-gmbh.com\/es\/#website"},"primaryImageOfPage":{"@id":"https:\/\/www.schaaf-gmbh.com\/es\/produkterweiterungen\/handhebelpumpen\/#primaryimage"},"image":{"@id":"https:\/\/www.schaaf-gmbh.com\/es\/produkterweiterungen\/handhebelpumpen\/#primaryimage"},"thumbnailUrl":"https:\/\/www.schaaf-gmbh.com\/wp-content\/uploads\/produkte\/pg22\/pg22_hp1600.png","datePublished":"2021-08-04T13:01:06+00:00","dateModified":"2022-02-10T09:13:55+00:00","description":"Las bombas de palanca manual SCHAAF de hasta 4000 bar de presi\u00f3n hidr\u00e1ulica son extremadamente robustas y est\u00e1n dise\u00f1adas con asientos de v\u00e1lvula endurecidos.","breadcrumb":{"@id":"https:\/\/www.schaaf-gmbh.com\/es\/produkterweiterungen\/handhebelpumpen\/#breadcrumb"},"inLanguage":"es","potentialAction":[{"@type":"ReadAction","target":["https:\/\/www.schaaf-gmbh.com\/es\/produkterweiterungen\/handhebelpumpen\/"]}]},{"@type":"ImageObject","inLanguage":"es","@id":"https:\/\/www.schaaf-gmbh.com\/es\/produkterweiterungen\/handhebelpumpen\/#primaryimage","url":"https:\/\/www.schaaf-gmbh.com\/wp-content\/uploads\/produkte\/pg22\/pg22_hp1600.png","contentUrl":"https:\/\/www.schaaf-gmbh.com\/wp-content\/uploads\/produkte\/pg22\/pg22_hp1600.png"},{"@type":"BreadcrumbList","@id":"https:\/\/www.schaaf-gmbh.com\/es\/produkterweiterungen\/handhebelpumpen\/#breadcrumb","itemListElement":[{"@type":"ListItem","position":1,"name":"Startseite","item":"https:\/\/www.schaaf-gmbh.com\/es\/"},{"@type":"ListItem","position":2,"name":"Extensiones del producto","item":"https:\/\/www.schaaf-gmbh.com\/es\/produkterweiterungen\/"},{"@type":"ListItem","position":3,"name":"Bombas de Palanca Manual"}]},{"@type":"WebSite","@id":"https:\/\/www.schaaf-gmbh.com\/es\/#website","url":"https:\/\/www.schaaf-gmbh.com\/es\/","name":"SCHAAF - Leading joining technology","description":"Leading joining technology","publisher":{"@id":"https:\/\/www.schaaf-gmbh.com\/es\/#organization"},"potentialAction":[{"@type":"SearchAction","target":{"@type":"EntryPoint","urlTemplate":"https:\/\/www.schaaf-gmbh.com\/es\/?s={search_term_string}"},"query-input":{"@type":"PropertyValueSpecification","valueRequired":true,"valueName":"search_term_string"}}],"inLanguage":"es"},{"@type":"Organization","@id":"https:\/\/www.schaaf-gmbh.com\/es\/#organization","name":"Schaaf GmbH & Co. KG","alternateName":"SCHAAF GmbH & Co. KG","url":"https:\/\/www.schaaf-gmbh.com\/es\/","logo":{"@type":"ImageObject","inLanguage":"es","@id":"https:\/\/www.schaaf-gmbh.com\/es\/#\/schema\/logo\/image\/","url":"https:\/\/www.schaaf-gmbh.com\/wp-content\/uploads\/grundaufbau\/apple_176x176.png","contentUrl":"https:\/\/www.schaaf-gmbh.com\/wp-content\/uploads\/grundaufbau\/apple_176x176.png","width":176,"height":176,"caption":"Schaaf GmbH & Co. KG"},"image":{"@id":"https:\/\/www.schaaf-gmbh.com\/es\/#\/schema\/logo\/image\/"},"sameAs":["https:\/\/www.facebook.com\/Schaaf.gmbh.de\/","https:\/\/www.instagram.com\/schaaf.gmbh\/","https:\/\/de.linkedin.com\/company\/schaaf-gmbh-com","https:\/\/www.youtube.com\/channel\/UCJfkln8LVDeGgV-V8yzePBQ"]}]}},"_links":{"self":[{"href":"https:\/\/www.schaaf-gmbh.com\/es\/wp-json\/wp\/v2\/pages\/25218","targetHints":{"allow":["GET"]}}],"collection":[{"href":"https:\/\/www.schaaf-gmbh.com\/es\/wp-json\/wp\/v2\/pages"}],"about":[{"href":"https:\/\/www.schaaf-gmbh.com\/es\/wp-json\/wp\/v2\/types\/page"}],"author":[{"embeddable":true,"href":"https:\/\/www.schaaf-gmbh.com\/es\/wp-json\/wp\/v2\/users\/1"}],"replies":[{"embeddable":true,"href":"https:\/\/www.schaaf-gmbh.com\/es\/wp-json\/wp\/v2\/comments?post=25218"}],"version-history":[{"count":0,"href":"https:\/\/www.schaaf-gmbh.com\/es\/wp-json\/wp\/v2\/pages\/25218\/revisions"}],"up":[{"embeddable":true,"href":"https:\/\/www.schaaf-gmbh.com\/es\/wp-json\/wp\/v2\/pages\/35545"}],"wp:attachment":[{"href":"https:\/\/www.schaaf-gmbh.com\/es\/wp-json\/wp\/v2\/media?parent=25218"}],"curies":[{"name":"wp","href":"https:\/\/api.w.org\/{rel}","templated":true}]}}