{"id":28563,"date":"2021-08-22T12:31:54","date_gmt":"2021-08-22T12:31:54","guid":{"rendered":"https:\/\/www.schaaf-gmbh.com\/personas-de-contacto-resumen"},"modified":"2022-02-21T11:04:50","modified_gmt":"2022-02-21T11:04:50","slug":"ansprechpartner-uebersicht","status":"publish","type":"page","link":"https:\/\/www.schaaf-gmbh.com\/es\/kontakt\/ansprechpartner-uebersicht\/","title":{"rendered":"Personas de contacto Resumen"},"content":{"rendered":"\t\t<div data-elementor-type=\"wp-page\" data-elementor-id=\"28563\" class=\"elementor elementor-28563 elementor-21813\" data-elementor-post-type=\"page\">\n\t\t\t\t\t\t<section class=\"elementor-section elementor-top-section elementor-element elementor-element-0bcee35 elementor-section-boxed elementor-section-height-default elementor-section-height-default\" data-id=\"0bcee35\" data-element_type=\"section\" data-e-type=\"section\">\r\n\t\t\r\n\t\t\t\t\t\t\t<div class=\"elementor-container elementor-column-gap-default\">\r\n\t\t\t\t\t\t\t\t\t\t\t<div class=\"elementor-column elementor-col-100 elementor-top-column elementor-element elementor-element-d79f63c\" data-id=\"d79f63c\" data-element_type=\"column\" data-e-type=\"column\">\r\n\t\t\t\t\t<div class=\"elementor-widget-wrap elementor-element-populated\">\r\n\t\t\t\t\t\t\t\t<div class=\"elementor-element elementor-element-294c75e elementor-widget elementor-widget-heading\" data-id=\"294c75e\" data-element_type=\"widget\" data-e-type=\"widget\" data-widget_type=\"heading.default\">\n\t\t\t\t<div class=\"elementor-widget-container\">\n\t\t\t\t\t<h1 class=\"elementor-heading-title elementor-size-default\">Personas de contacto<\/h1>\t\t\t\t<\/div>\n\t\t\t\t<\/div>\n\t\t\t\t\t<\/div>\r\n\t\t\t\t<\/div>\r\n\t\t\t\t\t<\/div>\r\n\t\t\t\t<\/section>\r\n\t\t\t\t<section class=\"elementor-section elementor-top-section elementor-element elementor-element-20597343 container elementor-section-boxed elementor-section-height-default elementor-section-height-default\" data-id=\"20597343\" data-element_type=\"section\" data-e-type=\"section\">\r\n\t\t\r\n\t\t\t\t\t\t\t<div class=\"elementor-container elementor-column-gap-default\">\r\n\t\t\t\t\t\t\t\t\t\t\t<div class=\"elementor-column elementor-col-33 elementor-top-column elementor-element elementor-element-4544fff elementor-invisible\" data-id=\"4544fff\" data-element_type=\"column\" data-e-type=\"column\" data-settings=\"{&quot;background_background&quot;:&quot;classic&quot;,&quot;animation&quot;:&quot;fadeIn&quot;}\">\r\n\t\t\t\t\t<div class=\"elementor-widget-wrap elementor-element-populated\">\r\n\t\t\t\t\t\t\t\t<div class=\"elementor-element elementor-element-73bbb062 elementor-widget elementor-widget-image\" data-id=\"73bbb062\" data-element_type=\"widget\" data-e-type=\"widget\" data-widget_type=\"image.default\">\n\t\t\t\t<div class=\"elementor-widget-container\">\n\t\t\t\t\t\t\t\t\t\t\t\t\t\t\t\t<a href=\"https:\/\/www.schaaf-gmbh.com\/es\/ansprechpartner-uebersicht-abteilung\/\">\n\t\t\t\t\t\t\t<img fetchpriority=\"high\" decoding=\"async\" width=\"352\" height=\"336\" src=\"data:image\/gif;base64,R0lGODlhAQABAAAAACH5BAEKAAEALAAAAAABAAEAAAICTAEAOw==\" class=\"elementor-animation-float attachment-medium_large size-medium_large wp-image-39998 lazyload\" alt=\"Abteilungen Ansprechpartner\" data-src=\"https:\/\/www.schaaf-gmbh.com\/wp-content\/uploads\/grundaufbau\/ansprechpartner_abteilung.png\">\t\t\t\t\t\t\t\t<\/a>\n\t\t\t\t\t\t\t\t\t\t\t\t\t\t\t<\/div>\n\t\t\t\t<\/div>\n\t\t\t\t<div class=\"elementor-element elementor-element-7d4e6458 elementor-widget elementor-widget-heading\" data-id=\"7d4e6458\" data-element_type=\"widget\" data-e-type=\"widget\" data-widget_type=\"heading.default\">\n\t\t\t\t<div class=\"elementor-widget-container\">\n\t\t\t\t\t<h3 class=\"elementor-heading-title elementor-size-default\"><a href=\"https:\/\/www.schaaf-gmbh.com\/es\/ansprechpartner-uebersicht-abteilung\/\">Resumen de departamentos<\/a><\/h3>\t\t\t\t<\/div>\n\t\t\t\t<\/div>\n\t\t\t\t\t<\/div>\r\n\t\t\t\t<\/div>\r\n\t\t\t\t<div class=\"elementor-column elementor-col-33 elementor-top-column elementor-element elementor-element-ec84ef3 elementor-invisible\" data-id=\"ec84ef3\" data-element_type=\"column\" data-e-type=\"column\" data-settings=\"{&quot;background_background&quot;:&quot;classic&quot;,&quot;animation&quot;:&quot;fadeIn&quot;}\">\r\n\t\t\t\t\t<div class=\"elementor-widget-wrap elementor-element-populated\">\r\n\t\t\t\t\t\t\t\t<div class=\"elementor-element elementor-element-d5e0f38 elementor-widget elementor-widget-image\" data-id=\"d5e0f38\" data-element_type=\"widget\" data-e-type=\"widget\" data-widget_type=\"image.default\">\n\t\t\t\t<div class=\"elementor-widget-container\">\n\t\t\t\t\t\t\t\t\t\t\t\t\t\t\t\t<a href=\"https:\/\/www.schaaf-gmbh.com\/es\/ansprechpartner-sprachen\/\">\n\t\t\t\t\t\t\t<img decoding=\"async\" width=\"352\" height=\"336\" src=\"data:image\/gif;base64,R0lGODlhAQABAAAAACH5BAEKAAEALAAAAAABAAEAAAICTAEAOw==\" class=\"elementor-animation-float attachment-medium_large size-medium_large wp-image-40004 lazyload\" alt=\"Sprachen Ansprechpartner\" data-src=\"https:\/\/www.schaaf-gmbh.com\/wp-content\/uploads\/grundaufbau\/ansprechpartner_sprachen.png\">\t\t\t\t\t\t\t\t<\/a>\n\t\t\t\t\t\t\t\t\t\t\t\t\t\t\t<\/div>\n\t\t\t\t<\/div>\n\t\t\t\t<div class=\"elementor-element elementor-element-43c0e4f elementor-widget elementor-widget-heading\" data-id=\"43c0e4f\" data-element_type=\"widget\" data-e-type=\"widget\" data-widget_type=\"heading.default\">\n\t\t\t\t<div class=\"elementor-widget-container\">\n\t\t\t\t\t<h3 class=\"elementor-heading-title elementor-size-default\"><a href=\"https:\/\/www.schaaf-gmbh.com\/es\/ansprechpartner-sprachen\/\">Personas de contact por idioma<\/a><\/h3>\t\t\t\t<\/div>\n\t\t\t\t<\/div>\n\t\t\t\t\t<\/div>\r\n\t\t\t\t<\/div>\r\n\t\t\t\t<div class=\"elementor-column elementor-col-33 elementor-top-column elementor-element elementor-element-3064746\" data-id=\"3064746\" data-element_type=\"column\" data-e-type=\"column\">\r\n\t\t\t\t\t<div class=\"elementor-widget-wrap\">\r\n\t\t\t\t\t\t\t\t\t<\/div>\r\n\t\t\t\t<\/div>\r\n\t\t\t\t\t<\/div>\r\n\t\t\t\t<\/section>\r\n\t\t\t\t<section class=\"elementor-section elementor-top-section elementor-element elementor-element-0c5b1ee container elementor-section-boxed elementor-section-height-default elementor-section-height-default\" data-id=\"0c5b1ee\" data-element_type=\"section\" data-e-type=\"section\">\r\n\t\t\r\n\t\t\t\t\t\t\t<div class=\"elementor-container elementor-column-gap-default\">\r\n\t\t\t\t\t\t\t\t\t\t\t<div class=\"elementor-column elementor-col-33 elementor-top-column elementor-element elementor-element-2545a24 elementor-invisible\" data-id=\"2545a24\" data-element_type=\"column\" data-e-type=\"column\" data-settings=\"{&quot;background_background&quot;:&quot;classic&quot;,&quot;animation&quot;:&quot;fadeIn&quot;}\">\r\n\t\t\t\t\t<div class=\"elementor-widget-wrap elementor-element-populated\">\r\n\t\t\t\t\t\t\t\t<div class=\"elementor-element elementor-element-f516452 elementor-widget elementor-widget-image\" data-id=\"f516452\" data-element_type=\"widget\" data-e-type=\"widget\" data-widget_type=\"image.default\">\n\t\t\t\t<div class=\"elementor-widget-container\">\n\t\t\t\t\t\t\t\t\t\t\t\t\t\t\t\t<a href=\"https:\/\/www.schaaf-gmbh.com\/es\/ansprechpartner-china\/\">\n\t\t\t\t\t\t\t<img decoding=\"async\" width=\"352\" height=\"336\" src=\"data:image\/gif;base64,R0lGODlhAQABAAAAACH5BAEKAAEALAAAAAABAAEAAAICTAEAOw==\" class=\"elementor-animation-float attachment-large size-large wp-image-24311 lazyload\" alt=\"SCHAAF China Geb\u00e4ude\" data-src=\"https:\/\/www.schaaf-gmbh.com\/wp-content\/uploads\/unternehmen\/schaaf_ansprechpartner_china.jpg\">\t\t\t\t\t\t\t\t<\/a>\n\t\t\t\t\t\t\t\t\t\t\t\t\t\t\t<\/div>\n\t\t\t\t<\/div>\n\t\t\t\t<div class=\"elementor-element elementor-element-f052f24 elementor-widget elementor-widget-heading\" data-id=\"f052f24\" data-element_type=\"widget\" data-e-type=\"widget\" data-widget_type=\"heading.default\">\n\t\t\t\t<div class=\"elementor-widget-container\">\n\t\t\t\t\t<h3 class=\"elementor-heading-title elementor-size-default\"><a href=\"https:\/\/www.schaaf-gmbh.com\/es\/ansprechpartner-china\/\">Personas de contacto en China<\/a><\/h3>\t\t\t\t<\/div>\n\t\t\t\t<\/div>\n\t\t\t\t\t<\/div>\r\n\t\t\t\t<\/div>\r\n\t\t\t\t<div class=\"elementor-column elementor-col-33 elementor-top-column elementor-element elementor-element-dd206ac elementor-invisible\" data-id=\"dd206ac\" data-element_type=\"column\" data-e-type=\"column\" data-settings=\"{&quot;background_background&quot;:&quot;classic&quot;,&quot;animation&quot;:&quot;fadeIn&quot;}\">\r\n\t\t\t\t\t<div class=\"elementor-widget-wrap elementor-element-populated\">\r\n\t\t\t\t\t\t\t\t<div class=\"elementor-element elementor-element-4a45dcd elementor-widget elementor-widget-image\" data-id=\"4a45dcd\" data-element_type=\"widget\" data-e-type=\"widget\" data-widget_type=\"image.default\">\n\t\t\t\t<div class=\"elementor-widget-container\">\n\t\t\t\t\t\t\t\t\t\t\t\t\t\t\t\t<a href=\"https:\/\/www.schaaf-gmbh.com\/es\/ansprechpartner-schweiz\/\">\n\t\t\t\t\t\t\t<img loading=\"lazy\" decoding=\"async\" width=\"352\" height=\"336\" src=\"data:image\/gif;base64,R0lGODlhAQABAAAAACH5BAEKAAEALAAAAAABAAEAAAICTAEAOw==\" class=\"elementor-animation-float attachment-medium_large size-medium_large wp-image-24318 lazyload\" alt=\"Ansprechpartner Schweiz\" data-src=\"https:\/\/www.schaaf-gmbh.com\/wp-content\/uploads\/unternehmen\/schaaf_ansprechpartner_schweiz.png\">\t\t\t\t\t\t\t\t<\/a>\n\t\t\t\t\t\t\t\t\t\t\t\t\t\t\t<\/div>\n\t\t\t\t<\/div>\n\t\t\t\t<div class=\"elementor-element elementor-element-46fe5da elementor-widget elementor-widget-heading\" data-id=\"46fe5da\" data-element_type=\"widget\" data-e-type=\"widget\" data-widget_type=\"heading.default\">\n\t\t\t\t<div class=\"elementor-widget-container\">\n\t\t\t\t\t<h3 class=\"elementor-heading-title elementor-size-default\"><a href=\"https:\/\/www.schaaf-gmbh.com\/es\/ansprechpartner-schweiz\/\">Personas de contacto en Suiza<\/a><\/h3>\t\t\t\t<\/div>\n\t\t\t\t<\/div>\n\t\t\t\t\t<\/div>\r\n\t\t\t\t<\/div>\r\n\t\t\t\t<div class=\"elementor-column elementor-col-33 elementor-top-column elementor-element elementor-element-569d0fe elementor-invisible\" data-id=\"569d0fe\" data-element_type=\"column\" data-e-type=\"column\" data-settings=\"{&quot;background_background&quot;:&quot;classic&quot;,&quot;animation&quot;:&quot;fadeIn&quot;}\">\r\n\t\t\t\t\t<div class=\"elementor-widget-wrap elementor-element-populated\">\r\n\t\t\t\t\t\t\t\t<div class=\"elementor-element elementor-element-2e0e684 elementor-widget elementor-widget-image\" data-id=\"2e0e684\" data-element_type=\"widget\" data-e-type=\"widget\" data-widget_type=\"image.default\">\n\t\t\t\t<div class=\"elementor-widget-container\">\n\t\t\t\t\t\t\t\t\t\t\t\t\t\t\t\t<a href=\"https:\/\/www.schaaf-gmbh.com\/auslandsvertretung\/\">\n\t\t\t\t\t\t\t<img loading=\"lazy\" decoding=\"async\" width=\"352\" height=\"336\" src=\"data:image\/gif;base64,R0lGODlhAQABAAAAACH5BAEKAAEALAAAAAABAAEAAAICTAEAOw==\" class=\"elementor-animation-float attachment-medium_large size-medium_large wp-image-40014 lazyload\" alt=\"Auslandvertretung\" data-src=\"https:\/\/www.schaaf-gmbh.com\/wp-content\/uploads\/grundaufbau\/auslandsvertretung.png\">\t\t\t\t\t\t\t\t<\/a>\n\t\t\t\t\t\t\t\t\t\t\t\t\t\t\t<\/div>\n\t\t\t\t<\/div>\n\t\t\t\t<div class=\"elementor-element elementor-element-040cd6f elementor-widget elementor-widget-heading\" data-id=\"040cd6f\" data-element_type=\"widget\" data-e-type=\"widget\" data-widget_type=\"heading.default\">\n\t\t\t\t<div class=\"elementor-widget-container\">\n\t\t\t\t\t<h3 class=\"elementor-heading-title elementor-size-default\"><a href=\"https:\/\/www.schaaf-gmbh.com\/auslandsvertretung\/\">Representaci\u00f3n en el extranjero<\/a><\/h3>\t\t\t\t<\/div>\n\t\t\t\t<\/div>\n\t\t\t\t\t<\/div>\r\n\t\t\t\t<\/div>\r\n\t\t\t\t\t<\/div>\r\n\t\t\t\t<\/section>\r\n\t\t\t\t<\/div>\n\t\t","protected":false},"excerpt":{"rendered":"<p>Personas de contacto Resumen de departamentos Personas de contact por idioma Personas de contacto en China Personas de contacto en Suiza Representaci\u00f3n en el extranjero<\/p>\n","protected":false},"author":1,"featured_media":0,"parent":35521,"menu_order":0,"comment_status":"closed","ping_status":"closed","template":"","meta":{"footnotes":""},"class_list":["post-28563","page","type-page","status-publish","hentry"],"yoast_head":"<!-- This site is optimized with the Yoast SEO Premium plugin v26.6 (Yoast SEO v27.3) - https:\/\/yoast.com\/product\/yoast-seo-premium-wordpress\/ -->\n<title>Personas de contacto Resumen - SCHAAF - Leading joining technology<\/title>\n<meta name=\"description\" content=\"Aqu\u00ed encontrar\u00e1 los contactos y empleados de SCHAAF ordenados por departamento, idioma y ubicaci\u00f3n (Alemania, China, Suiza).\" \/>\n<meta name=\"robots\" content=\"index, follow, max-snippet:-1, max-image-preview:large, max-video-preview:-1\" \/>\n<link rel=\"canonical\" href=\"https:\/\/www.schaaf-gmbh.com\/es\/kontakt\/ansprechpartner-uebersicht\/\" \/>\n<meta property=\"og:locale\" content=\"es_ES\" \/>\n<meta property=\"og:type\" content=\"article\" \/>\n<meta property=\"og:title\" content=\"Personas de contacto Resumen\" \/>\n<meta property=\"og:description\" content=\"Aqu\u00ed encontrar\u00e1 los contactos y empleados de SCHAAF ordenados por departamento, idioma y ubicaci\u00f3n (Alemania, China, Suiza).\" \/>\n<meta property=\"og:url\" content=\"https:\/\/www.schaaf-gmbh.com\/es\/kontakt\/ansprechpartner-uebersicht\/\" \/>\n<meta property=\"og:site_name\" content=\"SCHAAF - Leading joining technology\" \/>\n<meta property=\"article:publisher\" content=\"https:\/\/www.facebook.com\/Schaaf.gmbh.de\/\" \/>\n<meta property=\"article:modified_time\" content=\"2022-02-21T11:04:50+00:00\" \/>\n<meta property=\"og:image\" content=\"https:\/\/www.schaaf-gmbh.com\/wp-content\/uploads\/grundaufbau\/ansprechpartner_abteilung.png\" \/>\n<meta name=\"twitter:card\" content=\"summary_large_image\" \/>\n<script type=\"application\/ld+json\" class=\"yoast-schema-graph\">{\"@context\":\"https:\\\/\\\/schema.org\",\"@graph\":[{\"@type\":\"WebPage\",\"@id\":\"https:\\\/\\\/www.schaaf-gmbh.com\\\/es\\\/kontakt\\\/ansprechpartner-uebersicht\\\/\",\"url\":\"https:\\\/\\\/www.schaaf-gmbh.com\\\/es\\\/kontakt\\\/ansprechpartner-uebersicht\\\/\",\"name\":\"Personas de contacto Resumen - SCHAAF - Leading joining technology\",\"isPartOf\":{\"@id\":\"https:\\\/\\\/www.schaaf-gmbh.com\\\/es\\\/#website\"},\"primaryImageOfPage\":{\"@id\":\"https:\\\/\\\/www.schaaf-gmbh.com\\\/es\\\/kontakt\\\/ansprechpartner-uebersicht\\\/#primaryimage\"},\"image\":{\"@id\":\"https:\\\/\\\/www.schaaf-gmbh.com\\\/es\\\/kontakt\\\/ansprechpartner-uebersicht\\\/#primaryimage\"},\"thumbnailUrl\":\"https:\\\/\\\/www.schaaf-gmbh.com\\\/wp-content\\\/uploads\\\/grundaufbau\\\/ansprechpartner_abteilung.png\",\"datePublished\":\"2021-08-22T12:31:54+00:00\",\"dateModified\":\"2022-02-21T11:04:50+00:00\",\"description\":\"Aqu\u00ed encontrar\u00e1 los contactos y empleados de SCHAAF ordenados por departamento, idioma y ubicaci\u00f3n (Alemania, China, Suiza).\",\"breadcrumb\":{\"@id\":\"https:\\\/\\\/www.schaaf-gmbh.com\\\/es\\\/kontakt\\\/ansprechpartner-uebersicht\\\/#breadcrumb\"},\"inLanguage\":\"es\",\"potentialAction\":[{\"@type\":\"ReadAction\",\"target\":[\"https:\\\/\\\/www.schaaf-gmbh.com\\\/es\\\/kontakt\\\/ansprechpartner-uebersicht\\\/\"]}]},{\"@type\":\"ImageObject\",\"inLanguage\":\"es\",\"@id\":\"https:\\\/\\\/www.schaaf-gmbh.com\\\/es\\\/kontakt\\\/ansprechpartner-uebersicht\\\/#primaryimage\",\"url\":\"https:\\\/\\\/www.schaaf-gmbh.com\\\/wp-content\\\/uploads\\\/grundaufbau\\\/ansprechpartner_abteilung.png\",\"contentUrl\":\"https:\\\/\\\/www.schaaf-gmbh.com\\\/wp-content\\\/uploads\\\/grundaufbau\\\/ansprechpartner_abteilung.png\"},{\"@type\":\"BreadcrumbList\",\"@id\":\"https:\\\/\\\/www.schaaf-gmbh.com\\\/es\\\/kontakt\\\/ansprechpartner-uebersicht\\\/#breadcrumb\",\"itemListElement\":[{\"@type\":\"ListItem\",\"position\":1,\"name\":\"Startseite\",\"item\":\"https:\\\/\\\/www.schaaf-gmbh.com\\\/es\\\/\"},{\"@type\":\"ListItem\",\"position\":2,\"name\":\"Contactos\",\"item\":\"https:\\\/\\\/www.schaaf-gmbh.com\\\/es\\\/kontakt\\\/\"},{\"@type\":\"ListItem\",\"position\":3,\"name\":\"Personas de contacto Resumen\"}]},{\"@type\":\"WebSite\",\"@id\":\"https:\\\/\\\/www.schaaf-gmbh.com\\\/es\\\/#website\",\"url\":\"https:\\\/\\\/www.schaaf-gmbh.com\\\/es\\\/\",\"name\":\"SCHAAF - Leading joining technology\",\"description\":\"Leading joining technology\",\"publisher\":{\"@id\":\"https:\\\/\\\/www.schaaf-gmbh.com\\\/es\\\/#organization\"},\"potentialAction\":[{\"@type\":\"SearchAction\",\"target\":{\"@type\":\"EntryPoint\",\"urlTemplate\":\"https:\\\/\\\/www.schaaf-gmbh.com\\\/es\\\/?s={search_term_string}\"},\"query-input\":{\"@type\":\"PropertyValueSpecification\",\"valueRequired\":true,\"valueName\":\"search_term_string\"}}],\"inLanguage\":\"es\"},{\"@type\":\"Organization\",\"@id\":\"https:\\\/\\\/www.schaaf-gmbh.com\\\/es\\\/#organization\",\"name\":\"Schaaf GmbH & Co. KG\",\"alternateName\":\"SCHAAF GmbH & Co. KG\",\"url\":\"https:\\\/\\\/www.schaaf-gmbh.com\\\/es\\\/\",\"logo\":{\"@type\":\"ImageObject\",\"inLanguage\":\"es\",\"@id\":\"https:\\\/\\\/www.schaaf-gmbh.com\\\/es\\\/#\\\/schema\\\/logo\\\/image\\\/\",\"url\":\"https:\\\/\\\/www.schaaf-gmbh.com\\\/wp-content\\\/uploads\\\/grundaufbau\\\/apple_176x176.png\",\"contentUrl\":\"https:\\\/\\\/www.schaaf-gmbh.com\\\/wp-content\\\/uploads\\\/grundaufbau\\\/apple_176x176.png\",\"width\":176,\"height\":176,\"caption\":\"Schaaf GmbH & Co. KG\"},\"image\":{\"@id\":\"https:\\\/\\\/www.schaaf-gmbh.com\\\/es\\\/#\\\/schema\\\/logo\\\/image\\\/\"},\"sameAs\":[\"https:\\\/\\\/www.facebook.com\\\/Schaaf.gmbh.de\\\/\",\"https:\\\/\\\/www.instagram.com\\\/schaaf.gmbh\\\/\",\"https:\\\/\\\/de.linkedin.com\\\/company\\\/schaaf-gmbh-com\",\"https:\\\/\\\/www.youtube.com\\\/channel\\\/UCJfkln8LVDeGgV-V8yzePBQ\"]}]}<\/script>\n<!-- \/ Yoast SEO Premium plugin. -->","yoast_head_json":{"title":"Personas de contacto Resumen - SCHAAF - Leading joining technology","description":"Aqu\u00ed encontrar\u00e1 los contactos y empleados de SCHAAF ordenados por departamento, idioma y ubicaci\u00f3n (Alemania, China, Suiza).","robots":{"index":"index","follow":"follow","max-snippet":"max-snippet:-1","max-image-preview":"max-image-preview:large","max-video-preview":"max-video-preview:-1"},"canonical":"https:\/\/www.schaaf-gmbh.com\/es\/kontakt\/ansprechpartner-uebersicht\/","og_locale":"es_ES","og_type":"article","og_title":"Personas de contacto Resumen","og_description":"Aqu\u00ed encontrar\u00e1 los contactos y empleados de SCHAAF ordenados por departamento, idioma y ubicaci\u00f3n (Alemania, China, Suiza).","og_url":"https:\/\/www.schaaf-gmbh.com\/es\/kontakt\/ansprechpartner-uebersicht\/","og_site_name":"SCHAAF - Leading joining technology","article_publisher":"https:\/\/www.facebook.com\/Schaaf.gmbh.de\/","article_modified_time":"2022-02-21T11:04:50+00:00","og_image":[{"url":"https:\/\/www.schaaf-gmbh.com\/wp-content\/uploads\/grundaufbau\/ansprechpartner_abteilung.png","type":"","width":"","height":""}],"twitter_card":"summary_large_image","schema":{"@context":"https:\/\/schema.org","@graph":[{"@type":"WebPage","@id":"https:\/\/www.schaaf-gmbh.com\/es\/kontakt\/ansprechpartner-uebersicht\/","url":"https:\/\/www.schaaf-gmbh.com\/es\/kontakt\/ansprechpartner-uebersicht\/","name":"Personas de contacto Resumen - SCHAAF - Leading joining technology","isPartOf":{"@id":"https:\/\/www.schaaf-gmbh.com\/es\/#website"},"primaryImageOfPage":{"@id":"https:\/\/www.schaaf-gmbh.com\/es\/kontakt\/ansprechpartner-uebersicht\/#primaryimage"},"image":{"@id":"https:\/\/www.schaaf-gmbh.com\/es\/kontakt\/ansprechpartner-uebersicht\/#primaryimage"},"thumbnailUrl":"https:\/\/www.schaaf-gmbh.com\/wp-content\/uploads\/grundaufbau\/ansprechpartner_abteilung.png","datePublished":"2021-08-22T12:31:54+00:00","dateModified":"2022-02-21T11:04:50+00:00","description":"Aqu\u00ed encontrar\u00e1 los contactos y empleados de SCHAAF ordenados por departamento, idioma y ubicaci\u00f3n (Alemania, China, Suiza).","breadcrumb":{"@id":"https:\/\/www.schaaf-gmbh.com\/es\/kontakt\/ansprechpartner-uebersicht\/#breadcrumb"},"inLanguage":"es","potentialAction":[{"@type":"ReadAction","target":["https:\/\/www.schaaf-gmbh.com\/es\/kontakt\/ansprechpartner-uebersicht\/"]}]},{"@type":"ImageObject","inLanguage":"es","@id":"https:\/\/www.schaaf-gmbh.com\/es\/kontakt\/ansprechpartner-uebersicht\/#primaryimage","url":"https:\/\/www.schaaf-gmbh.com\/wp-content\/uploads\/grundaufbau\/ansprechpartner_abteilung.png","contentUrl":"https:\/\/www.schaaf-gmbh.com\/wp-content\/uploads\/grundaufbau\/ansprechpartner_abteilung.png"},{"@type":"BreadcrumbList","@id":"https:\/\/www.schaaf-gmbh.com\/es\/kontakt\/ansprechpartner-uebersicht\/#breadcrumb","itemListElement":[{"@type":"ListItem","position":1,"name":"Startseite","item":"https:\/\/www.schaaf-gmbh.com\/es\/"},{"@type":"ListItem","position":2,"name":"Contactos","item":"https:\/\/www.schaaf-gmbh.com\/es\/kontakt\/"},{"@type":"ListItem","position":3,"name":"Personas de contacto Resumen"}]},{"@type":"WebSite","@id":"https:\/\/www.schaaf-gmbh.com\/es\/#website","url":"https:\/\/www.schaaf-gmbh.com\/es\/","name":"SCHAAF - Leading joining technology","description":"Leading joining technology","publisher":{"@id":"https:\/\/www.schaaf-gmbh.com\/es\/#organization"},"potentialAction":[{"@type":"SearchAction","target":{"@type":"EntryPoint","urlTemplate":"https:\/\/www.schaaf-gmbh.com\/es\/?s={search_term_string}"},"query-input":{"@type":"PropertyValueSpecification","valueRequired":true,"valueName":"search_term_string"}}],"inLanguage":"es"},{"@type":"Organization","@id":"https:\/\/www.schaaf-gmbh.com\/es\/#organization","name":"Schaaf GmbH & Co. KG","alternateName":"SCHAAF GmbH & Co. KG","url":"https:\/\/www.schaaf-gmbh.com\/es\/","logo":{"@type":"ImageObject","inLanguage":"es","@id":"https:\/\/www.schaaf-gmbh.com\/es\/#\/schema\/logo\/image\/","url":"https:\/\/www.schaaf-gmbh.com\/wp-content\/uploads\/grundaufbau\/apple_176x176.png","contentUrl":"https:\/\/www.schaaf-gmbh.com\/wp-content\/uploads\/grundaufbau\/apple_176x176.png","width":176,"height":176,"caption":"Schaaf GmbH & Co. KG"},"image":{"@id":"https:\/\/www.schaaf-gmbh.com\/es\/#\/schema\/logo\/image\/"},"sameAs":["https:\/\/www.facebook.com\/Schaaf.gmbh.de\/","https:\/\/www.instagram.com\/schaaf.gmbh\/","https:\/\/de.linkedin.com\/company\/schaaf-gmbh-com","https:\/\/www.youtube.com\/channel\/UCJfkln8LVDeGgV-V8yzePBQ"]}]}},"_links":{"self":[{"href":"https:\/\/www.schaaf-gmbh.com\/es\/wp-json\/wp\/v2\/pages\/28563","targetHints":{"allow":["GET"]}}],"collection":[{"href":"https:\/\/www.schaaf-gmbh.com\/es\/wp-json\/wp\/v2\/pages"}],"about":[{"href":"https:\/\/www.schaaf-gmbh.com\/es\/wp-json\/wp\/v2\/types\/page"}],"author":[{"embeddable":true,"href":"https:\/\/www.schaaf-gmbh.com\/es\/wp-json\/wp\/v2\/users\/1"}],"replies":[{"embeddable":true,"href":"https:\/\/www.schaaf-gmbh.com\/es\/wp-json\/wp\/v2\/comments?post=28563"}],"version-history":[{"count":0,"href":"https:\/\/www.schaaf-gmbh.com\/es\/wp-json\/wp\/v2\/pages\/28563\/revisions"}],"up":[{"embeddable":true,"href":"https:\/\/www.schaaf-gmbh.com\/es\/wp-json\/wp\/v2\/pages\/35521"}],"wp:attachment":[{"href":"https:\/\/www.schaaf-gmbh.com\/es\/wp-json\/wp\/v2\/media?parent=28563"}],"curies":[{"name":"wp","href":"https:\/\/api.w.org\/{rel}","templated":true}]}}