{"id":25443,"date":"2021-08-04T13:01:06","date_gmt":"2021-08-04T13:01:06","guid":{"rendered":"https:\/\/www.schaaf-gmbh.com\/pompe-manuelle-haute-pression"},"modified":"2024-11-22T13:54:15","modified_gmt":"2024-11-22T13:54:15","slug":"pompes-a-levier-manuel","status":"publish","type":"page","link":"https:\/\/www.schaaf-gmbh.com\/fr\/extensions-de-produit\/pompes-a-levier-manuel\/","title":{"rendered":"Pompes \u00e0 levier manuel"},"content":{"rendered":"\t\t<div data-elementor-type=\"wp-page\" data-elementor-id=\"25443\" class=\"elementor elementor-25443 elementor-16804\" data-elementor-post-type=\"page\">\n\t\t\t\t\t\t<section class=\"elementor-section elementor-top-section elementor-element elementor-element-1ea17a2 elementor-section-boxed elementor-section-height-default elementor-section-height-default\" data-id=\"1ea17a2\" data-element_type=\"section\" data-e-type=\"section\">\r\n\t\t\r\n\t\t\t\t\t\t\t<div class=\"elementor-container elementor-column-gap-default\">\r\n\t\t\t\t\t\t\t\t\t\t\t<div class=\"elementor-column elementor-col-100 elementor-top-column elementor-element elementor-element-fccbcdd\" data-id=\"fccbcdd\" data-element_type=\"column\" data-e-type=\"column\">\r\n\t\t\t\t\t<div class=\"elementor-widget-wrap elementor-element-populated\">\r\n\t\t\t\t\t\t\t\t<div class=\"elementor-element elementor-element-c2c69d8 elementor-widget elementor-widget-heading\" data-id=\"c2c69d8\" data-element_type=\"widget\" data-e-type=\"widget\" data-widget_type=\"heading.default\">\n\t\t\t\t<div class=\"elementor-widget-container\">\n\t\t\t\t\t<h1 class=\"elementor-heading-title elementor-size-default\">Pompes \u00e0 levier manuel<\/h1>\t\t\t\t<\/div>\n\t\t\t\t<\/div>\n\t\t\t\t\t<\/div>\r\n\t\t\t\t<\/div>\r\n\t\t\t\t\t<\/div>\r\n\t\t\t\t<\/section>\r\n\t\t\t\t<section class=\"elementor-section elementor-top-section elementor-element elementor-element-a1eae99 elementor-section-boxed elementor-section-height-default elementor-section-height-default\" data-id=\"a1eae99\" data-element_type=\"section\" data-e-type=\"section\">\r\n\t\t\r\n\t\t\t\t\t\t\t<div class=\"elementor-container elementor-column-gap-default\">\r\n\t\t\t\t\t\t\t\t\t\t\t\t<\/div>\r\n\t\t\t\t<\/section>\r\n\t\t\t\t<section class=\"elementor-section elementor-top-section elementor-element elementor-element-4194cbe elementor-section-boxed elementor-section-height-default elementor-section-height-default elementor-invisible\" data-id=\"4194cbe\" data-element_type=\"section\" data-e-type=\"section\" data-settings=\"{&quot;animation&quot;:&quot;slideInRight&quot;}\">\r\n\t\t\r\n\t\t\t\t\t\t\t<div class=\"elementor-container elementor-column-gap-default\">\r\n\t\t\t\t\t\t\t\t\t\t\t<div class=\"elementor-column elementor-col-100 elementor-top-column elementor-element elementor-element-74410a8\" data-id=\"74410a8\" data-element_type=\"column\" data-e-type=\"column\">\r\n\t\t\t\t\t<div class=\"elementor-widget-wrap elementor-element-populated\">\r\n\t\t\t\t\t\t\t\t<div class=\"elementor-element elementor-element-0885876 elementor-widget elementor-widget-text-editor\" data-id=\"0885876\" data-element_type=\"widget\" data-e-type=\"widget\" data-widget_type=\"text-editor.default\">\n\t\t\t\t<div class=\"elementor-widget-container\">\n\t\t\t\t\t\t\t\t\t<h4>jusqu&rsquo;\u00e0 4000 bars de pression hydraulique<\/h4>\r\nToutes les pompes \u00e0 levier manuel pr\u00e9sentent une conception extr\u00eamement robuste. Toutes les vannes haute pression sont fabriqu\u00e9es avec des si\u00e8ges de vanne durcis, garantissant ainsi une dur\u00e9e de vie exceptionnellement longue et une r\u00e9sistance \u00e0 la contamination dans le syst\u00e8me hydraulique. Toutes les pompes sont parfaitement adapt\u00e9es \u00e0 un usage intensif sur les chantiers de construction.\t\t\t\t\t\t\t\t<\/div>\n\t\t\t\t<\/div>\n\t\t\t\t\t<\/div>\r\n\t\t\t\t<\/div>\r\n\t\t\t\t\t<\/div>\r\n\t\t\t\t<\/section>\r\n\t\t\t\t<section class=\"elementor-section elementor-top-section elementor-element elementor-element-c35f060 elementor-section-boxed elementor-section-height-default elementor-section-height-default\" data-id=\"c35f060\" data-element_type=\"section\" data-e-type=\"section\">\r\n\t\t\r\n\t\t\t\t\t\t\t<div class=\"elementor-container elementor-column-gap-default\">\r\n\t\t\t\t\t\t\t\t\t\t\t\t<\/div>\r\n\t\t\t\t<\/section>\r\n\t\t\t\t<section class=\"elementor-section elementor-top-section elementor-element elementor-element-1c09ea5 elementor-section-content-top elementor-section-boxed elementor-section-height-default elementor-section-height-default\" data-id=\"1c09ea5\" data-element_type=\"section\" data-e-type=\"section\">\r\n\t\t\r\n\t\t\t\t\t\t\t<div class=\"elementor-container elementor-column-gap-default\">\r\n\t\t\t\t\t\t\t\t\t\t\t<div class=\"elementor-column elementor-col-33 elementor-top-column elementor-element elementor-element-c3e34ac col-sm-12 col-lg-4 elementor-invisible\" data-id=\"c3e34ac\" data-element_type=\"column\" data-e-type=\"column\" data-settings=\"{&quot;background_background&quot;:&quot;classic&quot;,&quot;animation&quot;:&quot;fadeIn&quot;}\">\r\n\t\t\t\t\t<div class=\"elementor-widget-wrap elementor-element-populated\">\r\n\t\t\t\t\t\t\t\t<div class=\"elementor-element elementor-element-77b8ffa produktbilder elementor-widget elementor-widget-image\" data-id=\"77b8ffa\" data-element_type=\"widget\" data-e-type=\"widget\" data-widget_type=\"image.default\">\n\t\t\t\t<div class=\"elementor-widget-container\">\n\t\t\t\t\t\t\t\t\t\t\t\t\t\t\t\t<a href=\"https:\/\/www.schaaf-gmbh.com\/fr\/extension-des-produits\/pompe-manuelle-haute-pression\/hp-1600-1s-2s\/\">\n\t\t\t\t\t\t\t<img decoding=\"async\" src=\"data:image\/gif;base64,R0lGODlhAQABAAAAACH5BAEKAAEALAAAAAABAAEAAAICTAEAOw==\" title=\"\" alt=\"\" class=\"elementor-animation-float lazyload\" loading=\"lazy\" data-src=\"https:\/\/www.schaaf-gmbh.com\/wp-content\/uploads\/produkte\/pg22\/pg22_hp1600.png\">\t\t\t\t\t\t\t\t<\/a>\n\t\t\t\t\t\t\t\t\t\t\t\t\t\t\t<\/div>\n\t\t\t\t<\/div>\n\t\t\t\t<div class=\"elementor-element elementor-element-1b08c5b produktname elementor-widget elementor-widget-heading\" data-id=\"1b08c5b\" data-element_type=\"widget\" data-e-type=\"widget\" data-widget_type=\"heading.default\">\n\t\t\t\t<div class=\"elementor-widget-container\">\n\t\t\t\t\t<h3 class=\"elementor-heading-title elementor-size-default\"><a href=\"https:\/\/www.schaaf-gmbh.com\/fr\/extension-des-produits\/pompe-manuelle-haute-pression\/hp-1600-1s-2s\/\">S\u00e9rie HP 1600<\/a><\/h3>\t\t\t\t<\/div>\n\t\t\t\t<\/div>\n\t\t\t\t<div class=\"elementor-element elementor-element-84396b3 produktbezeichnung elementor-widget elementor-widget-text-editor\" data-id=\"84396b3\" data-element_type=\"widget\" data-e-type=\"widget\" data-widget_type=\"text-editor.default\">\n\t\t\t\t<div class=\"elementor-widget-container\">\n\t\t\t\t\t\t\t\t\t<p><strong>Pompe \u00e0 levier manuel \u00e0 un ou deux \u00e9tages pour des pressions hydrauliques allant jusqu&rsquo;\u00e0 1600 bars<\/strong><\/p>\n\t\t\t\t\t\t\t\t<\/div>\n\t\t\t\t<\/div>\n\t\t\t\t\t<\/div>\r\n\t\t\t\t<\/div>\r\n\t\t\t\t<div class=\"elementor-column elementor-col-33 elementor-top-column elementor-element elementor-element-9391979 col-sm-12 col-lg-4 elementor-invisible\" data-id=\"9391979\" data-element_type=\"column\" data-e-type=\"column\" data-settings=\"{&quot;background_background&quot;:&quot;classic&quot;,&quot;animation&quot;:&quot;fadeIn&quot;}\">\r\n\t\t\t\t\t<div class=\"elementor-widget-wrap elementor-element-populated\">\r\n\t\t\t\t\t\t\t\t<div class=\"elementor-element elementor-element-d96c69d produktbilder elementor-widget elementor-widget-image\" data-id=\"d96c69d\" data-element_type=\"widget\" data-e-type=\"widget\" data-widget_type=\"image.default\">\n\t\t\t\t<div class=\"elementor-widget-container\">\n\t\t\t\t\t\t\t\t\t\t\t\t\t\t\t\t<a href=\"https:\/\/www.schaaf-gmbh.com\/fr\/extension-des-produits\/pompe-manuelle-haute-pression\/hp-3000-ht\/\">\n\t\t\t\t\t\t\t<img decoding=\"async\" src=\"data:image\/gif;base64,R0lGODlhAQABAAAAACH5BAEKAAEALAAAAAABAAEAAAICTAEAOw==\" title=\"\" alt=\"\" class=\"elementor-animation-float lazyload\" loading=\"lazy\" data-src=\"https:\/\/www.schaaf-gmbh.com\/wp-content\/uploads\/produkte\/pg22\/pg22_hp3000.png\">\t\t\t\t\t\t\t\t<\/a>\n\t\t\t\t\t\t\t\t\t\t\t\t\t\t\t<\/div>\n\t\t\t\t<\/div>\n\t\t\t\t<div class=\"elementor-element elementor-element-25520ad produktname elementor-widget elementor-widget-heading\" data-id=\"25520ad\" data-element_type=\"widget\" data-e-type=\"widget\" data-widget_type=\"heading.default\">\n\t\t\t\t<div class=\"elementor-widget-container\">\n\t\t\t\t\t<h3 class=\"elementor-heading-title elementor-size-default\"><a href=\"https:\/\/www.schaaf-gmbh.com\/fr\/extension-des-produits\/pompe-manuelle-haute-pression\/hp-3000-ht\/\">HP 3000-HT<\/a><\/h3>\t\t\t\t<\/div>\n\t\t\t\t<\/div>\n\t\t\t\t<div class=\"elementor-element elementor-element-2e99dba produktbezeichnung elementor-widget elementor-widget-text-editor\" data-id=\"2e99dba\" data-element_type=\"widget\" data-e-type=\"widget\" data-widget_type=\"text-editor.default\">\n\t\t\t\t<div class=\"elementor-widget-container\">\n\t\t\t\t\t\t\t\t\t<p><strong>Pompe \u00e0 levier manuel \u00e0 deux \u00e9tages pour des pressions allant jusqu&rsquo;\u00e0 3000 bars, enti\u00e8rement assembl\u00e9e et pr\u00eate \u00e0 l&#8217;emploi<\/strong><\/p>\n\t\t\t\t\t\t\t\t<\/div>\n\t\t\t\t<\/div>\n\t\t\t\t\t<\/div>\r\n\t\t\t\t<\/div>\r\n\t\t\t\t<div class=\"elementor-column elementor-col-33 elementor-top-column elementor-element elementor-element-8c67d67 col-sm-12 col-lg-4 elementor-invisible\" data-id=\"8c67d67\" data-element_type=\"column\" data-e-type=\"column\" data-settings=\"{&quot;background_background&quot;:&quot;classic&quot;,&quot;animation&quot;:&quot;fadeIn&quot;}\">\r\n\t\t\t\t\t<div class=\"elementor-widget-wrap elementor-element-populated\">\r\n\t\t\t\t\t\t\t\t<div class=\"elementor-element elementor-element-a6f5243 produktbilder elementor-widget elementor-widget-image\" data-id=\"a6f5243\" data-element_type=\"widget\" data-e-type=\"widget\" data-widget_type=\"image.default\">\n\t\t\t\t<div class=\"elementor-widget-container\">\n\t\t\t\t\t\t\t\t\t\t\t\t\t\t\t\t<a href=\"https:\/\/www.schaaf-gmbh.com\/fr\/extension-des-produits\/pompe-manuelle-haute-pression\/hp-4000-lt\/\">\n\t\t\t\t\t\t\t<img decoding=\"async\" src=\"data:image\/gif;base64,R0lGODlhAQABAAAAACH5BAEKAAEALAAAAAABAAEAAAICTAEAOw==\" title=\"\" alt=\"\" class=\"elementor-animation-float lazyload\" loading=\"lazy\" data-src=\"https:\/\/www.schaaf-gmbh.com\/wp-content\/uploads\/produkte\/pg22\/pg22_hp4000-lt.png\">\t\t\t\t\t\t\t\t<\/a>\n\t\t\t\t\t\t\t\t\t\t\t\t\t\t\t<\/div>\n\t\t\t\t<\/div>\n\t\t\t\t<div class=\"elementor-element elementor-element-47df6ed produktname elementor-widget elementor-widget-heading\" data-id=\"47df6ed\" data-element_type=\"widget\" data-e-type=\"widget\" data-widget_type=\"heading.default\">\n\t\t\t\t<div class=\"elementor-widget-container\">\n\t\t\t\t\t<h3 class=\"elementor-heading-title elementor-size-default\"><a href=\"https:\/\/www.schaaf-gmbh.com\/fr\/extension-des-produits\/pompe-manuelle-haute-pression\/hp-4000-lt\/\">HP 4000-LT<\/a><\/h3>\t\t\t\t<\/div>\n\t\t\t\t<\/div>\n\t\t\t\t<div class=\"elementor-element elementor-element-f868c26 produktbezeichnung elementor-widget elementor-widget-text-editor\" data-id=\"f868c26\" data-element_type=\"widget\" data-e-type=\"widget\" data-widget_type=\"text-editor.default\">\n\t\t\t\t<div class=\"elementor-widget-container\">\n\t\t\t\t\t\t\t\t\t<p><strong>Pompe \u00e0 levier manuel enti\u00e8rement assembl\u00e9e et pr\u00eate \u00e0 l&#8217;emploi pour des pressions hydrauliques allant jusqu&rsquo;\u00e0 4000 bars<\/strong><\/p>\n\t\t\t\t\t\t\t\t<\/div>\n\t\t\t\t<\/div>\n\t\t\t\t\t<\/div>\r\n\t\t\t\t<\/div>\r\n\t\t\t\t\t<\/div>\r\n\t\t\t\t<\/section>\r\n\t\t\t\t<\/div>\n\t\t","protected":false},"excerpt":{"rendered":"<p>Pompes \u00e0 levier manuel jusqu&rsquo;\u00e0 4000 bars de pression hydraulique Toutes les pompes \u00e0 levier manuel pr\u00e9sentent une conception extr\u00eamement robuste. Toutes les vannes haute pression sont fabriqu\u00e9es avec des si\u00e8ges de vanne durcis, garantissant ainsi une dur\u00e9e de vie exceptionnellement longue et une r\u00e9sistance \u00e0 la contamination dans le syst\u00e8me hydraulique. Toutes les pompes [&hellip;]<\/p>\n","protected":false},"author":1,"featured_media":0,"parent":34944,"menu_order":0,"comment_status":"closed","ping_status":"closed","template":"","meta":{"footnotes":""},"class_list":["post-25443","page","type-page","status-publish","hentry"],"yoast_head":"<!-- This site is optimized with the Yoast SEO Premium plugin v26.6 (Yoast SEO v27.3) - https:\/\/yoast.com\/product\/yoast-seo-premium-wordpress\/ -->\n<title>Pompes \u00e0 levier manuel - SCHAAF - Leading joining technology<\/title>\n<meta name=\"description\" content=\"Les pompes \u00e0 levier manuel jusqu&#039;\u00e0 4 000 bar de pression hydraulique sont robustes et con\u00e7ues avec des si\u00e8ges de soupape renforc\u00e9s.\" \/>\n<meta name=\"robots\" content=\"index, follow, max-snippet:-1, max-image-preview:large, max-video-preview:-1\" \/>\n<link rel=\"canonical\" href=\"https:\/\/www.schaaf-gmbh.com\/fr\/extensions-de-produit\/pompes-a-levier-manuel\/\" \/>\n<meta property=\"og:locale\" content=\"fr_FR\" \/>\n<meta property=\"og:type\" content=\"article\" \/>\n<meta property=\"og:title\" content=\"Pompes \u00e0 levier manuel\" \/>\n<meta property=\"og:description\" content=\"Les pompes \u00e0 levier manuel jusqu&#039;\u00e0 4 000 bar de pression hydraulique sont robustes et con\u00e7ues avec des si\u00e8ges de soupape renforc\u00e9s.\" \/>\n<meta property=\"og:url\" content=\"https:\/\/www.schaaf-gmbh.com\/fr\/extensions-de-produit\/pompes-a-levier-manuel\/\" \/>\n<meta property=\"og:site_name\" content=\"SCHAAF - Leading joining technology\" \/>\n<meta property=\"article:publisher\" content=\"https:\/\/www.facebook.com\/Schaaf.gmbh.de\/\" \/>\n<meta property=\"article:modified_time\" content=\"2024-11-22T13:54:15+00:00\" \/>\n<meta name=\"twitter:card\" content=\"summary_large_image\" \/>\n<meta name=\"twitter:label1\" content=\"Dur\u00e9e de lecture estim\u00e9e\" \/>\n\t<meta name=\"twitter:data1\" content=\"2 minutes\" \/>\n<script type=\"application\/ld+json\" class=\"yoast-schema-graph\">{\"@context\":\"https:\\\/\\\/schema.org\",\"@graph\":[{\"@type\":\"WebPage\",\"@id\":\"https:\\\/\\\/www.schaaf-gmbh.com\\\/fr\\\/extensions-de-produit\\\/pompes-a-levier-manuel\\\/\",\"url\":\"https:\\\/\\\/www.schaaf-gmbh.com\\\/fr\\\/extensions-de-produit\\\/pompes-a-levier-manuel\\\/\",\"name\":\"Pompes \u00e0 levier manuel - SCHAAF - Leading joining technology\",\"isPartOf\":{\"@id\":\"https:\\\/\\\/www.schaaf-gmbh.com\\\/fr\\\/#website\"},\"primaryImageOfPage\":{\"@id\":\"https:\\\/\\\/www.schaaf-gmbh.com\\\/fr\\\/extensions-de-produit\\\/pompes-a-levier-manuel\\\/#primaryimage\"},\"image\":{\"@id\":\"https:\\\/\\\/www.schaaf-gmbh.com\\\/fr\\\/extensions-de-produit\\\/pompes-a-levier-manuel\\\/#primaryimage\"},\"thumbnailUrl\":\"https:\\\/\\\/www.schaaf-gmbh.com\\\/wp-content\\\/uploads\\\/produkte\\\/pg22\\\/pg22_hp1600.png\",\"datePublished\":\"2021-08-04T13:01:06+00:00\",\"dateModified\":\"2024-11-22T13:54:15+00:00\",\"description\":\"Les pompes \u00e0 levier manuel jusqu'\u00e0 4 000 bar de pression hydraulique sont robustes et con\u00e7ues avec des si\u00e8ges de soupape renforc\u00e9s.\",\"breadcrumb\":{\"@id\":\"https:\\\/\\\/www.schaaf-gmbh.com\\\/fr\\\/extensions-de-produit\\\/pompes-a-levier-manuel\\\/#breadcrumb\"},\"inLanguage\":\"fr-FR\",\"potentialAction\":[{\"@type\":\"ReadAction\",\"target\":[\"https:\\\/\\\/www.schaaf-gmbh.com\\\/fr\\\/extensions-de-produit\\\/pompes-a-levier-manuel\\\/\"]}]},{\"@type\":\"ImageObject\",\"inLanguage\":\"fr-FR\",\"@id\":\"https:\\\/\\\/www.schaaf-gmbh.com\\\/fr\\\/extensions-de-produit\\\/pompes-a-levier-manuel\\\/#primaryimage\",\"url\":\"https:\\\/\\\/www.schaaf-gmbh.com\\\/wp-content\\\/uploads\\\/produkte\\\/pg22\\\/pg22_hp1600.png\",\"contentUrl\":\"https:\\\/\\\/www.schaaf-gmbh.com\\\/wp-content\\\/uploads\\\/produkte\\\/pg22\\\/pg22_hp1600.png\"},{\"@type\":\"BreadcrumbList\",\"@id\":\"https:\\\/\\\/www.schaaf-gmbh.com\\\/fr\\\/extensions-de-produit\\\/pompes-a-levier-manuel\\\/#breadcrumb\",\"itemListElement\":[{\"@type\":\"ListItem\",\"position\":1,\"name\":\"Startseite\",\"item\":\"https:\\\/\\\/www.schaaf-gmbh.com\\\/fr\\\/\"},{\"@type\":\"ListItem\",\"position\":2,\"name\":\"Extensions de produit\",\"item\":\"https:\\\/\\\/www.schaaf-gmbh.com\\\/fr\\\/extensions-de-produit\\\/\"},{\"@type\":\"ListItem\",\"position\":3,\"name\":\"Pompes \u00e0 levier manuel\"}]},{\"@type\":\"WebSite\",\"@id\":\"https:\\\/\\\/www.schaaf-gmbh.com\\\/fr\\\/#website\",\"url\":\"https:\\\/\\\/www.schaaf-gmbh.com\\\/fr\\\/\",\"name\":\"SCHAAF - Leading joining technology\",\"description\":\"Leading joining technology\",\"publisher\":{\"@id\":\"https:\\\/\\\/www.schaaf-gmbh.com\\\/fr\\\/#organization\"},\"potentialAction\":[{\"@type\":\"SearchAction\",\"target\":{\"@type\":\"EntryPoint\",\"urlTemplate\":\"https:\\\/\\\/www.schaaf-gmbh.com\\\/fr\\\/?s={search_term_string}\"},\"query-input\":{\"@type\":\"PropertyValueSpecification\",\"valueRequired\":true,\"valueName\":\"search_term_string\"}}],\"inLanguage\":\"fr-FR\"},{\"@type\":\"Organization\",\"@id\":\"https:\\\/\\\/www.schaaf-gmbh.com\\\/fr\\\/#organization\",\"name\":\"Schaaf GmbH & Co. KG\",\"alternateName\":\"SCHAAF GmbH & Co. KG\",\"url\":\"https:\\\/\\\/www.schaaf-gmbh.com\\\/fr\\\/\",\"logo\":{\"@type\":\"ImageObject\",\"inLanguage\":\"fr-FR\",\"@id\":\"https:\\\/\\\/www.schaaf-gmbh.com\\\/fr\\\/#\\\/schema\\\/logo\\\/image\\\/\",\"url\":\"https:\\\/\\\/www.schaaf-gmbh.com\\\/wp-content\\\/uploads\\\/grundaufbau\\\/apple_176x176.png\",\"contentUrl\":\"https:\\\/\\\/www.schaaf-gmbh.com\\\/wp-content\\\/uploads\\\/grundaufbau\\\/apple_176x176.png\",\"width\":176,\"height\":176,\"caption\":\"Schaaf GmbH & Co. KG\"},\"image\":{\"@id\":\"https:\\\/\\\/www.schaaf-gmbh.com\\\/fr\\\/#\\\/schema\\\/logo\\\/image\\\/\"},\"sameAs\":[\"https:\\\/\\\/www.facebook.com\\\/Schaaf.gmbh.de\\\/\",\"https:\\\/\\\/www.instagram.com\\\/schaaf.gmbh\\\/\",\"https:\\\/\\\/de.linkedin.com\\\/company\\\/schaaf-gmbh-com\",\"https:\\\/\\\/www.youtube.com\\\/channel\\\/UCJfkln8LVDeGgV-V8yzePBQ\"]}]}<\/script>\n<!-- \/ Yoast SEO Premium plugin. -->","yoast_head_json":{"title":"Pompes \u00e0 levier manuel - SCHAAF - Leading joining technology","description":"Les pompes \u00e0 levier manuel jusqu'\u00e0 4 000 bar de pression hydraulique sont robustes et con\u00e7ues avec des si\u00e8ges de soupape renforc\u00e9s.","robots":{"index":"index","follow":"follow","max-snippet":"max-snippet:-1","max-image-preview":"max-image-preview:large","max-video-preview":"max-video-preview:-1"},"canonical":"https:\/\/www.schaaf-gmbh.com\/fr\/extensions-de-produit\/pompes-a-levier-manuel\/","og_locale":"fr_FR","og_type":"article","og_title":"Pompes \u00e0 levier manuel","og_description":"Les pompes \u00e0 levier manuel jusqu'\u00e0 4 000 bar de pression hydraulique sont robustes et con\u00e7ues avec des si\u00e8ges de soupape renforc\u00e9s.","og_url":"https:\/\/www.schaaf-gmbh.com\/fr\/extensions-de-produit\/pompes-a-levier-manuel\/","og_site_name":"SCHAAF - Leading joining technology","article_publisher":"https:\/\/www.facebook.com\/Schaaf.gmbh.de\/","article_modified_time":"2024-11-22T13:54:15+00:00","twitter_card":"summary_large_image","twitter_misc":{"Dur\u00e9e de lecture estim\u00e9e":"2 minutes"},"schema":{"@context":"https:\/\/schema.org","@graph":[{"@type":"WebPage","@id":"https:\/\/www.schaaf-gmbh.com\/fr\/extensions-de-produit\/pompes-a-levier-manuel\/","url":"https:\/\/www.schaaf-gmbh.com\/fr\/extensions-de-produit\/pompes-a-levier-manuel\/","name":"Pompes \u00e0 levier manuel - SCHAAF - Leading joining technology","isPartOf":{"@id":"https:\/\/www.schaaf-gmbh.com\/fr\/#website"},"primaryImageOfPage":{"@id":"https:\/\/www.schaaf-gmbh.com\/fr\/extensions-de-produit\/pompes-a-levier-manuel\/#primaryimage"},"image":{"@id":"https:\/\/www.schaaf-gmbh.com\/fr\/extensions-de-produit\/pompes-a-levier-manuel\/#primaryimage"},"thumbnailUrl":"https:\/\/www.schaaf-gmbh.com\/wp-content\/uploads\/produkte\/pg22\/pg22_hp1600.png","datePublished":"2021-08-04T13:01:06+00:00","dateModified":"2024-11-22T13:54:15+00:00","description":"Les pompes \u00e0 levier manuel jusqu'\u00e0 4 000 bar de pression hydraulique sont robustes et con\u00e7ues avec des si\u00e8ges de soupape renforc\u00e9s.","breadcrumb":{"@id":"https:\/\/www.schaaf-gmbh.com\/fr\/extensions-de-produit\/pompes-a-levier-manuel\/#breadcrumb"},"inLanguage":"fr-FR","potentialAction":[{"@type":"ReadAction","target":["https:\/\/www.schaaf-gmbh.com\/fr\/extensions-de-produit\/pompes-a-levier-manuel\/"]}]},{"@type":"ImageObject","inLanguage":"fr-FR","@id":"https:\/\/www.schaaf-gmbh.com\/fr\/extensions-de-produit\/pompes-a-levier-manuel\/#primaryimage","url":"https:\/\/www.schaaf-gmbh.com\/wp-content\/uploads\/produkte\/pg22\/pg22_hp1600.png","contentUrl":"https:\/\/www.schaaf-gmbh.com\/wp-content\/uploads\/produkte\/pg22\/pg22_hp1600.png"},{"@type":"BreadcrumbList","@id":"https:\/\/www.schaaf-gmbh.com\/fr\/extensions-de-produit\/pompes-a-levier-manuel\/#breadcrumb","itemListElement":[{"@type":"ListItem","position":1,"name":"Startseite","item":"https:\/\/www.schaaf-gmbh.com\/fr\/"},{"@type":"ListItem","position":2,"name":"Extensions de produit","item":"https:\/\/www.schaaf-gmbh.com\/fr\/extensions-de-produit\/"},{"@type":"ListItem","position":3,"name":"Pompes \u00e0 levier manuel"}]},{"@type":"WebSite","@id":"https:\/\/www.schaaf-gmbh.com\/fr\/#website","url":"https:\/\/www.schaaf-gmbh.com\/fr\/","name":"SCHAAF - Leading joining technology","description":"Leading joining technology","publisher":{"@id":"https:\/\/www.schaaf-gmbh.com\/fr\/#organization"},"potentialAction":[{"@type":"SearchAction","target":{"@type":"EntryPoint","urlTemplate":"https:\/\/www.schaaf-gmbh.com\/fr\/?s={search_term_string}"},"query-input":{"@type":"PropertyValueSpecification","valueRequired":true,"valueName":"search_term_string"}}],"inLanguage":"fr-FR"},{"@type":"Organization","@id":"https:\/\/www.schaaf-gmbh.com\/fr\/#organization","name":"Schaaf GmbH & Co. KG","alternateName":"SCHAAF GmbH & Co. KG","url":"https:\/\/www.schaaf-gmbh.com\/fr\/","logo":{"@type":"ImageObject","inLanguage":"fr-FR","@id":"https:\/\/www.schaaf-gmbh.com\/fr\/#\/schema\/logo\/image\/","url":"https:\/\/www.schaaf-gmbh.com\/wp-content\/uploads\/grundaufbau\/apple_176x176.png","contentUrl":"https:\/\/www.schaaf-gmbh.com\/wp-content\/uploads\/grundaufbau\/apple_176x176.png","width":176,"height":176,"caption":"Schaaf GmbH & Co. KG"},"image":{"@id":"https:\/\/www.schaaf-gmbh.com\/fr\/#\/schema\/logo\/image\/"},"sameAs":["https:\/\/www.facebook.com\/Schaaf.gmbh.de\/","https:\/\/www.instagram.com\/schaaf.gmbh\/","https:\/\/de.linkedin.com\/company\/schaaf-gmbh-com","https:\/\/www.youtube.com\/channel\/UCJfkln8LVDeGgV-V8yzePBQ"]}]}},"_links":{"self":[{"href":"https:\/\/www.schaaf-gmbh.com\/fr\/wp-json\/wp\/v2\/pages\/25443","targetHints":{"allow":["GET"]}}],"collection":[{"href":"https:\/\/www.schaaf-gmbh.com\/fr\/wp-json\/wp\/v2\/pages"}],"about":[{"href":"https:\/\/www.schaaf-gmbh.com\/fr\/wp-json\/wp\/v2\/types\/page"}],"author":[{"embeddable":true,"href":"https:\/\/www.schaaf-gmbh.com\/fr\/wp-json\/wp\/v2\/users\/1"}],"replies":[{"embeddable":true,"href":"https:\/\/www.schaaf-gmbh.com\/fr\/wp-json\/wp\/v2\/comments?post=25443"}],"version-history":[{"count":2,"href":"https:\/\/www.schaaf-gmbh.com\/fr\/wp-json\/wp\/v2\/pages\/25443\/revisions"}],"predecessor-version":[{"id":61241,"href":"https:\/\/www.schaaf-gmbh.com\/fr\/wp-json\/wp\/v2\/pages\/25443\/revisions\/61241"}],"up":[{"embeddable":true,"href":"https:\/\/www.schaaf-gmbh.com\/fr\/wp-json\/wp\/v2\/pages\/34944"}],"wp:attachment":[{"href":"https:\/\/www.schaaf-gmbh.com\/fr\/wp-json\/wp\/v2\/media?parent=25443"}],"curies":[{"name":"wp","href":"https:\/\/api.w.org\/{rel}","templated":true}]}}