{"id":27460,"date":"2021-08-11T13:55:56","date_gmt":"2021-08-11T13:55:56","guid":{"rendered":"https:\/\/www.schaaf-gmbh.com\/les-personnes-a-contacter-neerlandais"},"modified":"2023-10-23T08:52:55","modified_gmt":"2023-10-23T08:52:55","slug":"ansprechpartner-niederlaendisch","status":"publish","type":"page","link":"https:\/\/www.schaaf-gmbh.com\/fr\/contact\/deutschland\/ansprechpartner-sprachen\/ansprechpartner-niederlaendisch\/","title":{"rendered":"Les personnes \u00e0 contacter n\u00e9erlandais"},"content":{"rendered":"\t\t<div data-elementor-type=\"wp-page\" data-elementor-id=\"27460\" class=\"elementor elementor-27460 elementor-20446\" data-elementor-post-type=\"page\">\n\t\t\t\t\t\t<section class=\"elementor-section elementor-top-section elementor-element elementor-element-0bcee35 elementor-section-boxed elementor-section-height-default elementor-section-height-default\" data-id=\"0bcee35\" data-element_type=\"section\" data-e-type=\"section\">\r\n\t\t\r\n\t\t\t\t\t\t\t<div class=\"elementor-container elementor-column-gap-default\">\r\n\t\t\t\t\t\t\t\t\t\t\t<div class=\"elementor-column elementor-col-100 elementor-top-column elementor-element elementor-element-d79f63c\" data-id=\"d79f63c\" data-element_type=\"column\" data-e-type=\"column\">\r\n\t\t\t\t\t<div class=\"elementor-widget-wrap elementor-element-populated\">\r\n\t\t\t\t\t\t\t\t<div class=\"elementor-element elementor-element-294c75e elementor-widget elementor-widget-heading\" data-id=\"294c75e\" data-element_type=\"widget\" data-e-type=\"widget\" data-widget_type=\"heading.default\">\n\t\t\t\t<div class=\"elementor-widget-container\">\n\t\t\t\t\t<h1 class=\"elementor-heading-title elementor-size-default\">Les personnes \u00e0 contacter n\u00e9erlandais<\/h1>\t\t\t\t<\/div>\n\t\t\t\t<\/div>\n\t\t\t\t\t<\/div>\r\n\t\t\t\t<\/div>\r\n\t\t\t\t\t<\/div>\r\n\t\t\t\t<\/section>\r\n\t\t\t\t<section class=\"elementor-section elementor-top-section elementor-element elementor-element-64fec9d elementor-section-boxed elementor-section-height-default elementor-section-height-default\" data-id=\"64fec9d\" data-element_type=\"section\" data-e-type=\"section\">\r\n\t\t\r\n\t\t\t\t\t\t\t<div class=\"elementor-container elementor-column-gap-default\">\r\n\t\t\t\t\t\t\t\t\t\t\t<div class=\"elementor-column elementor-col-100 elementor-top-column elementor-element elementor-element-4b65596\" data-id=\"4b65596\" data-element_type=\"column\" data-e-type=\"column\">\r\n\t\t\t\t\t<div class=\"elementor-widget-wrap elementor-element-populated\">\r\n\t\t\t\t\t\t\t\t<div class=\"elementor-element elementor-element-3b65c22 elementor-widget elementor-widget-shortcode\" data-id=\"3b65c22\" data-element_type=\"widget\" data-e-type=\"widget\" data-widget_type=\"shortcode.default\">\n\t\t\t\t<div class=\"elementor-widget-container\">\n\t\t\t\t\t\t\t<div class=\"elementor-shortcode\"><a class=\"btn btn-outline-primary\" href=\"\/fr\/ansprechpartner-arabisch\">Arabic<\/a>\r\n<a class=\"btn btn-outline-primary\" href=\"\/fr\/ansprechpartner-chinesisch\">Chinois<\/a>\r\n<!--<a class=\"btn btn-outline-primary\" href=\"\/fr\/les-personnes-a-contacter-danois\">Danois<\/a>-->\r\n<a class=\"btn btn-outline-primary\" href=\"\/fr\/ansprechpartner-deutsch\">Allemand<\/a>\r\n<a class=\"btn btn-outline-primary\" href=\"\/fr\/ansprechpartner-englisch\">Anglais<\/a>\r\n<a class=\"btn btn-outline-primary\" href=\"\/fr\/ansprechpartner-franzoesisch\">Fran\u00e7ais<\/a>\r\n<a class=\"btn btn-outline-primary\" href=\"\/fr\/ansprechpartner-niederlaendisch\">N\u00e9erlandais<\/a>\r\n<a class=\"btn btn-outline-primary\" href=\"\/fr\/ansprechpartner-polnisch\">Polonais<\/a>\r\n<a class=\"btn btn-outline-primary\" href=\"\/fr\/ansprechpartner-russisch\">Russe<\/a>\r\n<a class=\"btn btn-outline-primary\" href=\"\/fr\/ansprechpartner-spanisch\">Espagnol<\/a>\r\n<a class=\"btn btn-outline-primary\" href=\"\/fr\/ansprechpartner-tuerkisch\">Turc<\/a><\/div>\n\t\t\t\t\t\t<\/div>\n\t\t\t\t<\/div>\n\t\t\t\t\t<\/div>\r\n\t\t\t\t<\/div>\r\n\t\t\t\t\t<\/div>\r\n\t\t\t\t<\/section>\r\n\t\t\t\t<section class=\"elementor-section elementor-top-section elementor-element elementor-element-894e04b elementor-section-boxed elementor-section-height-default elementor-section-height-default\" data-id=\"894e04b\" data-element_type=\"section\" data-e-type=\"section\">\r\n\t\t\r\n\t\t\t\t\t\t\t<div class=\"elementor-container elementor-column-gap-no\">\r\n\t\t\t\t\t\t\t\t\t\t\t<div class=\"elementor-column elementor-col-100 elementor-top-column elementor-element elementor-element-3244aa8\" data-id=\"3244aa8\" data-element_type=\"column\" data-e-type=\"column\">\r\n\t\t\t\t\t<div class=\"elementor-widget-wrap elementor-element-populated\">\r\n\t\t\t\t\t\t\t\t<div class=\"elementor-element elementor-element-8a78466 elementor-widget elementor-widget-heading\" data-id=\"8a78466\" data-element_type=\"widget\" data-e-type=\"widget\" data-widget_type=\"heading.default\">\n\t\t\t\t<div class=\"elementor-widget-container\">\n\t\t\t\t\t<h3 class=\"elementor-heading-title elementor-size-default\">Personnel parlant n\u00e9erlandais<\/h3>\t\t\t\t<\/div>\n\t\t\t\t<\/div>\n\t\t\t\t\t<\/div>\r\n\t\t\t\t<\/div>\r\n\t\t\t\t\t<\/div>\r\n\t\t\t\t<\/section>\r\n\t\t\t\t<section class=\"elementor-section elementor-top-section elementor-element elementor-element-8d3cc2e tlp-team elementor-section-stretched elementor-section-boxed elementor-section-height-default elementor-section-height-default\" data-id=\"8d3cc2e\" data-element_type=\"section\" data-e-type=\"section\" data-settings=\"{&quot;stretch_section&quot;:&quot;section-stretched&quot;}\">\r\n\t\t\r\n\t\t\t\t\t\t\t<div class=\"elementor-container elementor-column-gap-default\">\r\n\t\t\t\t\t\t\t\t\t\t\t<div class=\"elementor-column elementor-col-100 elementor-top-column elementor-element elementor-element-c5d2e25\" data-id=\"c5d2e25\" data-element_type=\"column\" data-e-type=\"column\">\r\n\t\t\t\t\t<div class=\"elementor-widget-wrap elementor-element-populated\">\r\n\t\t\t\t\t\t\t\t<div class=\"elementor-element elementor-element-ce42d30 elementor-widget elementor-widget-tlp-team-pro\" data-id=\"ce42d30\" data-element_type=\"widget\" data-e-type=\"widget\" data-widget_type=\"tlp-team-pro.default\">\n\t\t\t\t<div class=\"elementor-widget-container\">\n\t\t\t\t\t<div class='rt-container-fluid rt-team-container rt-team-container-20448' id='rt-team-container-551009293'  data-layout='layout3' data-desktop-col='3'  data-tab-col='2'  data-mobile-col='1' data-sc-id='20448' data-popup-bg='''><p>No member found<\/p><\/div>\t\t\t\t<\/div>\n\t\t\t\t<\/div>\n\t\t\t\t\t<\/div>\r\n\t\t\t\t<\/div>\r\n\t\t\t\t\t<\/div>\r\n\t\t\t\t<\/section>\r\n\t\t\t\t<section class=\"elementor-section elementor-top-section elementor-element elementor-element-cb03bca elementor-section-boxed elementor-section-height-default elementor-section-height-default\" data-id=\"cb03bca\" data-element_type=\"section\" data-e-type=\"section\">\r\n\t\t\r\n\t\t\t\t\t\t\t<div class=\"elementor-container elementor-column-gap-default\">\r\n\t\t\t\t\t\t\t\t\t\t\t<div class=\"elementor-column elementor-col-100 elementor-top-column elementor-element elementor-element-1a8b2a3\" data-id=\"1a8b2a3\" data-element_type=\"column\" data-e-type=\"column\">\r\n\t\t\t\t\t<div class=\"elementor-widget-wrap elementor-element-populated\">\r\n\t\t\t\t\t\t\t\t<div class=\"elementor-element elementor-element-f01a884 elementor-widget elementor-widget-shortcode\" data-id=\"f01a884\" data-element_type=\"widget\" data-e-type=\"widget\" data-widget_type=\"shortcode.default\">\n\t\t\t\t<div class=\"elementor-widget-container\">\n\t\t\t\t\t\t\t<div class=\"elementor-shortcode\"><a class=\"btn btn-outline-primary\" href=\"\/fr\/ansprechpartner-arabisch\">Arabic<\/a>\r\n<a class=\"btn btn-outline-primary\" href=\"\/fr\/ansprechpartner-chinesisch\">Chinois<\/a>\r\n<!--<a class=\"btn btn-outline-primary\" href=\"\/fr\/les-personnes-a-contacter-danois\">Danois<\/a>-->\r\n<a class=\"btn btn-outline-primary\" href=\"\/fr\/ansprechpartner-deutsch\">Allemand<\/a>\r\n<a class=\"btn btn-outline-primary\" href=\"\/fr\/ansprechpartner-englisch\">Anglais<\/a>\r\n<a class=\"btn btn-outline-primary\" href=\"\/fr\/ansprechpartner-franzoesisch\">Fran\u00e7ais<\/a>\r\n<a class=\"btn btn-outline-primary\" href=\"\/fr\/ansprechpartner-niederlaendisch\">N\u00e9erlandais<\/a>\r\n<a class=\"btn btn-outline-primary\" href=\"\/fr\/ansprechpartner-polnisch\">Polonais<\/a>\r\n<a class=\"btn btn-outline-primary\" href=\"\/fr\/ansprechpartner-russisch\">Russe<\/a>\r\n<a class=\"btn btn-outline-primary\" href=\"\/fr\/ansprechpartner-spanisch\">Espagnol<\/a>\r\n<a class=\"btn btn-outline-primary\" href=\"\/fr\/ansprechpartner-tuerkisch\">Turc<\/a><\/div>\n\t\t\t\t\t\t<\/div>\n\t\t\t\t<\/div>\n\t\t\t\t\t<\/div>\r\n\t\t\t\t<\/div>\r\n\t\t\t\t\t<\/div>\r\n\t\t\t\t<\/section>\r\n\t\t\t\t<section class=\"elementor-section elementor-top-section elementor-element elementor-element-1cdf6c3 elementor-section-boxed elementor-section-height-default elementor-section-height-default\" data-id=\"1cdf6c3\" data-element_type=\"section\" data-e-type=\"section\">\r\n\t\t\r\n\t\t\t\t\t\t\t<div class=\"elementor-container elementor-column-gap-default\">\r\n\t\t\t\t\t\t\t\t\t\t\t<div class=\"elementor-column elementor-col-33 elementor-top-column elementor-element elementor-element-fddb318 elementor-invisible\" data-id=\"fddb318\" data-element_type=\"column\" data-e-type=\"column\" data-settings=\"{&quot;background_background&quot;:&quot;classic&quot;,&quot;animation&quot;:&quot;fadeIn&quot;}\">\r\n\t\t\t\t\t<div class=\"elementor-widget-wrap elementor-element-populated\">\r\n\t\t\t\t\t\t\t\t<div class=\"elementor-element elementor-element-0e6b1bd elementor-widget elementor-widget-image\" data-id=\"0e6b1bd\" data-element_type=\"widget\" data-e-type=\"widget\" data-widget_type=\"image.default\">\n\t\t\t\t<div class=\"elementor-widget-container\">\n\t\t\t\t\t\t\t\t\t\t\t\t\t\t\t\t<a href=\"https:\/\/www.schaaf-gmbh.com\/fr\/ansprechpartner-uebersicht\/\">\n\t\t\t\t\t\t\t<img decoding=\"async\" src=\"data:image\/gif;base64,R0lGODlhAQABAAAAACH5BAEKAAEALAAAAAABAAEAAAICTAEAOw==\" title=\"\" alt=\"\" class=\"elementor-animation-float lazyload\" loading=\"lazy\" data-src=\"https:\/\/www.schaaf-gmbh.com\/wp-content\/uploads\/grundaufbau\/schaaf_ansprechpartner_mitarbeiter.jpg\">\t\t\t\t\t\t\t\t<\/a>\n\t\t\t\t\t\t\t\t\t\t\t\t\t\t\t<\/div>\n\t\t\t\t<\/div>\n\t\t\t\t<div class=\"elementor-element elementor-element-4211076 elementor-widget elementor-widget-heading\" data-id=\"4211076\" data-element_type=\"widget\" data-e-type=\"widget\" data-widget_type=\"heading.default\">\n\t\t\t\t<div class=\"elementor-widget-container\">\n\t\t\t\t\t<h3 class=\"elementor-heading-title elementor-size-default\"><a href=\"https:\/\/www.schaaf-gmbh.com\/fr\/ansprechpartner-uebersicht\/\">Les personnes \u00e0 contacter<\/a><\/h3>\t\t\t\t<\/div>\n\t\t\t\t<\/div>\n\t\t\t\t\t<\/div>\r\n\t\t\t\t<\/div>\r\n\t\t\t\t<div class=\"elementor-column elementor-col-33 elementor-top-column elementor-element elementor-element-6eb21c4 elementor-invisible\" data-id=\"6eb21c4\" data-element_type=\"column\" data-e-type=\"column\" data-settings=\"{&quot;background_background&quot;:&quot;classic&quot;,&quot;animation&quot;:&quot;fadeIn&quot;}\">\r\n\t\t\t\t\t<div class=\"elementor-widget-wrap elementor-element-populated\">\r\n\t\t\t\t\t\t\t\t<div class=\"elementor-element elementor-element-d802a7e elementor-widget elementor-widget-image\" data-id=\"d802a7e\" data-element_type=\"widget\" data-e-type=\"widget\" data-widget_type=\"image.default\">\n\t\t\t\t<div class=\"elementor-widget-container\">\n\t\t\t\t\t\t\t\t\t\t\t\t\t\t\t\t<a href=\"https:\/\/www.schaaf-gmbh.com\/auslandsvertretung\/\">\n\t\t\t\t\t\t\t<img decoding=\"async\" src=\"data:image\/gif;base64,R0lGODlhAQABAAAAACH5BAEKAAEALAAAAAABAAEAAAICTAEAOw==\" title=\"\" alt=\"\" class=\"elementor-animation-float lazyload\" loading=\"lazy\" data-src=\"https:\/\/www.schaaf-gmbh.com\/wp-content\/uploads\/grundaufbau\/weltkarte-1.jpg\">\t\t\t\t\t\t\t\t<\/a>\n\t\t\t\t\t\t\t\t\t\t\t\t\t\t\t<\/div>\n\t\t\t\t<\/div>\n\t\t\t\t<div class=\"elementor-element elementor-element-d51808c elementor-widget elementor-widget-heading\" data-id=\"d51808c\" data-element_type=\"widget\" data-e-type=\"widget\" data-widget_type=\"heading.default\">\n\t\t\t\t<div class=\"elementor-widget-container\">\n\t\t\t\t\t<h3 class=\"elementor-heading-title elementor-size-default\"><a href=\"https:\/\/www.schaaf-gmbh.com\/auslandsvertretung\/\">Agents internationnaux<\/a><\/h3>\t\t\t\t<\/div>\n\t\t\t\t<\/div>\n\t\t\t\t\t<\/div>\r\n\t\t\t\t<\/div>\r\n\t\t\t\t<div class=\"elementor-column elementor-col-33 elementor-top-column elementor-element elementor-element-ca42cf8 elementor-invisible\" data-id=\"ca42cf8\" data-element_type=\"column\" data-e-type=\"column\" data-settings=\"{&quot;background_background&quot;:&quot;classic&quot;,&quot;animation&quot;:&quot;fadeIn&quot;}\">\r\n\t\t\t\t\t<div class=\"elementor-widget-wrap elementor-element-populated\">\r\n\t\t\t\t\t\t\t\t<div class=\"elementor-element elementor-element-40a2eab elementor-widget elementor-widget-image\" data-id=\"40a2eab\" data-element_type=\"widget\" data-e-type=\"widget\" data-widget_type=\"image.default\">\n\t\t\t\t<div class=\"elementor-widget-container\">\n\t\t\t\t\t\t\t\t\t\t\t\t\t\t\t\t<a href=\"https:\/\/www.schaaf-gmbh.com\/fr\/unternehmen\/\">\n\t\t\t\t\t\t\t<img decoding=\"async\" src=\"data:image\/gif;base64,R0lGODlhAQABAAAAACH5BAEKAAEALAAAAAABAAEAAAICTAEAOw==\" title=\"\" alt=\"\" class=\"elementor-animation-float lazyload\" loading=\"lazy\" data-src=\"https:\/\/www.schaaf-gmbh.com\/wp-content\/uploads\/unternehmen\/schaaf_deutschland.jpg\">\t\t\t\t\t\t\t\t<\/a>\n\t\t\t\t\t\t\t\t\t\t\t\t\t\t\t<\/div>\n\t\t\t\t<\/div>\n\t\t\t\t<div class=\"elementor-element elementor-element-1a1aad2 elementor-widget elementor-widget-heading\" data-id=\"1a1aad2\" data-element_type=\"widget\" data-e-type=\"widget\" data-widget_type=\"heading.default\">\n\t\t\t\t<div class=\"elementor-widget-container\">\n\t\t\t\t\t<h3 class=\"elementor-heading-title elementor-size-default\"><a href=\"https:\/\/www.schaaf-gmbh.com\/fr\/unternehmen\/\">La soci\u00e9t\u00e9<\/a><\/h3>\t\t\t\t<\/div>\n\t\t\t\t<\/div>\n\t\t\t\t\t<\/div>\r\n\t\t\t\t<\/div>\r\n\t\t\t\t\t<\/div>\r\n\t\t\t\t<\/section>\r\n\t\t\t\t<\/div>\n\t\t","protected":false},"excerpt":{"rendered":"<p>Les personnes \u00e0 contacter n\u00e9erlandais Personnel parlant n\u00e9erlandais Tobias Hamacher Qualit\u00e4tsmanagement tobias.hamacher@schaaf-gmbh.com +49-2431-97770-668 +49-2431-97770-75 Les personnes \u00e0 contacter Agents internationnaux La soci\u00e9t\u00e9<\/p>\n","protected":false},"author":1,"featured_media":0,"parent":27430,"menu_order":0,"comment_status":"closed","ping_status":"closed","template":"","meta":{"footnotes":""},"class_list":["post-27460","page","type-page","status-publish","hentry"],"yoast_head":"<!-- This site is optimized with the Yoast SEO Premium plugin v26.6 (Yoast SEO v27.2) - https:\/\/yoast.com\/product\/yoast-seo-premium-wordpress\/ -->\n<title>Les personnes \u00e0 contacter n\u00e9erlandais - SCHAAF - Leading joining technology<\/title>\n<meta name=\"description\" content=\"Les contacts n\u00e9erlandophones de SCHAAF se feront un plaisir de vous aider. Vous pouvez trouver les coordonn\u00e9es ici.\" \/>\n<meta name=\"robots\" content=\"index, follow, max-snippet:-1, max-image-preview:large, max-video-preview:-1\" \/>\n<link rel=\"canonical\" href=\"https:\/\/www.schaaf-gmbh.com\/fr\/contact\/deutschland\/ansprechpartner-sprachen\/ansprechpartner-niederlaendisch\/\" \/>\n<meta property=\"og:locale\" content=\"fr_FR\" \/>\n<meta property=\"og:type\" content=\"article\" \/>\n<meta property=\"og:title\" content=\"Les personnes \u00e0 contacter n\u00e9erlandais\" \/>\n<meta property=\"og:description\" content=\"Les contacts n\u00e9erlandophones de SCHAAF se feront un plaisir de vous aider. Vous pouvez trouver les coordonn\u00e9es ici.\" \/>\n<meta property=\"og:url\" content=\"https:\/\/www.schaaf-gmbh.com\/fr\/contact\/deutschland\/ansprechpartner-sprachen\/ansprechpartner-niederlaendisch\/\" \/>\n<meta property=\"og:site_name\" content=\"SCHAAF - Leading joining technology\" \/>\n<meta property=\"article:publisher\" content=\"https:\/\/www.facebook.com\/Schaaf.gmbh.de\/\" \/>\n<meta property=\"article:modified_time\" content=\"2023-10-23T08:52:55+00:00\" \/>\n<meta property=\"og:image\" content=\"https:\/\/www.schaaf-gmbh.com\/wp-content\/uploads\/schaaf_mitarbeiter_hamacher-tobias-250x350.jpg\" \/>\n<meta name=\"twitter:card\" content=\"summary_large_image\" \/>\n<meta name=\"twitter:label1\" content=\"Dur\u00e9e de lecture estim\u00e9e\" \/>\n\t<meta name=\"twitter:data1\" content=\"2 minutes\" \/>\n<script type=\"application\/ld+json\" class=\"yoast-schema-graph\">{\"@context\":\"https:\/\/schema.org\",\"@graph\":[{\"@type\":\"WebPage\",\"@id\":\"https:\/\/www.schaaf-gmbh.com\/fr\/contact\/deutschland\/ansprechpartner-sprachen\/ansprechpartner-niederlaendisch\/\",\"url\":\"https:\/\/www.schaaf-gmbh.com\/fr\/contact\/deutschland\/ansprechpartner-sprachen\/ansprechpartner-niederlaendisch\/\",\"name\":\"Les personnes \u00e0 contacter n\u00e9erlandais - SCHAAF - Leading joining technology\",\"isPartOf\":{\"@id\":\"https:\/\/www.schaaf-gmbh.com\/fr\/#website\"},\"primaryImageOfPage\":{\"@id\":\"https:\/\/www.schaaf-gmbh.com\/fr\/contact\/deutschland\/ansprechpartner-sprachen\/ansprechpartner-niederlaendisch\/#primaryimage\"},\"image\":{\"@id\":\"https:\/\/www.schaaf-gmbh.com\/fr\/contact\/deutschland\/ansprechpartner-sprachen\/ansprechpartner-niederlaendisch\/#primaryimage\"},\"thumbnailUrl\":\"https:\/\/www.schaaf-gmbh.com\/wp-content\/uploads\/schaaf_mitarbeiter_hamacher-tobias-250x350.jpg\",\"datePublished\":\"2021-08-11T13:55:56+00:00\",\"dateModified\":\"2023-10-23T08:52:55+00:00\",\"description\":\"Les contacts n\u00e9erlandophones de SCHAAF se feront un plaisir de vous aider. Vous pouvez trouver les coordonn\u00e9es ici.\",\"breadcrumb\":{\"@id\":\"https:\/\/www.schaaf-gmbh.com\/fr\/contact\/deutschland\/ansprechpartner-sprachen\/ansprechpartner-niederlaendisch\/#breadcrumb\"},\"inLanguage\":\"fr-FR\",\"potentialAction\":[{\"@type\":\"ReadAction\",\"target\":[\"https:\/\/www.schaaf-gmbh.com\/fr\/contact\/deutschland\/ansprechpartner-sprachen\/ansprechpartner-niederlaendisch\/\"]}]},{\"@type\":\"ImageObject\",\"inLanguage\":\"fr-FR\",\"@id\":\"https:\/\/www.schaaf-gmbh.com\/fr\/contact\/deutschland\/ansprechpartner-sprachen\/ansprechpartner-niederlaendisch\/#primaryimage\",\"url\":\"https:\/\/www.schaaf-gmbh.com\/wp-content\/uploads\/schaaf_mitarbeiter_hamacher-tobias-250x350.jpg\",\"contentUrl\":\"https:\/\/www.schaaf-gmbh.com\/wp-content\/uploads\/schaaf_mitarbeiter_hamacher-tobias-250x350.jpg\"},{\"@type\":\"BreadcrumbList\",\"@id\":\"https:\/\/www.schaaf-gmbh.com\/fr\/contact\/deutschland\/ansprechpartner-sprachen\/ansprechpartner-niederlaendisch\/#breadcrumb\",\"itemListElement\":[{\"@type\":\"ListItem\",\"position\":1,\"name\":\"Startseite\",\"item\":\"https:\/\/www.schaaf-gmbh.com\/fr\/\"},{\"@type\":\"ListItem\",\"position\":2,\"name\":\"Contact\",\"item\":\"https:\/\/www.schaaf-gmbh.com\/fr\/contact\/\"},{\"@type\":\"ListItem\",\"position\":3,\"name\":\"Aper\u00e7u les personnes \u00e0 contacter\",\"item\":\"https:\/\/www.schaaf-gmbh.com\/fr\/contact\/deutschland\/\"},{\"@type\":\"ListItem\",\"position\":4,\"name\":\"Personnes \u00e0 contacter par langue\",\"item\":\"https:\/\/www.schaaf-gmbh.com\/fr\/contact\/deutschland\/ansprechpartner-sprachen\/\"},{\"@type\":\"ListItem\",\"position\":5,\"name\":\"Les personnes \u00e0 contacter n\u00e9erlandais\"}]},{\"@type\":\"WebSite\",\"@id\":\"https:\/\/www.schaaf-gmbh.com\/fr\/#website\",\"url\":\"https:\/\/www.schaaf-gmbh.com\/fr\/\",\"name\":\"SCHAAF - Leading joining technology\",\"description\":\"Leading joining technology\",\"publisher\":{\"@id\":\"https:\/\/www.schaaf-gmbh.com\/fr\/#organization\"},\"potentialAction\":[{\"@type\":\"SearchAction\",\"target\":{\"@type\":\"EntryPoint\",\"urlTemplate\":\"https:\/\/www.schaaf-gmbh.com\/fr\/?s={search_term_string}\"},\"query-input\":{\"@type\":\"PropertyValueSpecification\",\"valueRequired\":true,\"valueName\":\"search_term_string\"}}],\"inLanguage\":\"fr-FR\"},{\"@type\":\"Organization\",\"@id\":\"https:\/\/www.schaaf-gmbh.com\/fr\/#organization\",\"name\":\"Schaaf GmbH & Co. KG\",\"alternateName\":\"SCHAAF GmbH & Co. KG\",\"url\":\"https:\/\/www.schaaf-gmbh.com\/fr\/\",\"logo\":{\"@type\":\"ImageObject\",\"inLanguage\":\"fr-FR\",\"@id\":\"https:\/\/www.schaaf-gmbh.com\/fr\/#\/schema\/logo\/image\/\",\"url\":\"https:\/\/www.schaaf-gmbh.com\/wp-content\/uploads\/grundaufbau\/apple_176x176.png\",\"contentUrl\":\"https:\/\/www.schaaf-gmbh.com\/wp-content\/uploads\/grundaufbau\/apple_176x176.png\",\"width\":176,\"height\":176,\"caption\":\"Schaaf GmbH & Co. KG\"},\"image\":{\"@id\":\"https:\/\/www.schaaf-gmbh.com\/fr\/#\/schema\/logo\/image\/\"},\"sameAs\":[\"https:\/\/www.facebook.com\/Schaaf.gmbh.de\/\",\"https:\/\/www.instagram.com\/schaaf.gmbh\/\",\"https:\/\/de.linkedin.com\/company\/schaaf-gmbh-com\",\"https:\/\/www.youtube.com\/channel\/UCJfkln8LVDeGgV-V8yzePBQ\"]}]}<\/script>\n<!-- \/ Yoast SEO Premium plugin. -->","yoast_head_json":{"title":"Les personnes \u00e0 contacter n\u00e9erlandais - SCHAAF - Leading joining technology","description":"Les contacts n\u00e9erlandophones de SCHAAF se feront un plaisir de vous aider. Vous pouvez trouver les coordonn\u00e9es ici.","robots":{"index":"index","follow":"follow","max-snippet":"max-snippet:-1","max-image-preview":"max-image-preview:large","max-video-preview":"max-video-preview:-1"},"canonical":"https:\/\/www.schaaf-gmbh.com\/fr\/contact\/deutschland\/ansprechpartner-sprachen\/ansprechpartner-niederlaendisch\/","og_locale":"fr_FR","og_type":"article","og_title":"Les personnes \u00e0 contacter n\u00e9erlandais","og_description":"Les contacts n\u00e9erlandophones de SCHAAF se feront un plaisir de vous aider. Vous pouvez trouver les coordonn\u00e9es ici.","og_url":"https:\/\/www.schaaf-gmbh.com\/fr\/contact\/deutschland\/ansprechpartner-sprachen\/ansprechpartner-niederlaendisch\/","og_site_name":"SCHAAF - Leading joining technology","article_publisher":"https:\/\/www.facebook.com\/Schaaf.gmbh.de\/","article_modified_time":"2023-10-23T08:52:55+00:00","og_image":[{"url":"https:\/\/www.schaaf-gmbh.com\/wp-content\/uploads\/schaaf_mitarbeiter_hamacher-tobias-250x350.jpg","type":"","width":"","height":""}],"twitter_card":"summary_large_image","twitter_misc":{"Dur\u00e9e de lecture estim\u00e9e":"2 minutes"},"schema":{"@context":"https:\/\/schema.org","@graph":[{"@type":"WebPage","@id":"https:\/\/www.schaaf-gmbh.com\/fr\/contact\/deutschland\/ansprechpartner-sprachen\/ansprechpartner-niederlaendisch\/","url":"https:\/\/www.schaaf-gmbh.com\/fr\/contact\/deutschland\/ansprechpartner-sprachen\/ansprechpartner-niederlaendisch\/","name":"Les personnes \u00e0 contacter n\u00e9erlandais - SCHAAF - Leading joining technology","isPartOf":{"@id":"https:\/\/www.schaaf-gmbh.com\/fr\/#website"},"primaryImageOfPage":{"@id":"https:\/\/www.schaaf-gmbh.com\/fr\/contact\/deutschland\/ansprechpartner-sprachen\/ansprechpartner-niederlaendisch\/#primaryimage"},"image":{"@id":"https:\/\/www.schaaf-gmbh.com\/fr\/contact\/deutschland\/ansprechpartner-sprachen\/ansprechpartner-niederlaendisch\/#primaryimage"},"thumbnailUrl":"https:\/\/www.schaaf-gmbh.com\/wp-content\/uploads\/schaaf_mitarbeiter_hamacher-tobias-250x350.jpg","datePublished":"2021-08-11T13:55:56+00:00","dateModified":"2023-10-23T08:52:55+00:00","description":"Les contacts n\u00e9erlandophones de SCHAAF se feront un plaisir de vous aider. Vous pouvez trouver les coordonn\u00e9es ici.","breadcrumb":{"@id":"https:\/\/www.schaaf-gmbh.com\/fr\/contact\/deutschland\/ansprechpartner-sprachen\/ansprechpartner-niederlaendisch\/#breadcrumb"},"inLanguage":"fr-FR","potentialAction":[{"@type":"ReadAction","target":["https:\/\/www.schaaf-gmbh.com\/fr\/contact\/deutschland\/ansprechpartner-sprachen\/ansprechpartner-niederlaendisch\/"]}]},{"@type":"ImageObject","inLanguage":"fr-FR","@id":"https:\/\/www.schaaf-gmbh.com\/fr\/contact\/deutschland\/ansprechpartner-sprachen\/ansprechpartner-niederlaendisch\/#primaryimage","url":"https:\/\/www.schaaf-gmbh.com\/wp-content\/uploads\/schaaf_mitarbeiter_hamacher-tobias-250x350.jpg","contentUrl":"https:\/\/www.schaaf-gmbh.com\/wp-content\/uploads\/schaaf_mitarbeiter_hamacher-tobias-250x350.jpg"},{"@type":"BreadcrumbList","@id":"https:\/\/www.schaaf-gmbh.com\/fr\/contact\/deutschland\/ansprechpartner-sprachen\/ansprechpartner-niederlaendisch\/#breadcrumb","itemListElement":[{"@type":"ListItem","position":1,"name":"Startseite","item":"https:\/\/www.schaaf-gmbh.com\/fr\/"},{"@type":"ListItem","position":2,"name":"Contact","item":"https:\/\/www.schaaf-gmbh.com\/fr\/contact\/"},{"@type":"ListItem","position":3,"name":"Aper\u00e7u les personnes \u00e0 contacter","item":"https:\/\/www.schaaf-gmbh.com\/fr\/contact\/deutschland\/"},{"@type":"ListItem","position":4,"name":"Personnes \u00e0 contacter par langue","item":"https:\/\/www.schaaf-gmbh.com\/fr\/contact\/deutschland\/ansprechpartner-sprachen\/"},{"@type":"ListItem","position":5,"name":"Les personnes \u00e0 contacter n\u00e9erlandais"}]},{"@type":"WebSite","@id":"https:\/\/www.schaaf-gmbh.com\/fr\/#website","url":"https:\/\/www.schaaf-gmbh.com\/fr\/","name":"SCHAAF - Leading joining technology","description":"Leading joining technology","publisher":{"@id":"https:\/\/www.schaaf-gmbh.com\/fr\/#organization"},"potentialAction":[{"@type":"SearchAction","target":{"@type":"EntryPoint","urlTemplate":"https:\/\/www.schaaf-gmbh.com\/fr\/?s={search_term_string}"},"query-input":{"@type":"PropertyValueSpecification","valueRequired":true,"valueName":"search_term_string"}}],"inLanguage":"fr-FR"},{"@type":"Organization","@id":"https:\/\/www.schaaf-gmbh.com\/fr\/#organization","name":"Schaaf GmbH & Co. KG","alternateName":"SCHAAF GmbH & Co. KG","url":"https:\/\/www.schaaf-gmbh.com\/fr\/","logo":{"@type":"ImageObject","inLanguage":"fr-FR","@id":"https:\/\/www.schaaf-gmbh.com\/fr\/#\/schema\/logo\/image\/","url":"https:\/\/www.schaaf-gmbh.com\/wp-content\/uploads\/grundaufbau\/apple_176x176.png","contentUrl":"https:\/\/www.schaaf-gmbh.com\/wp-content\/uploads\/grundaufbau\/apple_176x176.png","width":176,"height":176,"caption":"Schaaf GmbH & Co. KG"},"image":{"@id":"https:\/\/www.schaaf-gmbh.com\/fr\/#\/schema\/logo\/image\/"},"sameAs":["https:\/\/www.facebook.com\/Schaaf.gmbh.de\/","https:\/\/www.instagram.com\/schaaf.gmbh\/","https:\/\/de.linkedin.com\/company\/schaaf-gmbh-com","https:\/\/www.youtube.com\/channel\/UCJfkln8LVDeGgV-V8yzePBQ"]}]}},"_links":{"self":[{"href":"https:\/\/www.schaaf-gmbh.com\/fr\/wp-json\/wp\/v2\/pages\/27460","targetHints":{"allow":["GET"]}}],"collection":[{"href":"https:\/\/www.schaaf-gmbh.com\/fr\/wp-json\/wp\/v2\/pages"}],"about":[{"href":"https:\/\/www.schaaf-gmbh.com\/fr\/wp-json\/wp\/v2\/types\/page"}],"author":[{"embeddable":true,"href":"https:\/\/www.schaaf-gmbh.com\/fr\/wp-json\/wp\/v2\/users\/1"}],"replies":[{"embeddable":true,"href":"https:\/\/www.schaaf-gmbh.com\/fr\/wp-json\/wp\/v2\/comments?post=27460"}],"version-history":[{"count":1,"href":"https:\/\/www.schaaf-gmbh.com\/fr\/wp-json\/wp\/v2\/pages\/27460\/revisions"}],"predecessor-version":[{"id":59291,"href":"https:\/\/www.schaaf-gmbh.com\/fr\/wp-json\/wp\/v2\/pages\/27460\/revisions\/59291"}],"up":[{"embeddable":true,"href":"https:\/\/www.schaaf-gmbh.com\/fr\/wp-json\/wp\/v2\/pages\/27430"}],"wp:attachment":[{"href":"https:\/\/www.schaaf-gmbh.com\/fr\/wp-json\/wp\/v2\/media?parent=27460"}],"curies":[{"name":"wp","href":"https:\/\/api.w.org\/{rel}","templated":true}]}}