{"id":27484,"date":"2021-08-22T12:31:54","date_gmt":"2021-08-22T12:31:54","guid":{"rendered":"https:\/\/www.schaaf-gmbh.com\/apercu-les-personnes-a-contacter"},"modified":"2024-11-21T10:22:36","modified_gmt":"2024-11-21T10:22:36","slug":"deutschland","status":"publish","type":"page","link":"https:\/\/www.schaaf-gmbh.com\/fr\/contact\/deutschland\/","title":{"rendered":"Aper\u00e7u les personnes \u00e0 contacter"},"content":{"rendered":"\t\t<div data-elementor-type=\"wp-page\" data-elementor-id=\"27484\" class=\"elementor elementor-27484 elementor-21813\" data-elementor-post-type=\"page\">\n\t\t\t\t\t\t<section class=\"elementor-section elementor-top-section elementor-element elementor-element-0bcee35 elementor-section-boxed elementor-section-height-default elementor-section-height-default\" data-id=\"0bcee35\" data-element_type=\"section\" data-e-type=\"section\">\r\n\t\t\r\n\t\t\t\t\t\t\t<div class=\"elementor-container elementor-column-gap-default\">\r\n\t\t\t\t\t\t\t\t\t\t\t<div class=\"elementor-column elementor-col-100 elementor-top-column elementor-element elementor-element-d79f63c\" data-id=\"d79f63c\" data-element_type=\"column\" data-e-type=\"column\">\r\n\t\t\t\t\t<div class=\"elementor-widget-wrap elementor-element-populated\">\r\n\t\t\t\t\t\t\t\t<div class=\"elementor-element elementor-element-294c75e elementor-widget elementor-widget-heading\" data-id=\"294c75e\" data-element_type=\"widget\" data-e-type=\"widget\" data-widget_type=\"heading.default\">\n\t\t\t\t<div class=\"elementor-widget-container\">\n\t\t\t\t\t<h1 class=\"elementor-heading-title elementor-size-default\">Personnes \u00e0 contacter en Allemagne<\/h1>\t\t\t\t<\/div>\n\t\t\t\t<\/div>\n\t\t\t\t\t<\/div>\r\n\t\t\t\t<\/div>\r\n\t\t\t\t\t<\/div>\r\n\t\t\t\t<\/section>\r\n\t\t\t\t<section class=\"elementor-section elementor-top-section elementor-element elementor-element-20597343 container elementor-section-boxed elementor-section-height-default elementor-section-height-default\" data-id=\"20597343\" data-element_type=\"section\" data-e-type=\"section\">\r\n\t\t\r\n\t\t\t\t\t\t\t<div class=\"elementor-container elementor-column-gap-default\">\r\n\t\t\t\t\t\t\t\t\t\t\t<div class=\"elementor-column elementor-col-33 elementor-top-column elementor-element elementor-element-4544fff elementor-invisible\" data-id=\"4544fff\" data-element_type=\"column\" data-e-type=\"column\" data-settings=\"{&quot;background_background&quot;:&quot;classic&quot;,&quot;animation&quot;:&quot;fadeIn&quot;}\">\r\n\t\t\t\t\t<div class=\"elementor-widget-wrap elementor-element-populated\">\r\n\t\t\t\t\t\t\t\t<div class=\"elementor-element elementor-element-73bbb062 elementor-widget elementor-widget-image\" data-id=\"73bbb062\" data-element_type=\"widget\" data-e-type=\"widget\" data-widget_type=\"image.default\">\n\t\t\t\t<div class=\"elementor-widget-container\">\n\t\t\t\t\t\t\t\t\t\t\t\t\t\t\t\t<a href=\"https:\/\/www.schaaf-gmbh.com\/fr\/kontakt\/apercu-les-personnes-a-contacter\/les-personnes-a-contacter-par-departement\/\">\n\t\t\t\t\t\t\t<img fetchpriority=\"high\" decoding=\"async\" width=\"352\" height=\"336\" src=\"data:image\/gif;base64,R0lGODlhAQABAAAAACH5BAEKAAEALAAAAAABAAEAAAICTAEAOw==\" class=\"elementor-animation-float attachment-medium_large size-medium_large wp-image-39996 lazyload\" alt=\"Abteilungen Ansprechpartner\" data-src=\"https:\/\/www.schaaf-gmbh.com\/wp-content\/uploads\/grundaufbau\/ansprechpartner_abteilung.png\">\t\t\t\t\t\t\t\t<\/a>\n\t\t\t\t\t\t\t\t\t\t\t\t\t\t\t<\/div>\n\t\t\t\t<\/div>\n\t\t\t\t<div class=\"elementor-element elementor-element-7d4e6458 elementor-widget elementor-widget-heading\" data-id=\"7d4e6458\" data-element_type=\"widget\" data-e-type=\"widget\" data-widget_type=\"heading.default\">\n\t\t\t\t<div class=\"elementor-widget-container\">\n\t\t\t\t\t<h3 class=\"elementor-heading-title elementor-size-default\"><a href=\"https:\/\/www.schaaf-gmbh.com\/fr\/kontakt\/apercu-les-personnes-a-contacter\/les-personnes-a-contacter-par-departement\/\">Personnes \u00e0 contacter par d\u00e9partement<\/a><\/h3>\t\t\t\t<\/div>\n\t\t\t\t<\/div>\n\t\t\t\t\t<\/div>\r\n\t\t\t\t<\/div>\r\n\t\t\t\t<div class=\"elementor-column elementor-col-33 elementor-top-column elementor-element elementor-element-ec84ef3 elementor-invisible\" data-id=\"ec84ef3\" data-element_type=\"column\" data-e-type=\"column\" data-settings=\"{&quot;background_background&quot;:&quot;classic&quot;,&quot;animation&quot;:&quot;fadeIn&quot;}\">\r\n\t\t\t\t\t<div class=\"elementor-widget-wrap elementor-element-populated\">\r\n\t\t\t\t\t\t\t\t<div class=\"elementor-element elementor-element-d5e0f38 elementor-widget elementor-widget-image\" data-id=\"d5e0f38\" data-element_type=\"widget\" data-e-type=\"widget\" data-widget_type=\"image.default\">\n\t\t\t\t<div class=\"elementor-widget-container\">\n\t\t\t\t\t\t\t\t\t\t\t\t\t\t\t\t<a href=\"https:\/\/www.schaaf-gmbh.com\/fr\/kontakt\/apercu-les-personnes-a-contacter\/les-personnes-a-contacter-par-langue\/\">\n\t\t\t\t\t\t\t<img decoding=\"async\" width=\"352\" height=\"336\" src=\"data:image\/gif;base64,R0lGODlhAQABAAAAACH5BAEKAAEALAAAAAABAAEAAAICTAEAOw==\" class=\"elementor-animation-float attachment-medium_large size-medium_large wp-image-40002 lazyload\" alt=\"Sprachen Ansprechpartner\" data-src=\"https:\/\/www.schaaf-gmbh.com\/wp-content\/uploads\/grundaufbau\/ansprechpartner_sprachen.png\">\t\t\t\t\t\t\t\t<\/a>\n\t\t\t\t\t\t\t\t\t\t\t\t\t\t\t<\/div>\n\t\t\t\t<\/div>\n\t\t\t\t<div class=\"elementor-element elementor-element-43c0e4f elementor-widget elementor-widget-heading\" data-id=\"43c0e4f\" data-element_type=\"widget\" data-e-type=\"widget\" data-widget_type=\"heading.default\">\n\t\t\t\t<div class=\"elementor-widget-container\">\n\t\t\t\t\t<h3 class=\"elementor-heading-title elementor-size-default\"><a href=\"https:\/\/www.schaaf-gmbh.com\/fr\/kontakt\/apercu-les-personnes-a-contacter\/les-personnes-a-contacter-par-langue\/\">Personnes \u00e0 contacter par langue<\/a><\/h3>\t\t\t\t<\/div>\n\t\t\t\t<\/div>\n\t\t\t\t\t<\/div>\r\n\t\t\t\t<\/div>\r\n\t\t\t\t<div class=\"elementor-column elementor-col-33 elementor-top-column elementor-element elementor-element-3064746\" data-id=\"3064746\" data-element_type=\"column\" data-e-type=\"column\">\r\n\t\t\t\t\t<div class=\"elementor-widget-wrap\">\r\n\t\t\t\t\t\t\t\t\t<\/div>\r\n\t\t\t\t<\/div>\r\n\t\t\t\t\t<\/div>\r\n\t\t\t\t<\/section>\r\n\t\t\t\t<section class=\"elementor-section elementor-top-section elementor-element elementor-element-0c5b1ee container elementor-section-boxed elementor-section-height-default elementor-section-height-default\" data-id=\"0c5b1ee\" data-element_type=\"section\" data-e-type=\"section\">\r\n\t\t\r\n\t\t\t\t\t\t\t<div class=\"elementor-container elementor-column-gap-default\">\r\n\t\t\t\t\t\t\t\t\t\t\t<div class=\"elementor-column elementor-col-33 elementor-top-column elementor-element elementor-element-2545a24 elementor-invisible\" data-id=\"2545a24\" data-element_type=\"column\" data-e-type=\"column\" data-settings=\"{&quot;background_background&quot;:&quot;classic&quot;,&quot;animation&quot;:&quot;fadeIn&quot;}\">\r\n\t\t\t\t\t<div class=\"elementor-widget-wrap elementor-element-populated\">\r\n\t\t\t\t\t\t\t\t<div class=\"elementor-element elementor-element-f516452 elementor-widget elementor-widget-image\" data-id=\"f516452\" data-element_type=\"widget\" data-e-type=\"widget\" data-widget_type=\"image.default\">\n\t\t\t\t<div class=\"elementor-widget-container\">\n\t\t\t\t\t\t\t\t\t\t\t\t\t\t\t\t<a href=\"https:\/\/www.schaaf-gmbh.com\/fr\/kontakt\/ansprechpartner-china\/\">\n\t\t\t\t\t\t\t<img decoding=\"async\" src=\"data:image\/gif;base64,R0lGODlhAQABAAAAACH5BAEKAAEALAAAAAABAAEAAAICTAEAOw==\" title=\"\" alt=\"\" class=\"elementor-animation-float lazyload\" loading=\"lazy\" data-src=\"https:\/\/www.schaaf-gmbh.com\/wp-content\/uploads\/unternehmen\/schaaf_ansprechpartner_china.jpg\">\t\t\t\t\t\t\t\t<\/a>\n\t\t\t\t\t\t\t\t\t\t\t\t\t\t\t<\/div>\n\t\t\t\t<\/div>\n\t\t\t\t<div class=\"elementor-element elementor-element-f052f24 elementor-widget elementor-widget-heading\" data-id=\"f052f24\" data-element_type=\"widget\" data-e-type=\"widget\" data-widget_type=\"heading.default\">\n\t\t\t\t<div class=\"elementor-widget-container\">\n\t\t\t\t\t<h3 class=\"elementor-heading-title elementor-size-default\"><a href=\"https:\/\/www.schaaf-gmbh.com\/fr\/kontakt\/ansprechpartner-china\/\">Personnes \u00e0 contacter en Chine<\/a><\/h3>\t\t\t\t<\/div>\n\t\t\t\t<\/div>\n\t\t\t\t\t<\/div>\r\n\t\t\t\t<\/div>\r\n\t\t\t\t<div class=\"elementor-column elementor-col-33 elementor-top-column elementor-element elementor-element-dd206ac elementor-invisible\" data-id=\"dd206ac\" data-element_type=\"column\" data-e-type=\"column\" data-settings=\"{&quot;background_background&quot;:&quot;classic&quot;,&quot;animation&quot;:&quot;fadeIn&quot;}\">\r\n\t\t\t\t\t<div class=\"elementor-widget-wrap elementor-element-populated\">\r\n\t\t\t\t\t\t\t\t<div class=\"elementor-element elementor-element-4a45dcd elementor-widget elementor-widget-image\" data-id=\"4a45dcd\" data-element_type=\"widget\" data-e-type=\"widget\" data-widget_type=\"image.default\">\n\t\t\t\t<div class=\"elementor-widget-container\">\n\t\t\t\t\t\t\t\t\t\t\t\t\t\t\t\t<a href=\"https:\/\/www.schaaf-gmbh.com\/fr\/kontakt\/ansprechpartner-schweiz\/\">\n\t\t\t\t\t\t\t<img decoding=\"async\" src=\"data:image\/gif;base64,R0lGODlhAQABAAAAACH5BAEKAAEALAAAAAABAAEAAAICTAEAOw==\" title=\"\" alt=\"\" class=\"elementor-animation-float lazyload\" loading=\"lazy\" data-src=\"https:\/\/www.schaaf-gmbh.com\/wp-content\/uploads\/unternehmen\/schaaf_ansprechpartner_schweiz.png\">\t\t\t\t\t\t\t\t<\/a>\n\t\t\t\t\t\t\t\t\t\t\t\t\t\t\t<\/div>\n\t\t\t\t<\/div>\n\t\t\t\t<div class=\"elementor-element elementor-element-46fe5da elementor-widget elementor-widget-heading\" data-id=\"46fe5da\" data-element_type=\"widget\" data-e-type=\"widget\" data-widget_type=\"heading.default\">\n\t\t\t\t<div class=\"elementor-widget-container\">\n\t\t\t\t\t<h3 class=\"elementor-heading-title elementor-size-default\"><a href=\"https:\/\/www.schaaf-gmbh.com\/fr\/kontakt\/ansprechpartner-schweiz\/\">Personnes \u00e0 contacter en Chine<\/a><\/h3>\t\t\t\t<\/div>\n\t\t\t\t<\/div>\n\t\t\t\t\t<\/div>\r\n\t\t\t\t<\/div>\r\n\t\t\t\t<div class=\"elementor-column elementor-col-33 elementor-top-column elementor-element elementor-element-569d0fe elementor-invisible\" data-id=\"569d0fe\" data-element_type=\"column\" data-e-type=\"column\" data-settings=\"{&quot;background_background&quot;:&quot;classic&quot;,&quot;animation&quot;:&quot;fadeIn&quot;}\">\r\n\t\t\t\t\t<div class=\"elementor-widget-wrap elementor-element-populated\">\r\n\t\t\t\t\t\t\t\t<div class=\"elementor-element elementor-element-2e0e684 elementor-widget elementor-widget-image\" data-id=\"2e0e684\" data-element_type=\"widget\" data-e-type=\"widget\" data-widget_type=\"image.default\">\n\t\t\t\t<div class=\"elementor-widget-container\">\n\t\t\t\t\t\t\t\t\t\t\t\t\t\t\t\t<a href=\"https:\/\/www.schaaf-gmbh.com\/fr\/kontakt\/agence-doutre-mer\/\">\n\t\t\t\t\t\t\t<img decoding=\"async\" width=\"352\" height=\"336\" src=\"data:image\/gif;base64,R0lGODlhAQABAAAAACH5BAEKAAEALAAAAAABAAEAAAICTAEAOw==\" class=\"elementor-animation-float attachment-medium_large size-medium_large wp-image-40012 lazyload\" alt=\"Auslandvertretung\" data-src=\"https:\/\/www.schaaf-gmbh.com\/wp-content\/uploads\/grundaufbau\/auslandsvertretung.png\">\t\t\t\t\t\t\t\t<\/a>\n\t\t\t\t\t\t\t\t\t\t\t\t\t\t\t<\/div>\n\t\t\t\t<\/div>\n\t\t\t\t<div class=\"elementor-element elementor-element-040cd6f elementor-widget elementor-widget-heading\" data-id=\"040cd6f\" data-element_type=\"widget\" data-e-type=\"widget\" data-widget_type=\"heading.default\">\n\t\t\t\t<div class=\"elementor-widget-container\">\n\t\t\t\t\t<h3 class=\"elementor-heading-title elementor-size-default\"><a href=\"https:\/\/www.schaaf-gmbh.com\/fr\/kontakt\/agence-doutre-mer\/\">Agence \u00e0 l'\u00e9tranger<\/a><\/h3>\t\t\t\t<\/div>\n\t\t\t\t<\/div>\n\t\t\t\t\t<\/div>\r\n\t\t\t\t<\/div>\r\n\t\t\t\t\t<\/div>\r\n\t\t\t\t<\/section>\r\n\t\t\t\t<\/div>\n\t\t","protected":false},"excerpt":{"rendered":"<p>Personnes \u00e0 contacter en Allemagne Personnes \u00e0 contacter par d\u00e9partement Personnes \u00e0 contacter par langue Personnes \u00e0 contacter en Chine Personnes \u00e0 contacter en Chine Agence \u00e0 l&rsquo;\u00e9tranger<\/p>\n","protected":false},"author":1,"featured_media":0,"parent":34899,"menu_order":0,"comment_status":"closed","ping_status":"closed","template":"","meta":{"footnotes":""},"class_list":["post-27484","page","type-page","status-publish","hentry"],"yoast_head":"<!-- This site is optimized with the Yoast SEO Premium plugin v26.6 (Yoast SEO v27.3) - https:\/\/yoast.com\/product\/yoast-seo-premium-wordpress\/ -->\n<title>Aper\u00e7u les personnes \u00e0 contacter - SCHAAF - Leading joining technology<\/title>\n<meta name=\"description\" content=\"Vous trouverez ici les contacts et les employ\u00e9s de SCHAAF tri\u00e9s par d\u00e9partement, langue et lieu (Allemagne, Chine, Suisse).\" \/>\n<meta name=\"robots\" content=\"index, follow, max-snippet:-1, max-image-preview:large, max-video-preview:-1\" \/>\n<link rel=\"canonical\" href=\"https:\/\/www.schaaf-gmbh.com\/fr\/contact\/deutschland\/\" \/>\n<meta property=\"og:locale\" content=\"fr_FR\" \/>\n<meta property=\"og:type\" content=\"article\" \/>\n<meta property=\"og:title\" content=\"Aper\u00e7u les personnes \u00e0 contacter\" \/>\n<meta property=\"og:description\" content=\"Vous trouverez ici les contacts et les employ\u00e9s de SCHAAF tri\u00e9s par d\u00e9partement, langue et lieu (Allemagne, Chine, Suisse).\" \/>\n<meta property=\"og:url\" content=\"https:\/\/www.schaaf-gmbh.com\/fr\/contact\/deutschland\/\" \/>\n<meta property=\"og:site_name\" content=\"SCHAAF - Leading joining technology\" \/>\n<meta property=\"article:publisher\" content=\"https:\/\/www.facebook.com\/Schaaf.gmbh.de\/\" \/>\n<meta property=\"article:modified_time\" content=\"2024-11-21T10:22:36+00:00\" \/>\n<meta property=\"og:image\" content=\"https:\/\/www.schaaf-gmbh.com\/wp-content\/uploads\/grundaufbau\/ansprechpartner_abteilung.png\" \/>\n\t<meta property=\"og:image:width\" content=\"352\" \/>\n\t<meta property=\"og:image:height\" content=\"336\" \/>\n\t<meta property=\"og:image:type\" content=\"image\/png\" \/>\n<meta name=\"twitter:card\" content=\"summary_large_image\" \/>\n<meta name=\"twitter:label1\" content=\"Dur\u00e9e de lecture estim\u00e9e\" \/>\n\t<meta name=\"twitter:data1\" content=\"2 minutes\" \/>\n<script type=\"application\/ld+json\" class=\"yoast-schema-graph\">{\"@context\":\"https:\\\/\\\/schema.org\",\"@graph\":[{\"@type\":\"WebPage\",\"@id\":\"https:\\\/\\\/www.schaaf-gmbh.com\\\/fr\\\/contact\\\/deutschland\\\/\",\"url\":\"https:\\\/\\\/www.schaaf-gmbh.com\\\/fr\\\/contact\\\/deutschland\\\/\",\"name\":\"Aper\u00e7u les personnes \u00e0 contacter - SCHAAF - Leading joining technology\",\"isPartOf\":{\"@id\":\"https:\\\/\\\/www.schaaf-gmbh.com\\\/fr\\\/#website\"},\"primaryImageOfPage\":{\"@id\":\"https:\\\/\\\/www.schaaf-gmbh.com\\\/fr\\\/contact\\\/deutschland\\\/#primaryimage\"},\"image\":{\"@id\":\"https:\\\/\\\/www.schaaf-gmbh.com\\\/fr\\\/contact\\\/deutschland\\\/#primaryimage\"},\"thumbnailUrl\":\"https:\\\/\\\/www.schaaf-gmbh.com\\\/wp-content\\\/uploads\\\/grundaufbau\\\/ansprechpartner_abteilung.png\",\"datePublished\":\"2021-08-22T12:31:54+00:00\",\"dateModified\":\"2024-11-21T10:22:36+00:00\",\"description\":\"Vous trouverez ici les contacts et les employ\u00e9s de SCHAAF tri\u00e9s par d\u00e9partement, langue et lieu (Allemagne, Chine, Suisse).\",\"breadcrumb\":{\"@id\":\"https:\\\/\\\/www.schaaf-gmbh.com\\\/fr\\\/contact\\\/deutschland\\\/#breadcrumb\"},\"inLanguage\":\"fr-FR\",\"potentialAction\":[{\"@type\":\"ReadAction\",\"target\":[\"https:\\\/\\\/www.schaaf-gmbh.com\\\/fr\\\/contact\\\/deutschland\\\/\"]}]},{\"@type\":\"ImageObject\",\"inLanguage\":\"fr-FR\",\"@id\":\"https:\\\/\\\/www.schaaf-gmbh.com\\\/fr\\\/contact\\\/deutschland\\\/#primaryimage\",\"url\":\"https:\\\/\\\/www.schaaf-gmbh.com\\\/wp-content\\\/uploads\\\/grundaufbau\\\/ansprechpartner_abteilung.png\",\"contentUrl\":\"https:\\\/\\\/www.schaaf-gmbh.com\\\/wp-content\\\/uploads\\\/grundaufbau\\\/ansprechpartner_abteilung.png\"},{\"@type\":\"BreadcrumbList\",\"@id\":\"https:\\\/\\\/www.schaaf-gmbh.com\\\/fr\\\/contact\\\/deutschland\\\/#breadcrumb\",\"itemListElement\":[{\"@type\":\"ListItem\",\"position\":1,\"name\":\"Startseite\",\"item\":\"https:\\\/\\\/www.schaaf-gmbh.com\\\/fr\\\/\"},{\"@type\":\"ListItem\",\"position\":2,\"name\":\"Contact\",\"item\":\"https:\\\/\\\/www.schaaf-gmbh.com\\\/fr\\\/contact\\\/\"},{\"@type\":\"ListItem\",\"position\":3,\"name\":\"Aper\u00e7u les personnes \u00e0 contacter\"}]},{\"@type\":\"WebSite\",\"@id\":\"https:\\\/\\\/www.schaaf-gmbh.com\\\/fr\\\/#website\",\"url\":\"https:\\\/\\\/www.schaaf-gmbh.com\\\/fr\\\/\",\"name\":\"SCHAAF - Leading joining technology\",\"description\":\"Leading joining technology\",\"publisher\":{\"@id\":\"https:\\\/\\\/www.schaaf-gmbh.com\\\/fr\\\/#organization\"},\"potentialAction\":[{\"@type\":\"SearchAction\",\"target\":{\"@type\":\"EntryPoint\",\"urlTemplate\":\"https:\\\/\\\/www.schaaf-gmbh.com\\\/fr\\\/?s={search_term_string}\"},\"query-input\":{\"@type\":\"PropertyValueSpecification\",\"valueRequired\":true,\"valueName\":\"search_term_string\"}}],\"inLanguage\":\"fr-FR\"},{\"@type\":\"Organization\",\"@id\":\"https:\\\/\\\/www.schaaf-gmbh.com\\\/fr\\\/#organization\",\"name\":\"Schaaf GmbH & Co. KG\",\"alternateName\":\"SCHAAF GmbH & Co. KG\",\"url\":\"https:\\\/\\\/www.schaaf-gmbh.com\\\/fr\\\/\",\"logo\":{\"@type\":\"ImageObject\",\"inLanguage\":\"fr-FR\",\"@id\":\"https:\\\/\\\/www.schaaf-gmbh.com\\\/fr\\\/#\\\/schema\\\/logo\\\/image\\\/\",\"url\":\"https:\\\/\\\/www.schaaf-gmbh.com\\\/wp-content\\\/uploads\\\/grundaufbau\\\/apple_176x176.png\",\"contentUrl\":\"https:\\\/\\\/www.schaaf-gmbh.com\\\/wp-content\\\/uploads\\\/grundaufbau\\\/apple_176x176.png\",\"width\":176,\"height\":176,\"caption\":\"Schaaf GmbH & Co. KG\"},\"image\":{\"@id\":\"https:\\\/\\\/www.schaaf-gmbh.com\\\/fr\\\/#\\\/schema\\\/logo\\\/image\\\/\"},\"sameAs\":[\"https:\\\/\\\/www.facebook.com\\\/Schaaf.gmbh.de\\\/\",\"https:\\\/\\\/www.instagram.com\\\/schaaf.gmbh\\\/\",\"https:\\\/\\\/de.linkedin.com\\\/company\\\/schaaf-gmbh-com\",\"https:\\\/\\\/www.youtube.com\\\/channel\\\/UCJfkln8LVDeGgV-V8yzePBQ\"]}]}<\/script>\n<!-- \/ Yoast SEO Premium plugin. -->","yoast_head_json":{"title":"Aper\u00e7u les personnes \u00e0 contacter - SCHAAF - Leading joining technology","description":"Vous trouverez ici les contacts et les employ\u00e9s de SCHAAF tri\u00e9s par d\u00e9partement, langue et lieu (Allemagne, Chine, Suisse).","robots":{"index":"index","follow":"follow","max-snippet":"max-snippet:-1","max-image-preview":"max-image-preview:large","max-video-preview":"max-video-preview:-1"},"canonical":"https:\/\/www.schaaf-gmbh.com\/fr\/contact\/deutschland\/","og_locale":"fr_FR","og_type":"article","og_title":"Aper\u00e7u les personnes \u00e0 contacter","og_description":"Vous trouverez ici les contacts et les employ\u00e9s de SCHAAF tri\u00e9s par d\u00e9partement, langue et lieu (Allemagne, Chine, Suisse).","og_url":"https:\/\/www.schaaf-gmbh.com\/fr\/contact\/deutschland\/","og_site_name":"SCHAAF - Leading joining technology","article_publisher":"https:\/\/www.facebook.com\/Schaaf.gmbh.de\/","article_modified_time":"2024-11-21T10:22:36+00:00","og_image":[{"width":352,"height":336,"url":"https:\/\/www.schaaf-gmbh.com\/wp-content\/uploads\/grundaufbau\/ansprechpartner_abteilung.png","type":"image\/png"}],"twitter_card":"summary_large_image","twitter_misc":{"Dur\u00e9e de lecture estim\u00e9e":"2 minutes"},"schema":{"@context":"https:\/\/schema.org","@graph":[{"@type":"WebPage","@id":"https:\/\/www.schaaf-gmbh.com\/fr\/contact\/deutschland\/","url":"https:\/\/www.schaaf-gmbh.com\/fr\/contact\/deutschland\/","name":"Aper\u00e7u les personnes \u00e0 contacter - SCHAAF - Leading joining technology","isPartOf":{"@id":"https:\/\/www.schaaf-gmbh.com\/fr\/#website"},"primaryImageOfPage":{"@id":"https:\/\/www.schaaf-gmbh.com\/fr\/contact\/deutschland\/#primaryimage"},"image":{"@id":"https:\/\/www.schaaf-gmbh.com\/fr\/contact\/deutschland\/#primaryimage"},"thumbnailUrl":"https:\/\/www.schaaf-gmbh.com\/wp-content\/uploads\/grundaufbau\/ansprechpartner_abteilung.png","datePublished":"2021-08-22T12:31:54+00:00","dateModified":"2024-11-21T10:22:36+00:00","description":"Vous trouverez ici les contacts et les employ\u00e9s de SCHAAF tri\u00e9s par d\u00e9partement, langue et lieu (Allemagne, Chine, Suisse).","breadcrumb":{"@id":"https:\/\/www.schaaf-gmbh.com\/fr\/contact\/deutschland\/#breadcrumb"},"inLanguage":"fr-FR","potentialAction":[{"@type":"ReadAction","target":["https:\/\/www.schaaf-gmbh.com\/fr\/contact\/deutschland\/"]}]},{"@type":"ImageObject","inLanguage":"fr-FR","@id":"https:\/\/www.schaaf-gmbh.com\/fr\/contact\/deutschland\/#primaryimage","url":"https:\/\/www.schaaf-gmbh.com\/wp-content\/uploads\/grundaufbau\/ansprechpartner_abteilung.png","contentUrl":"https:\/\/www.schaaf-gmbh.com\/wp-content\/uploads\/grundaufbau\/ansprechpartner_abteilung.png"},{"@type":"BreadcrumbList","@id":"https:\/\/www.schaaf-gmbh.com\/fr\/contact\/deutschland\/#breadcrumb","itemListElement":[{"@type":"ListItem","position":1,"name":"Startseite","item":"https:\/\/www.schaaf-gmbh.com\/fr\/"},{"@type":"ListItem","position":2,"name":"Contact","item":"https:\/\/www.schaaf-gmbh.com\/fr\/contact\/"},{"@type":"ListItem","position":3,"name":"Aper\u00e7u les personnes \u00e0 contacter"}]},{"@type":"WebSite","@id":"https:\/\/www.schaaf-gmbh.com\/fr\/#website","url":"https:\/\/www.schaaf-gmbh.com\/fr\/","name":"SCHAAF - Leading joining technology","description":"Leading joining technology","publisher":{"@id":"https:\/\/www.schaaf-gmbh.com\/fr\/#organization"},"potentialAction":[{"@type":"SearchAction","target":{"@type":"EntryPoint","urlTemplate":"https:\/\/www.schaaf-gmbh.com\/fr\/?s={search_term_string}"},"query-input":{"@type":"PropertyValueSpecification","valueRequired":true,"valueName":"search_term_string"}}],"inLanguage":"fr-FR"},{"@type":"Organization","@id":"https:\/\/www.schaaf-gmbh.com\/fr\/#organization","name":"Schaaf GmbH & Co. KG","alternateName":"SCHAAF GmbH & Co. KG","url":"https:\/\/www.schaaf-gmbh.com\/fr\/","logo":{"@type":"ImageObject","inLanguage":"fr-FR","@id":"https:\/\/www.schaaf-gmbh.com\/fr\/#\/schema\/logo\/image\/","url":"https:\/\/www.schaaf-gmbh.com\/wp-content\/uploads\/grundaufbau\/apple_176x176.png","contentUrl":"https:\/\/www.schaaf-gmbh.com\/wp-content\/uploads\/grundaufbau\/apple_176x176.png","width":176,"height":176,"caption":"Schaaf GmbH & Co. KG"},"image":{"@id":"https:\/\/www.schaaf-gmbh.com\/fr\/#\/schema\/logo\/image\/"},"sameAs":["https:\/\/www.facebook.com\/Schaaf.gmbh.de\/","https:\/\/www.instagram.com\/schaaf.gmbh\/","https:\/\/de.linkedin.com\/company\/schaaf-gmbh-com","https:\/\/www.youtube.com\/channel\/UCJfkln8LVDeGgV-V8yzePBQ"]}]}},"_links":{"self":[{"href":"https:\/\/www.schaaf-gmbh.com\/fr\/wp-json\/wp\/v2\/pages\/27484","targetHints":{"allow":["GET"]}}],"collection":[{"href":"https:\/\/www.schaaf-gmbh.com\/fr\/wp-json\/wp\/v2\/pages"}],"about":[{"href":"https:\/\/www.schaaf-gmbh.com\/fr\/wp-json\/wp\/v2\/types\/page"}],"author":[{"embeddable":true,"href":"https:\/\/www.schaaf-gmbh.com\/fr\/wp-json\/wp\/v2\/users\/1"}],"replies":[{"embeddable":true,"href":"https:\/\/www.schaaf-gmbh.com\/fr\/wp-json\/wp\/v2\/comments?post=27484"}],"version-history":[{"count":2,"href":"https:\/\/www.schaaf-gmbh.com\/fr\/wp-json\/wp\/v2\/pages\/27484\/revisions"}],"predecessor-version":[{"id":61306,"href":"https:\/\/www.schaaf-gmbh.com\/fr\/wp-json\/wp\/v2\/pages\/27484\/revisions\/61306"}],"up":[{"embeddable":true,"href":"https:\/\/www.schaaf-gmbh.com\/fr\/wp-json\/wp\/v2\/pages\/34899"}],"wp:attachment":[{"href":"https:\/\/www.schaaf-gmbh.com\/fr\/wp-json\/wp\/v2\/media?parent=27484"}],"curies":[{"name":"wp","href":"https:\/\/api.w.org\/{rel}","templated":true}]}}