{"id":28078,"date":"2021-09-10T13:43:46","date_gmt":"2021-09-10T13:43:46","guid":{"rendered":"https:\/\/www.schaaf-gmbh.com\/imprimer"},"modified":"2025-07-16T13:30:20","modified_gmt":"2025-07-16T13:30:20","slug":"impressum","status":"publish","type":"page","link":"https:\/\/www.schaaf-gmbh.com\/fr\/impressum\/","title":{"rendered":"Impression"},"content":{"rendered":"\t\t<div data-elementor-type=\"wp-page\" data-elementor-id=\"28078\" class=\"elementor elementor-28078 elementor-24374\" data-elementor-post-type=\"page\">\n\t\t\t\t\t\t<section class=\"elementor-section elementor-top-section elementor-element elementor-element-0b32a43 elementor-section-boxed elementor-section-height-default elementor-section-height-default\" data-id=\"0b32a43\" data-element_type=\"section\" data-e-type=\"section\">\r\n\t\t\r\n\t\t\t\t\t\t\t<div class=\"elementor-container elementor-column-gap-default\">\r\n\t\t\t\t\t\t\t\t\t\t\t<div class=\"elementor-column elementor-col-100 elementor-top-column elementor-element elementor-element-26dbb5c\" data-id=\"26dbb5c\" data-element_type=\"column\" data-e-type=\"column\">\r\n\t\t\t\t\t<div class=\"elementor-widget-wrap elementor-element-populated\">\r\n\t\t\t\t\t\t\t\t<div class=\"elementor-element elementor-element-2542821 elementor-widget elementor-widget-heading\" data-id=\"2542821\" data-element_type=\"widget\" data-e-type=\"widget\" data-widget_type=\"heading.default\">\n\t\t\t\t<div class=\"elementor-widget-container\">\n\t\t\t\t\t<h1 class=\"elementor-heading-title elementor-size-default\">Impression<\/h1>\t\t\t\t<\/div>\n\t\t\t\t<\/div>\n\t\t\t\t<div class=\"elementor-element elementor-element-5b7966b elementor-widget elementor-widget-text-editor\" data-id=\"5b7966b\" data-element_type=\"widget\" data-e-type=\"widget\" data-widget_type=\"text-editor.default\">\n\t\t\t\t<div class=\"elementor-widget-container\">\n\t\t\t\t\t\t\t\t\t<span style=\"font-family : Arial, Helvetica, sans-serif ; font-size : small ;\">\u00a9 Copyright 2021 by SCHAAF GmbH &#038;amp ; Co. KG, Erkelenz<\/span><br><h3>Information fournie conform\u00e9ment \u00e0 l&rsquo;article 5 de la loi allemande sur les t\u00e9l\u00e9m\u00e9dias (TMG):<\/h3><br><p class=\"Stil2\">SCHAAF GmbH &#038;amp ; Co. KG\r\nBruesseler Allee 22\r\n41812 Erkelenz-Allemagne<\/p> > Repr\u00e9sent\u00e9 par : Dipl.<br><br><h3>Repr\u00e9sent\u00e9 par:<\/h3><br><p class=\"Stil2\">Dipl.-Ing. Ralf Koellges<\/p> <p class=\"Stil2\">Ralf Koellges<\/p> <p class=\"Stil2\">Dipl.-Ing.\r\n\r\n<h3>Contact:<\/h3>\r\n<p class=\"Stil2\">T\u00e9l\u00e9phone : +49 &#8211; 24 31 &#8211; 9 77 70-0\r\nT\u00e9l\u00e9fax : +49 &#8211; 24 31 &#8211; 9 77 70-77\r\nEmail : info@schaaf-gmbh.com<\/p><br><p class=\"Stil2\"><span style=\"font-size : small ;\"><span style=\"font-family : Arial, Helvetica, sans-serif ;\">Soci\u00e9t\u00e9 en commandite, bas\u00e9e \u00e0 Erkelenz\r\nTribunal d&rsquo;instance Moenchengladbach HRA (registre du commerce) 5858<\/span><\/span><\/p><br><p class=\"Stil2\"><span style=\"font-family : Arial, Helvetica, sans-serif ; font-size : small ;\"><strong>Associ\u00e9 commandit\u00e9:<\/strong>\r\nKoellges Gesch\u00e4ftsf\u00fchrungs-GmbH\r\nTribunal d&rsquo;instance de Moenchengladbach HRB (registre du commerce) 11477\r\nDirecteur g\u00e9n\u00e9ral : Dipl. -Ing. Ralf Koellges\r\n<\/span><\/p><p>\r\n\r\n<h3>Inscription au registre:<\/h3>\r\n<p class=\"Stil2\">Inscription au registre du commerce.\r\nTribunal d&rsquo;enregistrement:Amtsgericht M\u00f6nchengladbach\r\nNum\u00e9ro d&rsquo;enregistrement : HRB 11477<\/p><br><br><h3>TVA:<\/h3><br><p class=\"Stil2\">Num\u00e9ro d&rsquo;identification de la TVA conform\u00e9ment \u00e0 la section 27 a de la loi allemande sur la taxe \u00e0 la valeur ajout\u00e9e :\r\nDE 814 64 67 52<\/p> <p class=\"rtejustify\"><br><br><h3>Avis conform\u00e9ment au \u00a7 36 de la loi allemande sur le r\u00e8glement des litiges de consommation (VSBG):<\/h3><br><p class=\"Stil2\">SCHAAF GmbH &#038; Co. KG n&rsquo;est pas oblig\u00e9e de participer \u00e0 une proc\u00e9dure de r\u00e8glement des litiges devant un tribunal comp\u00e9tent et n&rsquo;est pas dispos\u00e9e \u00e0 le faire.\t\t\t\t\t\t\t\t<\/div>\n\t\t\t\t<\/div>\n\t\t\t\t<div class=\"elementor-element elementor-element-d5992d7 elementor-widget elementor-widget-text-editor\" data-id=\"d5992d7\" data-element_type=\"widget\" data-e-type=\"widget\" data-widget_type=\"text-editor.default\">\n\t\t\t\t<div class=\"elementor-widget-container\">\n\t\t\t\t\t\t\t\t\t<p class=\"Stil2\"><span style=\"font-family: Arial, Helvetica, sans-serif; font-size: small;\"><b>Conditions g\u00e9n\u00e9rales d&rsquo;achat GB:<\/b><br \/>\n<a href=\"https:\/\/schaaf-gmbh.com\/wp-content\/download\/SCHAAF_General_terms_of_purchase.pdf\" target=\"_blank\" rel=\"noopener\">T\u00e9l\u00e9chargement PDF <img decoding=\"async\" src=\"data:image\/gif;base64,R0lGODlhAQABAAAAACH5BAEKAAEALAAAAAABAAEAAAICTAEAOw==\" class=\"lazyload\" data-src=\"https:\/\/www.schaaf-gmbh.com\/wp-content\/uploads\/pdf_icon.gif\"><\/a><\/span><\/p>\n<p><\/p>\n<p class=\"Stil2\"><span style=\"font-family: Arial, Helvetica, sans-serif; font-size: small;\"><b>Conditions g\u00e9n\u00e9rales d&rsquo;achat DE:<\/b><br \/>\n<a href=\"https:\/\/schaaf-gmbh.com\/wp-content\/download\/SCHAAF_Allgemeine_Einkaufsbedingungen.pdf\" target=\"_blank\" rel=\"noopener\">T\u00e9l\u00e9chargement PDF\u00a0<img decoding=\"async\" src=\"data:image\/gif;base64,R0lGODlhAQABAAAAACH5BAEKAAEALAAAAAABAAEAAAICTAEAOw==\" class=\"lazyload\" data-src=\"https:\/\/www.schaaf-gmbh.com\/wp-content\/uploads\/pdf_icon.gif\"><\/a><\/span><\/p>\n<p><\/p>\n<p class=\"Stil2\"><span style=\"font-family: Arial, Helvetica, sans-serif; font-size: small;\"><b>Conditions g\u00e9n\u00e9rales de vente GB:<\/b><br \/>\n<a href=\"https:\/\/schaaf-gmbh.com\/wp-content\/download\/SCHAAF_General_terms_of_sale.pdf\" target=\"_blank\" rel=\"noopener\">T\u00e9l\u00e9chargement PDF\u00a0<img decoding=\"async\" src=\"data:image\/gif;base64,R0lGODlhAQABAAAAACH5BAEKAAEALAAAAAABAAEAAAICTAEAOw==\" class=\"lazyload\" data-src=\"https:\/\/www.schaaf-gmbh.com\/wp-content\/uploads\/pdf_icon.gif\"><\/a><\/span><\/p>\n<p><\/p>\n<p class=\"Stil2\"><span style=\"font-family: Arial, Helvetica, sans-serif; font-size: small;\"><b>Conditions g\u00e9n\u00e9rales de vente DE:<\/b><br \/>\n<a href=\"https:\/\/schaaf-gmbh.com\/wp-content\/download\/SCHAAF_Allgemeine_Verkaufsbedingungen.pdf\" target=\"_blank\" rel=\"noopener\">T\u00e9l\u00e9chargement PDF\u00a0<img decoding=\"async\" src=\"data:image\/gif;base64,R0lGODlhAQABAAAAACH5BAEKAAEALAAAAAABAAEAAAICTAEAOw==\" class=\"lazyload\" data-src=\"https:\/\/www.schaaf-gmbh.com\/wp-content\/uploads\/pdf_icon.gif\"><\/a><\/span><\/p>\n<p><\/p>\n<p class=\"Stil2\"><span style=\"font-family: Arial, Helvetica, sans-serif; font-size: small;\"><b>Conditions g\u00e9n\u00e9rales de vente FR:<\/b><br \/>\n<a href=\"https:\/\/schaaf-gmbh.com\/wp-content\/download\/SCHAAF_Conditions_Generales_de_Vente.pdf\" target=\"_blank\" rel=\"noopener\">T\u00e9l\u00e9chargement PDF\u00a0<img decoding=\"async\" src=\"data:image\/gif;base64,R0lGODlhAQABAAAAACH5BAEKAAEALAAAAAABAAEAAAICTAEAOw==\" class=\"lazyload\" data-src=\"https:\/\/www.schaaf-gmbh.com\/wp-content\/uploads\/pdf_icon.gif\"><\/a><\/span><\/p>\n<p><span style=\"font-family: Arial, Helvetica, sans-serif; font-size: small;\"><b>Conditions g\u00e9n\u00e9rales de vente de service GB:<\/b><br \/>\n<a href=\"https:\/\/www.schaaf-gmbh.com\/wp-content\/download\/SCHAAF_SERVICE_General_terms_of_sale.pdf\" target=\"_blank\" rel=\"noopener\">T\u00e9l\u00e9chargement PDF\u00a0<img decoding=\"async\" src=\"data:image\/gif;base64,R0lGODlhAQABAAAAACH5BAEKAAEALAAAAAABAAEAAAICTAEAOw==\" class=\"lazyload\" data-src=\"https:\/\/www.schaaf-gmbh.com\/wp-content\/uploads\/pdf_icon.gif\"><\/a><\/span><\/p>\n<p><span style=\"font-family: Arial, Helvetica, sans-serif; font-size: small;\"><b>Conditions g\u00e9n\u00e9rales de vente de service DE:<\/b><br \/>\n<a href=\"https:\/\/www.schaaf-gmbh.com\/wp-content\/download\/SCHAAF_SERVICE_Allgemeine_Verkaufsbedingungen.pdf\" target=\"_blank\" rel=\"noopener\">T\u00e9l\u00e9chargement PDF\u00a0<img decoding=\"async\" src=\"data:image\/gif;base64,R0lGODlhAQABAAAAACH5BAEKAAEALAAAAAABAAEAAAICTAEAOw==\" class=\"lazyload\" data-src=\"https:\/\/www.schaaf-gmbh.com\/wp-content\/uploads\/pdf_icon.gif\"><\/a><\/span><\/p>\n<p><span style=\"font-family: Arial, Helvetica, sans-serif; font-size: small;\"><b>Liste noire des mat\u00e9riaux GB:<\/b><\/span><br \/><a href=\"https:\/\/schaaf-gmbh.com\/wp-content\/download\/SCHAAF_material_blacklist.PDF\" target=\"_blank\" rel=\"noopener\">T\u00e9l\u00e9chargement PDF\u00a0<\/a><img decoding=\"async\" src=\"data:image\/gif;base64,R0lGODlhAQABAAAAACH5BAEKAAEALAAAAAABAAEAAAICTAEAOw==\" class=\"lazyload\" data-src=\"https:\/\/www.schaaf-gmbh.com\/wp-content\/uploads\/pdf_icon.gif\"><\/p>\n<p><span style=\"font-family: Arial, Helvetica, sans-serif; font-size: small;\"><b>Code de conduite SCHAAF DE\/GB:<\/b><br \/>\n<a href=\"https:\/\/www.schaaf-gmbh.com\/wp-content\/uploads\/pdf\/code_of_conduct_schaaf.pdf\" target=\"_blank\" rel=\"noopener\">T\u00e9l\u00e9chargement PDF\u00a0<img decoding=\"async\" src=\"data:image\/gif;base64,R0lGODlhAQABAAAAACH5BAEKAAEALAAAAAABAAEAAAICTAEAOw==\" class=\"lazyload\" data-src=\"https:\/\/www.schaaf-gmbh.com\/wp-content\/uploads\/pdf_icon.gif\"><\/a><\/span><\/p>\n<p><span style=\"font-family: Arial, Helvetica, sans-serif; font-size: small;\"><b>Code de conduite SCHAAF Service DE\/GB:<\/b><br \/>\n<a href=\"https:\/\/www.schaaf-gmbh.com\/wp-content\/uploads\/code_of_conduct_schaaf_service.pdf\" target=\"_blank\" rel=\"noopener\">T\u00e9l\u00e9chargement PDF\u00a0<img decoding=\"async\" src=\"data:image\/gif;base64,R0lGODlhAQABAAAAACH5BAEKAAEALAAAAAABAAEAAAICTAEAOw==\" class=\"lazyload\" data-src=\"https:\/\/www.schaaf-gmbh.com\/wp-content\/uploads\/pdf_icon.gif\"><\/a><\/span><\/p>\n\t\t\t\t\t\t\t\t<\/div>\n\t\t\t\t<\/div>\n\t\t\t\t\t<\/div>\r\n\t\t\t\t<\/div>\r\n\t\t\t\t\t<\/div>\r\n\t\t\t\t<\/section>\r\n\t\t\t\t<\/div>\n\t\t","protected":false},"excerpt":{"rendered":"<p>Impression \u00a9 Copyright 2021 by SCHAAF GmbH &#038;amp ; Co. KG, Erkelenz Information fournie conform\u00e9ment \u00e0 l&rsquo;article 5 de la loi allemande sur les t\u00e9l\u00e9m\u00e9dias (TMG): SCHAAF GmbH &#038;amp ; Co. KG Bruesseler Allee 22 41812 Erkelenz-Allemagne > Repr\u00e9sent\u00e9 par : Dipl. Repr\u00e9sent\u00e9 par: Dipl.-Ing. Ralf Koellges Ralf Koellges Dipl.-Ing. Contact: T\u00e9l\u00e9phone : +49 &#8211; [&hellip;]<\/p>\n","protected":false},"author":1,"featured_media":0,"parent":0,"menu_order":0,"comment_status":"closed","ping_status":"closed","template":"","meta":{"footnotes":""},"class_list":["post-28078","page","type-page","status-publish","hentry"],"yoast_head":"<!-- This site is optimized with the Yoast SEO Premium plugin v26.6 (Yoast SEO v27.4) - https:\/\/yoast.com\/product\/yoast-seo-premium-wordpress\/ -->\n<title>Impression - SCHAAF - Leading joining technology<\/title>\n<meta name=\"description\" content=\"K\u00f6llges Management GmbH Tribunal de premi\u00e8re instance de M\u00f6nchengladbach, HRB 11477 G\u00e9rant : Dipl.-Ing. Ralf Koellges\" \/>\n<meta name=\"robots\" content=\"index, follow, max-snippet:-1, max-image-preview:large, max-video-preview:-1\" \/>\n<link rel=\"canonical\" href=\"https:\/\/www.schaaf-gmbh.com\/fr\/impressum\/\" \/>\n<meta property=\"og:locale\" content=\"fr_FR\" \/>\n<meta property=\"og:type\" content=\"article\" \/>\n<meta property=\"og:title\" content=\"Impression\" \/>\n<meta property=\"og:description\" content=\"K\u00f6llges Management GmbH Tribunal de premi\u00e8re instance de M\u00f6nchengladbach, HRB 11477 G\u00e9rant : Dipl.-Ing. Ralf Koellges\" \/>\n<meta property=\"og:url\" content=\"https:\/\/www.schaaf-gmbh.com\/fr\/impressum\/\" \/>\n<meta property=\"og:site_name\" content=\"SCHAAF - Leading joining technology\" \/>\n<meta property=\"article:publisher\" content=\"https:\/\/www.facebook.com\/Schaaf.gmbh.de\/\" \/>\n<meta property=\"article:modified_time\" content=\"2025-07-16T13:30:20+00:00\" \/>\n<meta property=\"og:image\" content=\"https:\/\/www.schaaf-gmbh.com\/wp-content\/uploads\/pdf_icon.gif\" \/>\n<meta name=\"twitter:card\" content=\"summary_large_image\" \/>\n<meta name=\"twitter:label1\" content=\"Dur\u00e9e de lecture estim\u00e9e\" \/>\n\t<meta name=\"twitter:data1\" content=\"5 minutes\" \/>\n<script type=\"application\/ld+json\" class=\"yoast-schema-graph\">{\"@context\":\"https:\\\/\\\/schema.org\",\"@graph\":[{\"@type\":\"WebPage\",\"@id\":\"https:\\\/\\\/www.schaaf-gmbh.com\\\/fr\\\/impressum\\\/\",\"url\":\"https:\\\/\\\/www.schaaf-gmbh.com\\\/fr\\\/impressum\\\/\",\"name\":\"Impression - SCHAAF - Leading joining technology\",\"isPartOf\":{\"@id\":\"https:\\\/\\\/www.schaaf-gmbh.com\\\/fr\\\/#website\"},\"primaryImageOfPage\":{\"@id\":\"https:\\\/\\\/www.schaaf-gmbh.com\\\/fr\\\/impressum\\\/#primaryimage\"},\"image\":{\"@id\":\"https:\\\/\\\/www.schaaf-gmbh.com\\\/fr\\\/impressum\\\/#primaryimage\"},\"thumbnailUrl\":\"https:\\\/\\\/www.schaaf-gmbh.com\\\/wp-content\\\/uploads\\\/pdf_icon.gif\",\"datePublished\":\"2021-09-10T13:43:46+00:00\",\"dateModified\":\"2025-07-16T13:30:20+00:00\",\"description\":\"K\u00f6llges Management GmbH Tribunal de premi\u00e8re instance de M\u00f6nchengladbach, HRB 11477 G\u00e9rant : Dipl.-Ing. Ralf Koellges\",\"breadcrumb\":{\"@id\":\"https:\\\/\\\/www.schaaf-gmbh.com\\\/fr\\\/impressum\\\/#breadcrumb\"},\"inLanguage\":\"fr-FR\",\"potentialAction\":[{\"@type\":\"ReadAction\",\"target\":[\"https:\\\/\\\/www.schaaf-gmbh.com\\\/fr\\\/impressum\\\/\"]}]},{\"@type\":\"ImageObject\",\"inLanguage\":\"fr-FR\",\"@id\":\"https:\\\/\\\/www.schaaf-gmbh.com\\\/fr\\\/impressum\\\/#primaryimage\",\"url\":\"https:\\\/\\\/www.schaaf-gmbh.com\\\/wp-content\\\/uploads\\\/pdf_icon.gif\",\"contentUrl\":\"https:\\\/\\\/www.schaaf-gmbh.com\\\/wp-content\\\/uploads\\\/pdf_icon.gif\"},{\"@type\":\"BreadcrumbList\",\"@id\":\"https:\\\/\\\/www.schaaf-gmbh.com\\\/fr\\\/impressum\\\/#breadcrumb\",\"itemListElement\":[{\"@type\":\"ListItem\",\"position\":1,\"name\":\"Startseite\",\"item\":\"https:\\\/\\\/www.schaaf-gmbh.com\\\/fr\\\/\"},{\"@type\":\"ListItem\",\"position\":2,\"name\":\"Impression\"}]},{\"@type\":\"WebSite\",\"@id\":\"https:\\\/\\\/www.schaaf-gmbh.com\\\/fr\\\/#website\",\"url\":\"https:\\\/\\\/www.schaaf-gmbh.com\\\/fr\\\/\",\"name\":\"SCHAAF - Leading joining technology\",\"description\":\"Leading joining technology\",\"publisher\":{\"@id\":\"https:\\\/\\\/www.schaaf-gmbh.com\\\/fr\\\/#organization\"},\"potentialAction\":[{\"@type\":\"SearchAction\",\"target\":{\"@type\":\"EntryPoint\",\"urlTemplate\":\"https:\\\/\\\/www.schaaf-gmbh.com\\\/fr\\\/?s={search_term_string}\"},\"query-input\":{\"@type\":\"PropertyValueSpecification\",\"valueRequired\":true,\"valueName\":\"search_term_string\"}}],\"inLanguage\":\"fr-FR\"},{\"@type\":\"Organization\",\"@id\":\"https:\\\/\\\/www.schaaf-gmbh.com\\\/fr\\\/#organization\",\"name\":\"Schaaf GmbH & Co. KG\",\"alternateName\":\"SCHAAF GmbH & Co. KG\",\"url\":\"https:\\\/\\\/www.schaaf-gmbh.com\\\/fr\\\/\",\"logo\":{\"@type\":\"ImageObject\",\"inLanguage\":\"fr-FR\",\"@id\":\"https:\\\/\\\/www.schaaf-gmbh.com\\\/fr\\\/#\\\/schema\\\/logo\\\/image\\\/\",\"url\":\"https:\\\/\\\/www.schaaf-gmbh.com\\\/wp-content\\\/uploads\\\/grundaufbau\\\/apple_176x176.png\",\"contentUrl\":\"https:\\\/\\\/www.schaaf-gmbh.com\\\/wp-content\\\/uploads\\\/grundaufbau\\\/apple_176x176.png\",\"width\":176,\"height\":176,\"caption\":\"Schaaf GmbH & Co. KG\"},\"image\":{\"@id\":\"https:\\\/\\\/www.schaaf-gmbh.com\\\/fr\\\/#\\\/schema\\\/logo\\\/image\\\/\"},\"sameAs\":[\"https:\\\/\\\/www.facebook.com\\\/Schaaf.gmbh.de\\\/\",\"https:\\\/\\\/www.instagram.com\\\/schaaf.gmbh\\\/\",\"https:\\\/\\\/de.linkedin.com\\\/company\\\/schaaf-gmbh-com\",\"https:\\\/\\\/www.youtube.com\\\/channel\\\/UCJfkln8LVDeGgV-V8yzePBQ\"]}]}<\/script>\n<!-- \/ Yoast SEO Premium plugin. -->","yoast_head_json":{"title":"Impression - SCHAAF - Leading joining technology","description":"K\u00f6llges Management GmbH Tribunal de premi\u00e8re instance de M\u00f6nchengladbach, HRB 11477 G\u00e9rant : Dipl.-Ing. Ralf Koellges","robots":{"index":"index","follow":"follow","max-snippet":"max-snippet:-1","max-image-preview":"max-image-preview:large","max-video-preview":"max-video-preview:-1"},"canonical":"https:\/\/www.schaaf-gmbh.com\/fr\/impressum\/","og_locale":"fr_FR","og_type":"article","og_title":"Impression","og_description":"K\u00f6llges Management GmbH Tribunal de premi\u00e8re instance de M\u00f6nchengladbach, HRB 11477 G\u00e9rant : Dipl.-Ing. Ralf Koellges","og_url":"https:\/\/www.schaaf-gmbh.com\/fr\/impressum\/","og_site_name":"SCHAAF - Leading joining technology","article_publisher":"https:\/\/www.facebook.com\/Schaaf.gmbh.de\/","article_modified_time":"2025-07-16T13:30:20+00:00","og_image":[{"url":"https:\/\/www.schaaf-gmbh.com\/wp-content\/uploads\/pdf_icon.gif","type":"","width":"","height":""}],"twitter_card":"summary_large_image","twitter_misc":{"Dur\u00e9e de lecture estim\u00e9e":"5 minutes"},"schema":{"@context":"https:\/\/schema.org","@graph":[{"@type":"WebPage","@id":"https:\/\/www.schaaf-gmbh.com\/fr\/impressum\/","url":"https:\/\/www.schaaf-gmbh.com\/fr\/impressum\/","name":"Impression - SCHAAF - Leading joining technology","isPartOf":{"@id":"https:\/\/www.schaaf-gmbh.com\/fr\/#website"},"primaryImageOfPage":{"@id":"https:\/\/www.schaaf-gmbh.com\/fr\/impressum\/#primaryimage"},"image":{"@id":"https:\/\/www.schaaf-gmbh.com\/fr\/impressum\/#primaryimage"},"thumbnailUrl":"https:\/\/www.schaaf-gmbh.com\/wp-content\/uploads\/pdf_icon.gif","datePublished":"2021-09-10T13:43:46+00:00","dateModified":"2025-07-16T13:30:20+00:00","description":"K\u00f6llges Management GmbH Tribunal de premi\u00e8re instance de M\u00f6nchengladbach, HRB 11477 G\u00e9rant : Dipl.-Ing. Ralf Koellges","breadcrumb":{"@id":"https:\/\/www.schaaf-gmbh.com\/fr\/impressum\/#breadcrumb"},"inLanguage":"fr-FR","potentialAction":[{"@type":"ReadAction","target":["https:\/\/www.schaaf-gmbh.com\/fr\/impressum\/"]}]},{"@type":"ImageObject","inLanguage":"fr-FR","@id":"https:\/\/www.schaaf-gmbh.com\/fr\/impressum\/#primaryimage","url":"https:\/\/www.schaaf-gmbh.com\/wp-content\/uploads\/pdf_icon.gif","contentUrl":"https:\/\/www.schaaf-gmbh.com\/wp-content\/uploads\/pdf_icon.gif"},{"@type":"BreadcrumbList","@id":"https:\/\/www.schaaf-gmbh.com\/fr\/impressum\/#breadcrumb","itemListElement":[{"@type":"ListItem","position":1,"name":"Startseite","item":"https:\/\/www.schaaf-gmbh.com\/fr\/"},{"@type":"ListItem","position":2,"name":"Impression"}]},{"@type":"WebSite","@id":"https:\/\/www.schaaf-gmbh.com\/fr\/#website","url":"https:\/\/www.schaaf-gmbh.com\/fr\/","name":"SCHAAF - Leading joining technology","description":"Leading joining technology","publisher":{"@id":"https:\/\/www.schaaf-gmbh.com\/fr\/#organization"},"potentialAction":[{"@type":"SearchAction","target":{"@type":"EntryPoint","urlTemplate":"https:\/\/www.schaaf-gmbh.com\/fr\/?s={search_term_string}"},"query-input":{"@type":"PropertyValueSpecification","valueRequired":true,"valueName":"search_term_string"}}],"inLanguage":"fr-FR"},{"@type":"Organization","@id":"https:\/\/www.schaaf-gmbh.com\/fr\/#organization","name":"Schaaf GmbH & Co. KG","alternateName":"SCHAAF GmbH & Co. KG","url":"https:\/\/www.schaaf-gmbh.com\/fr\/","logo":{"@type":"ImageObject","inLanguage":"fr-FR","@id":"https:\/\/www.schaaf-gmbh.com\/fr\/#\/schema\/logo\/image\/","url":"https:\/\/www.schaaf-gmbh.com\/wp-content\/uploads\/grundaufbau\/apple_176x176.png","contentUrl":"https:\/\/www.schaaf-gmbh.com\/wp-content\/uploads\/grundaufbau\/apple_176x176.png","width":176,"height":176,"caption":"Schaaf GmbH & Co. KG"},"image":{"@id":"https:\/\/www.schaaf-gmbh.com\/fr\/#\/schema\/logo\/image\/"},"sameAs":["https:\/\/www.facebook.com\/Schaaf.gmbh.de\/","https:\/\/www.instagram.com\/schaaf.gmbh\/","https:\/\/de.linkedin.com\/company\/schaaf-gmbh-com","https:\/\/www.youtube.com\/channel\/UCJfkln8LVDeGgV-V8yzePBQ"]}]}},"_links":{"self":[{"href":"https:\/\/www.schaaf-gmbh.com\/fr\/wp-json\/wp\/v2\/pages\/28078","targetHints":{"allow":["GET"]}}],"collection":[{"href":"https:\/\/www.schaaf-gmbh.com\/fr\/wp-json\/wp\/v2\/pages"}],"about":[{"href":"https:\/\/www.schaaf-gmbh.com\/fr\/wp-json\/wp\/v2\/types\/page"}],"author":[{"embeddable":true,"href":"https:\/\/www.schaaf-gmbh.com\/fr\/wp-json\/wp\/v2\/users\/1"}],"replies":[{"embeddable":true,"href":"https:\/\/www.schaaf-gmbh.com\/fr\/wp-json\/wp\/v2\/comments?post=28078"}],"version-history":[{"count":8,"href":"https:\/\/www.schaaf-gmbh.com\/fr\/wp-json\/wp\/v2\/pages\/28078\/revisions"}],"predecessor-version":[{"id":62323,"href":"https:\/\/www.schaaf-gmbh.com\/fr\/wp-json\/wp\/v2\/pages\/28078\/revisions\/62323"}],"wp:attachment":[{"href":"https:\/\/www.schaaf-gmbh.com\/fr\/wp-json\/wp\/v2\/media?parent=28078"}],"curies":[{"name":"wp","href":"https:\/\/api.w.org\/{rel}","templated":true}]}}