{"id":34751,"date":"2021-07-30T11:59:33","date_gmt":"2021-07-30T11:59:33","guid":{"rendered":"https:\/\/www.schaaf-gmbh.com\/genie-civil"},"modified":"2024-11-20T11:04:28","modified_gmt":"2024-11-20T11:04:28","slug":"hochbau-und-tiefbau","status":"publish","type":"page","link":"https:\/\/www.schaaf-gmbh.com\/fr\/apercu-de-solution-par-branche-dactivite\/hochbau-und-tiefbau\/","title":{"rendered":"G\u00e9nie civil"},"content":{"rendered":"\t\t<div data-elementor-type=\"wp-page\" data-elementor-id=\"34751\" class=\"elementor elementor-34751 elementor-15134\" data-elementor-post-type=\"page\">\n\t\t\t\t\t\t<section class=\"elementor-section elementor-top-section elementor-element elementor-element-d89ba8b elementor-section-boxed elementor-section-height-default elementor-section-height-default\" data-id=\"d89ba8b\" data-element_type=\"section\" data-e-type=\"section\">\r\n\t\t\r\n\t\t\t\t\t\t\t<div class=\"elementor-container elementor-column-gap-default\">\r\n\t\t\t\t\t\t\t\t\t\t\t<div class=\"elementor-column elementor-col-100 elementor-top-column elementor-element elementor-element-8b91d24\" data-id=\"8b91d24\" data-element_type=\"column\" data-e-type=\"column\">\r\n\t\t\t\t\t<div class=\"elementor-widget-wrap elementor-element-populated\">\r\n\t\t\t\t\t\t\t\t<div class=\"elementor-element elementor-element-cda53f3 elementor-widget elementor-widget-heading\" data-id=\"cda53f3\" data-element_type=\"widget\" data-e-type=\"widget\" data-widget_type=\"heading.default\">\n\t\t\t\t<div class=\"elementor-widget-container\">\n\t\t\t\t\t<h1 class=\"elementor-heading-title elementor-size-default\">Technologie d'assemblage pour le b\u00e2timent et les travaux publics<\/h1>\t\t\t\t<\/div>\n\t\t\t\t<\/div>\n\t\t\t\t\t<\/div>\r\n\t\t\t\t<\/div>\r\n\t\t\t\t\t<\/div>\r\n\t\t\t\t<\/section>\r\n\t\t\t\t<section class=\"elementor-section elementor-top-section elementor-element elementor-element-cd33957 elementor-section-boxed elementor-section-height-default elementor-section-height-default\" data-id=\"cd33957\" data-element_type=\"section\" data-e-type=\"section\">\r\n\t\t\r\n\t\t\t\t\t\t\t<div class=\"elementor-container elementor-column-gap-default\">\r\n\t\t\t\t\t\t\t\t\t\t\t<div class=\"elementor-column elementor-col-100 elementor-top-column elementor-element elementor-element-f2376ca\" data-id=\"f2376ca\" data-element_type=\"column\" data-e-type=\"column\">\r\n\t\t\t\t\t<div class=\"elementor-widget-wrap elementor-element-populated\">\r\n\t\t\t\t\t\t\t\t\t<\/div>\r\n\t\t\t\t<\/div>\r\n\t\t\t\t\t<\/div>\r\n\t\t\t\t<\/section>\r\n\t\t\t\t<section class=\"elementor-section elementor-top-section elementor-element elementor-element-31be48b elementor-section-full_width elementor-section-stretched elementor-section-height-default elementor-section-height-default\" data-id=\"31be48b\" data-element_type=\"section\" data-e-type=\"section\" data-settings=\"{&quot;stretch_section&quot;:&quot;section-stretched&quot;}\">\r\n\t\t\r\n\t\t\t\t\t\t\t<div class=\"elementor-container elementor-column-gap-default\">\r\n\t\t\t\t\t\t\t\t\t\t\t<div class=\"elementor-column elementor-col-100 elementor-top-column elementor-element elementor-element-403ca0b\" data-id=\"403ca0b\" data-element_type=\"column\" data-e-type=\"column\">\r\n\t\t\t\t\t<div class=\"elementor-widget-wrap elementor-element-populated\">\r\n\t\t\t\t\t\t\t\t<div class=\"elementor-element elementor-element-b56e438 elementor--h-position-center elementor--v-position-middle elementor-arrows-position-inside elementor-pagination-position-inside elementor-widget elementor-widget-slides\" data-id=\"b56e438\" data-element_type=\"widget\" data-e-type=\"widget\" data-settings=\"{&quot;transition&quot;:&quot;fade&quot;,&quot;navigation&quot;:&quot;both&quot;,&quot;autoplay&quot;:&quot;yes&quot;,&quot;pause_on_hover&quot;:&quot;yes&quot;,&quot;pause_on_interaction&quot;:&quot;yes&quot;,&quot;autoplay_speed&quot;:5000,&quot;infinite&quot;:&quot;yes&quot;,&quot;transition_speed&quot;:500}\" data-widget_type=\"slides.default\">\n\t\t\t\t<div class=\"elementor-widget-container\">\n\t\t\t\t\t\t\t\t\t<div class=\"elementor-swiper\">\n\t\t\t\t\t<div class=\"elementor-slides-wrapper elementor-main-swiper swiper\" role=\"region\" aria-roledescription=\"carousel\" aria-label=\"Diapositives\" dir=\"ltr\" data-animation=\"\">\n\t\t\t\t<div class=\"swiper-wrapper elementor-slides\">\n\t\t\t\t\t\t\t\t\t\t<div class=\"elementor-repeater-item-9f59eb5 swiper-slide\" role=\"group\" aria-roledescription=\"slide\"><div class=\"swiper-slide-bg\"><\/div><div class=\"swiper-slide-inner\" ><div class=\"swiper-slide-contents\"><div class=\"elementor-slide-description\"><p><!-- Shortcode [fundament_tiefbau] does not exist --><\/p>\n<\/div><\/div><\/div><\/div>\t\t\t\t<\/div>\n\t\t\t\t\t\t\t<\/div>\n\t\t\t\t<\/div>\n\t\t\t\t\t\t\t\t<\/div>\n\t\t\t\t<\/div>\n\t\t\t\t\t<\/div>\r\n\t\t\t\t<\/div>\r\n\t\t\t\t\t<\/div>\r\n\t\t\t\t<\/section>\r\n\t\t\t\t<section class=\"elementor-section elementor-top-section elementor-element elementor-element-333a95a elementor-section-full_width elementor-section-height-default elementor-section-height-default\" data-id=\"333a95a\" data-element_type=\"section\" data-e-type=\"section\">\r\n\t\t\r\n\t\t\t\t\t\t\t<div class=\"elementor-container elementor-column-gap-default\">\r\n\t\t\t\t\t\t\t\t\t\t\t<div class=\"elementor-column elementor-col-100 elementor-top-column elementor-element elementor-element-f6153ad\" data-id=\"f6153ad\" data-element_type=\"column\" data-e-type=\"column\">\r\n\t\t\t\t\t<div class=\"elementor-widget-wrap elementor-element-populated\">\r\n\t\t\t\t\t\t\t\t<div class=\"elementor-element elementor-element-9939114 elementor-widget elementor-widget-text-editor\" data-id=\"9939114\" data-element_type=\"widget\" data-e-type=\"widget\" data-widget_type=\"text-editor.default\">\n\t\t\t\t<div class=\"elementor-widget-container\">\n\t\t\t\t\t\t\t\t\t<p>SCHAAF propose des produits sp\u00e9cifiquement con\u00e7us avec une technologie hydraulique haute pression allant jusqu&rsquo;\u00e0 4 000 bars, destin\u00e9s \u00e0 divers domaines d&rsquo;application dans le b\u00e2timent et le g\u00e9nie civil. Nos solutions syst\u00e8me respectent toutes les normes des soci\u00e9t\u00e9s de classification, garantissant ainsi une s\u00e9curit\u00e9 de fonctionnement optimale et une rentabilit\u00e9 d&rsquo;exploitation maximale.<\/p>\n<p>Nous offrons \u00e9galement <strong>des accessoires de haute qualit\u00e9, tels que des pompes haute pression, des tuyaux hydrauliques, des raccords et des solutions de documentation de montage<\/strong>. Tous ces \u00e9l\u00e9ments sont parfaitement adapt\u00e9s aux fonctions requises, constituant ainsi une solution syst\u00e8me compl\u00e8te \u00e0 100 %.<\/p>\n<p>Pour toute demande ou question, n&rsquo;h\u00e9sitez pas \u00e0 nous contacter.<\/p>\n\t\t\t\t\t\t\t\t<\/div>\n\t\t\t\t<\/div>\n\t\t\t\t\t<\/div>\r\n\t\t\t\t<\/div>\r\n\t\t\t\t\t<\/div>\r\n\t\t\t\t<\/section>\r\n\t\t\t\t<section class=\"elementor-section elementor-top-section elementor-element elementor-element-776523b elementor-section-boxed elementor-section-height-default elementor-section-height-default\" data-id=\"776523b\" data-element_type=\"section\" data-e-type=\"section\">\r\n\t\t\r\n\t\t\t\t\t\t\t<div class=\"elementor-container elementor-column-gap-default\">\r\n\t\t\t\t\t\t\t\t\t\t\t<div class=\"elementor-column elementor-col-100 elementor-top-column elementor-element elementor-element-318e9c5\" data-id=\"318e9c5\" data-element_type=\"column\" data-e-type=\"column\">\r\n\t\t\t\t\t<div class=\"elementor-widget-wrap elementor-element-populated\">\r\n\t\t\t\t\t\t\t\t<div class=\"elementor-element elementor-element-abc523d elementor-widget elementor-widget-template\" data-id=\"abc523d\" data-element_type=\"widget\" data-e-type=\"widget\" data-widget_type=\"template.default\">\n\t\t\t\t<div class=\"elementor-widget-container\">\n\t\t\t\t\t\t\t<div class=\"elementor-template\">\n\t\t\t\t\t<div data-elementor-type=\"section\" data-elementor-id=\"24468\" class=\"elementor elementor-24468 elementor-16790 elementor-16790\" data-elementor-post-type=\"elementor_library\">\n\t\t\t\t\t<section class=\"elementor-section elementor-top-section elementor-element elementor-element-736ae37a elementor-section-boxed elementor-section-height-default elementor-section-height-default\" data-id=\"736ae37a\" data-element_type=\"section\" data-e-type=\"section\">\r\n\t\t\r\n\t\t\t\t\t\t\t<div class=\"elementor-container elementor-column-gap-default\">\r\n\t\t\t\t\t\t\t\t\t\t\t<div class=\"elementor-column elementor-col-33 elementor-top-column elementor-element elementor-element-4afd4609 elementor-invisible\" data-id=\"4afd4609\" data-element_type=\"column\" data-e-type=\"column\" data-settings=\"{&quot;background_background&quot;:&quot;classic&quot;,&quot;animation&quot;:&quot;fadeIn&quot;}\">\r\n\t\t\t\t\t<div class=\"elementor-widget-wrap elementor-element-populated\">\r\n\t\t\t\t\t\t\t\t<div class=\"elementor-element elementor-element-458b15e7 elementor-widget elementor-widget-image\" data-id=\"458b15e7\" data-element_type=\"widget\" data-e-type=\"widget\" data-widget_type=\"image.default\">\n\t\t\t\t<div class=\"elementor-widget-container\">\n\t\t\t\t\t\t\t\t\t\t\t\t\t\t\t\t<a href=\"https:\/\/www.schaaf-gmbh.com\/fr\/unternehmen\/news\/\">\n\t\t\t\t\t\t\t<img decoding=\"async\" src=\"data:image\/gif;base64,R0lGODlhAQABAAAAACH5BAEKAAEALAAAAAABAAEAAAICTAEAOw==\" title=\"aktuelles_schreinerei\" alt=\"Collage Schreinerei\" class=\"elementor-animation-float lazyload\" loading=\"lazy\" data-src=\"https:\/\/www.schaaf-gmbh.com\/wp-content\/uploads\/aktuelles\/aktuelles_schreinerei.jpg\">\t\t\t\t\t\t\t\t<\/a>\n\t\t\t\t\t\t\t\t\t\t\t\t\t\t\t<\/div>\n\t\t\t\t<\/div>\n\t\t\t\t<div class=\"elementor-element elementor-element-75237d02 elementor-widget elementor-widget-heading\" data-id=\"75237d02\" data-element_type=\"widget\" data-e-type=\"widget\" data-widget_type=\"heading.default\">\n\t\t\t\t<div class=\"elementor-widget-container\">\n\t\t\t\t\t<h3 class=\"elementor-heading-title elementor-size-default\"><a href=\"https:\/\/www.schaaf-gmbh.com\/fr\/unternehmen\/news\/\">Actualit\u00e9s<\/a><\/h3>\t\t\t\t<\/div>\n\t\t\t\t<\/div>\n\t\t\t\t\t<\/div>\r\n\t\t\t\t<\/div>\r\n\t\t\t\t<div class=\"elementor-column elementor-col-33 elementor-top-column elementor-element elementor-element-47c7088d elementor-invisible\" data-id=\"47c7088d\" data-element_type=\"column\" data-e-type=\"column\" data-settings=\"{&quot;background_background&quot;:&quot;classic&quot;,&quot;animation&quot;:&quot;fadeIn&quot;}\">\r\n\t\t\t\t\t<div class=\"elementor-widget-wrap elementor-element-populated\">\r\n\t\t\t\t\t\t\t\t<div class=\"elementor-element elementor-element-1da9bba3 elementor-widget elementor-widget-image\" data-id=\"1da9bba3\" data-element_type=\"widget\" data-e-type=\"widget\" data-widget_type=\"image.default\">\n\t\t\t\t<div class=\"elementor-widget-container\">\n\t\t\t\t\t\t\t\t\t\t\t\t\t\t\t\t<a href=\"https:\/\/www.schaaf-gmbh.com\/fr\/contacts\/apercu-les-personnes-a-contacter\/\">\n\t\t\t\t\t\t\t<img decoding=\"async\" src=\"data:image\/gif;base64,R0lGODlhAQABAAAAACH5BAEKAAEALAAAAAABAAEAAAICTAEAOw==\" title=\"\" alt=\"\" class=\"elementor-animation-float lazyload\" loading=\"lazy\" data-src=\"https:\/\/www.schaaf-gmbh.com\/wp-content\/uploads\/grundaufbau\/schaaf_ansprechpartner_mitarbeiter.jpg\">\t\t\t\t\t\t\t\t<\/a>\n\t\t\t\t\t\t\t\t\t\t\t\t\t\t\t<\/div>\n\t\t\t\t<\/div>\n\t\t\t\t<div class=\"elementor-element elementor-element-3fbeb8cc elementor-widget elementor-widget-heading\" data-id=\"3fbeb8cc\" data-element_type=\"widget\" data-e-type=\"widget\" data-widget_type=\"heading.default\">\n\t\t\t\t<div class=\"elementor-widget-container\">\n\t\t\t\t\t<h3 class=\"elementor-heading-title elementor-size-default\"><a href=\"https:\/\/www.schaaf-gmbh.com\/fr\/contacts\/apercu-les-personnes-a-contacter\/\">Personnes \u00e0 contacter<\/a><\/h3>\t\t\t\t<\/div>\n\t\t\t\t<\/div>\n\t\t\t\t\t<\/div>\r\n\t\t\t\t<\/div>\r\n\t\t\t\t<div class=\"elementor-column elementor-col-33 elementor-top-column elementor-element elementor-element-461bbe87 elementor-invisible\" data-id=\"461bbe87\" data-element_type=\"column\" data-e-type=\"column\" data-settings=\"{&quot;background_background&quot;:&quot;classic&quot;,&quot;animation&quot;:&quot;fadeIn&quot;}\">\r\n\t\t\t\t\t<div class=\"elementor-widget-wrap elementor-element-populated\">\r\n\t\t\t\t\t\t\t\t<div class=\"elementor-element elementor-element-48e68955 elementor-widget elementor-widget-image\" data-id=\"48e68955\" data-element_type=\"widget\" data-e-type=\"widget\" data-widget_type=\"image.default\">\n\t\t\t\t<div class=\"elementor-widget-container\">\n\t\t\t\t\t\t\t\t\t\t\t\t\t\t\t\t<a href=\"https:\/\/www.schaaf-gmbh.com\/fr\/unternehmen\/\">\n\t\t\t\t\t\t\t<img decoding=\"async\" src=\"data:image\/gif;base64,R0lGODlhAQABAAAAACH5BAEKAAEALAAAAAABAAEAAAICTAEAOw==\" title=\"unternehmen_gebaeude\" alt=\"Schaaf Erkelenz Firmengeb\u00e4ude\" class=\"elementor-animation-float lazyload\" loading=\"lazy\" data-src=\"https:\/\/www.schaaf-gmbh.com\/wp-content\/uploads\/schaaf_deutschland_werk1.jpg\">\t\t\t\t\t\t\t\t<\/a>\n\t\t\t\t\t\t\t\t\t\t\t\t\t\t\t<\/div>\n\t\t\t\t<\/div>\n\t\t\t\t<div class=\"elementor-element elementor-element-cbcd266 elementor-widget elementor-widget-heading\" data-id=\"cbcd266\" data-element_type=\"widget\" data-e-type=\"widget\" data-widget_type=\"heading.default\">\n\t\t\t\t<div class=\"elementor-widget-container\">\n\t\t\t\t\t<h3 class=\"elementor-heading-title elementor-size-default\"><a href=\"https:\/\/www.schaaf-gmbh.com\/fr\/unternehmen\/\">La soci\u00e9t\u00e9<\/a><\/h3>\t\t\t\t<\/div>\n\t\t\t\t<\/div>\n\t\t\t\t\t<\/div>\r\n\t\t\t\t<\/div>\r\n\t\t\t\t\t<\/div>\r\n\t\t\t\t<\/section>\r\n\t\t\t\t<\/div>\n\t\t\t\t<\/div>\n\t\t\t\t\t\t<\/div>\n\t\t\t\t<\/div>\n\t\t\t\t\t<\/div>\r\n\t\t\t\t<\/div>\r\n\t\t\t\t\t<\/div>\r\n\t\t\t\t<\/section>\r\n\t\t\t\t<\/div>\n\t\t","protected":false},"excerpt":{"rendered":"<p>Technologie d&rsquo;assemblage pour le b\u00e2timent et les travaux publics SCHAAF propose des produits sp\u00e9cifiquement con\u00e7us avec une technologie hydraulique haute pression allant jusqu&rsquo;\u00e0 4 000 bars, destin\u00e9s \u00e0 divers domaines d&rsquo;application dans le b\u00e2timent et le g\u00e9nie civil. Nos solutions syst\u00e8me respectent toutes les normes des soci\u00e9t\u00e9s de classification, garantissant ainsi une s\u00e9curit\u00e9 de fonctionnement [&hellip;]<\/p>\n","protected":false},"author":1,"featured_media":0,"parent":34037,"menu_order":0,"comment_status":"closed","ping_status":"closed","template":"","meta":{"footnotes":""},"class_list":["post-34751","page","type-page","status-publish","hentry"],"yoast_head":"<!-- This site is optimized with the Yoast SEO Premium plugin v26.6 (Yoast SEO v27.3) - https:\/\/yoast.com\/product\/yoast-seo-premium-wordpress\/ -->\n<title>G\u00e9nie civil - SCHAAF - Leading joining technology<\/title>\n<meta name=\"description\" content=\"Produits avec technologie hydraulique haute pression jusqu&#039;\u00e0 4 000 bars pour les applications dans le g\u00e9nie civil et le g\u00e9nie civil.\" \/>\n<meta name=\"robots\" content=\"index, follow, max-snippet:-1, max-image-preview:large, max-video-preview:-1\" \/>\n<link rel=\"canonical\" href=\"https:\/\/www.schaaf-gmbh.com\/fr\/apercu-de-solution-par-branche-dactivite\/hochbau-und-tiefbau\/\" \/>\n<meta property=\"og:locale\" content=\"fr_FR\" \/>\n<meta property=\"og:type\" content=\"article\" \/>\n<meta property=\"og:title\" content=\"G\u00e9nie civil\" \/>\n<meta property=\"og:description\" content=\"Produits avec technologie hydraulique haute pression jusqu&#039;\u00e0 4 000 bars pour les applications dans le g\u00e9nie civil et le g\u00e9nie civil.\" \/>\n<meta property=\"og:url\" content=\"https:\/\/www.schaaf-gmbh.com\/fr\/apercu-de-solution-par-branche-dactivite\/hochbau-und-tiefbau\/\" \/>\n<meta property=\"og:site_name\" content=\"SCHAAF - Leading joining technology\" \/>\n<meta property=\"article:publisher\" content=\"https:\/\/www.facebook.com\/Schaaf.gmbh.de\/\" \/>\n<meta property=\"article:modified_time\" content=\"2024-11-20T11:04:28+00:00\" \/>\n<meta name=\"twitter:card\" content=\"summary_large_image\" \/>\n<meta name=\"twitter:label1\" content=\"Dur\u00e9e de lecture estim\u00e9e\" \/>\n\t<meta name=\"twitter:data1\" content=\"1 minute\" \/>\n<script type=\"application\/ld+json\" class=\"yoast-schema-graph\">{\"@context\":\"https:\\\/\\\/schema.org\",\"@graph\":[{\"@type\":\"WebPage\",\"@id\":\"https:\\\/\\\/www.schaaf-gmbh.com\\\/fr\\\/apercu-de-solution-par-branche-dactivite\\\/hochbau-und-tiefbau\\\/\",\"url\":\"https:\\\/\\\/www.schaaf-gmbh.com\\\/fr\\\/apercu-de-solution-par-branche-dactivite\\\/hochbau-und-tiefbau\\\/\",\"name\":\"G\u00e9nie civil - SCHAAF - Leading joining technology\",\"isPartOf\":{\"@id\":\"https:\\\/\\\/www.schaaf-gmbh.com\\\/fr\\\/#website\"},\"datePublished\":\"2021-07-30T11:59:33+00:00\",\"dateModified\":\"2024-11-20T11:04:28+00:00\",\"description\":\"Produits avec technologie hydraulique haute pression jusqu'\u00e0 4 000 bars pour les applications dans le g\u00e9nie civil et le g\u00e9nie civil.\",\"breadcrumb\":{\"@id\":\"https:\\\/\\\/www.schaaf-gmbh.com\\\/fr\\\/apercu-de-solution-par-branche-dactivite\\\/hochbau-und-tiefbau\\\/#breadcrumb\"},\"inLanguage\":\"fr-FR\",\"potentialAction\":[{\"@type\":\"ReadAction\",\"target\":[\"https:\\\/\\\/www.schaaf-gmbh.com\\\/fr\\\/apercu-de-solution-par-branche-dactivite\\\/hochbau-und-tiefbau\\\/\"]}]},{\"@type\":\"BreadcrumbList\",\"@id\":\"https:\\\/\\\/www.schaaf-gmbh.com\\\/fr\\\/apercu-de-solution-par-branche-dactivite\\\/hochbau-und-tiefbau\\\/#breadcrumb\",\"itemListElement\":[{\"@type\":\"ListItem\",\"position\":1,\"name\":\"Startseite\",\"item\":\"https:\\\/\\\/www.schaaf-gmbh.com\\\/fr\\\/\"},{\"@type\":\"ListItem\",\"position\":2,\"name\":\"Aper\u00e7u de solution par branche d&#8217;activit\u00e9\",\"item\":\"https:\\\/\\\/www.schaaf-gmbh.com\\\/fr\\\/apercu-de-solution-par-branche-dactivite\\\/\"},{\"@type\":\"ListItem\",\"position\":3,\"name\":\"G\u00e9nie civil\"}]},{\"@type\":\"WebSite\",\"@id\":\"https:\\\/\\\/www.schaaf-gmbh.com\\\/fr\\\/#website\",\"url\":\"https:\\\/\\\/www.schaaf-gmbh.com\\\/fr\\\/\",\"name\":\"SCHAAF - Leading joining technology\",\"description\":\"Leading joining technology\",\"publisher\":{\"@id\":\"https:\\\/\\\/www.schaaf-gmbh.com\\\/fr\\\/#organization\"},\"potentialAction\":[{\"@type\":\"SearchAction\",\"target\":{\"@type\":\"EntryPoint\",\"urlTemplate\":\"https:\\\/\\\/www.schaaf-gmbh.com\\\/fr\\\/?s={search_term_string}\"},\"query-input\":{\"@type\":\"PropertyValueSpecification\",\"valueRequired\":true,\"valueName\":\"search_term_string\"}}],\"inLanguage\":\"fr-FR\"},{\"@type\":\"Organization\",\"@id\":\"https:\\\/\\\/www.schaaf-gmbh.com\\\/fr\\\/#organization\",\"name\":\"Schaaf GmbH & Co. KG\",\"alternateName\":\"SCHAAF GmbH & Co. KG\",\"url\":\"https:\\\/\\\/www.schaaf-gmbh.com\\\/fr\\\/\",\"logo\":{\"@type\":\"ImageObject\",\"inLanguage\":\"fr-FR\",\"@id\":\"https:\\\/\\\/www.schaaf-gmbh.com\\\/fr\\\/#\\\/schema\\\/logo\\\/image\\\/\",\"url\":\"https:\\\/\\\/www.schaaf-gmbh.com\\\/wp-content\\\/uploads\\\/grundaufbau\\\/apple_176x176.png\",\"contentUrl\":\"https:\\\/\\\/www.schaaf-gmbh.com\\\/wp-content\\\/uploads\\\/grundaufbau\\\/apple_176x176.png\",\"width\":176,\"height\":176,\"caption\":\"Schaaf GmbH & Co. KG\"},\"image\":{\"@id\":\"https:\\\/\\\/www.schaaf-gmbh.com\\\/fr\\\/#\\\/schema\\\/logo\\\/image\\\/\"},\"sameAs\":[\"https:\\\/\\\/www.facebook.com\\\/Schaaf.gmbh.de\\\/\",\"https:\\\/\\\/www.instagram.com\\\/schaaf.gmbh\\\/\",\"https:\\\/\\\/de.linkedin.com\\\/company\\\/schaaf-gmbh-com\",\"https:\\\/\\\/www.youtube.com\\\/channel\\\/UCJfkln8LVDeGgV-V8yzePBQ\"]}]}<\/script>\n<!-- \/ Yoast SEO Premium plugin. -->","yoast_head_json":{"title":"G\u00e9nie civil - SCHAAF - Leading joining technology","description":"Produits avec technologie hydraulique haute pression jusqu'\u00e0 4 000 bars pour les applications dans le g\u00e9nie civil et le g\u00e9nie civil.","robots":{"index":"index","follow":"follow","max-snippet":"max-snippet:-1","max-image-preview":"max-image-preview:large","max-video-preview":"max-video-preview:-1"},"canonical":"https:\/\/www.schaaf-gmbh.com\/fr\/apercu-de-solution-par-branche-dactivite\/hochbau-und-tiefbau\/","og_locale":"fr_FR","og_type":"article","og_title":"G\u00e9nie civil","og_description":"Produits avec technologie hydraulique haute pression jusqu'\u00e0 4 000 bars pour les applications dans le g\u00e9nie civil et le g\u00e9nie civil.","og_url":"https:\/\/www.schaaf-gmbh.com\/fr\/apercu-de-solution-par-branche-dactivite\/hochbau-und-tiefbau\/","og_site_name":"SCHAAF - Leading joining technology","article_publisher":"https:\/\/www.facebook.com\/Schaaf.gmbh.de\/","article_modified_time":"2024-11-20T11:04:28+00:00","twitter_card":"summary_large_image","twitter_misc":{"Dur\u00e9e de lecture estim\u00e9e":"1 minute"},"schema":{"@context":"https:\/\/schema.org","@graph":[{"@type":"WebPage","@id":"https:\/\/www.schaaf-gmbh.com\/fr\/apercu-de-solution-par-branche-dactivite\/hochbau-und-tiefbau\/","url":"https:\/\/www.schaaf-gmbh.com\/fr\/apercu-de-solution-par-branche-dactivite\/hochbau-und-tiefbau\/","name":"G\u00e9nie civil - SCHAAF - Leading joining technology","isPartOf":{"@id":"https:\/\/www.schaaf-gmbh.com\/fr\/#website"},"datePublished":"2021-07-30T11:59:33+00:00","dateModified":"2024-11-20T11:04:28+00:00","description":"Produits avec technologie hydraulique haute pression jusqu'\u00e0 4 000 bars pour les applications dans le g\u00e9nie civil et le g\u00e9nie civil.","breadcrumb":{"@id":"https:\/\/www.schaaf-gmbh.com\/fr\/apercu-de-solution-par-branche-dactivite\/hochbau-und-tiefbau\/#breadcrumb"},"inLanguage":"fr-FR","potentialAction":[{"@type":"ReadAction","target":["https:\/\/www.schaaf-gmbh.com\/fr\/apercu-de-solution-par-branche-dactivite\/hochbau-und-tiefbau\/"]}]},{"@type":"BreadcrumbList","@id":"https:\/\/www.schaaf-gmbh.com\/fr\/apercu-de-solution-par-branche-dactivite\/hochbau-und-tiefbau\/#breadcrumb","itemListElement":[{"@type":"ListItem","position":1,"name":"Startseite","item":"https:\/\/www.schaaf-gmbh.com\/fr\/"},{"@type":"ListItem","position":2,"name":"Aper\u00e7u de solution par branche d&#8217;activit\u00e9","item":"https:\/\/www.schaaf-gmbh.com\/fr\/apercu-de-solution-par-branche-dactivite\/"},{"@type":"ListItem","position":3,"name":"G\u00e9nie civil"}]},{"@type":"WebSite","@id":"https:\/\/www.schaaf-gmbh.com\/fr\/#website","url":"https:\/\/www.schaaf-gmbh.com\/fr\/","name":"SCHAAF - Leading joining technology","description":"Leading joining technology","publisher":{"@id":"https:\/\/www.schaaf-gmbh.com\/fr\/#organization"},"potentialAction":[{"@type":"SearchAction","target":{"@type":"EntryPoint","urlTemplate":"https:\/\/www.schaaf-gmbh.com\/fr\/?s={search_term_string}"},"query-input":{"@type":"PropertyValueSpecification","valueRequired":true,"valueName":"search_term_string"}}],"inLanguage":"fr-FR"},{"@type":"Organization","@id":"https:\/\/www.schaaf-gmbh.com\/fr\/#organization","name":"Schaaf GmbH & Co. KG","alternateName":"SCHAAF GmbH & Co. KG","url":"https:\/\/www.schaaf-gmbh.com\/fr\/","logo":{"@type":"ImageObject","inLanguage":"fr-FR","@id":"https:\/\/www.schaaf-gmbh.com\/fr\/#\/schema\/logo\/image\/","url":"https:\/\/www.schaaf-gmbh.com\/wp-content\/uploads\/grundaufbau\/apple_176x176.png","contentUrl":"https:\/\/www.schaaf-gmbh.com\/wp-content\/uploads\/grundaufbau\/apple_176x176.png","width":176,"height":176,"caption":"Schaaf GmbH & Co. KG"},"image":{"@id":"https:\/\/www.schaaf-gmbh.com\/fr\/#\/schema\/logo\/image\/"},"sameAs":["https:\/\/www.facebook.com\/Schaaf.gmbh.de\/","https:\/\/www.instagram.com\/schaaf.gmbh\/","https:\/\/de.linkedin.com\/company\/schaaf-gmbh-com","https:\/\/www.youtube.com\/channel\/UCJfkln8LVDeGgV-V8yzePBQ"]}]}},"_links":{"self":[{"href":"https:\/\/www.schaaf-gmbh.com\/fr\/wp-json\/wp\/v2\/pages\/34751","targetHints":{"allow":["GET"]}}],"collection":[{"href":"https:\/\/www.schaaf-gmbh.com\/fr\/wp-json\/wp\/v2\/pages"}],"about":[{"href":"https:\/\/www.schaaf-gmbh.com\/fr\/wp-json\/wp\/v2\/types\/page"}],"author":[{"embeddable":true,"href":"https:\/\/www.schaaf-gmbh.com\/fr\/wp-json\/wp\/v2\/users\/1"}],"replies":[{"embeddable":true,"href":"https:\/\/www.schaaf-gmbh.com\/fr\/wp-json\/wp\/v2\/comments?post=34751"}],"version-history":[{"count":2,"href":"https:\/\/www.schaaf-gmbh.com\/fr\/wp-json\/wp\/v2\/pages\/34751\/revisions"}],"predecessor-version":[{"id":61233,"href":"https:\/\/www.schaaf-gmbh.com\/fr\/wp-json\/wp\/v2\/pages\/34751\/revisions\/61233"}],"up":[{"embeddable":true,"href":"https:\/\/www.schaaf-gmbh.com\/fr\/wp-json\/wp\/v2\/pages\/34037"}],"wp:attachment":[{"href":"https:\/\/www.schaaf-gmbh.com\/fr\/wp-json\/wp\/v2\/media?parent=34751"}],"curies":[{"name":"wp","href":"https:\/\/api.w.org\/{rel}","templated":true}]}}